{"id":65,"date":"2025-08-22T22:49:07","date_gmt":"2025-08-22T20:49:07","guid":{"rendered":"https:\/\/1000seen.de\/unterkuenfte\/?page_id=65"},"modified":"2025-10-02T14:02:23","modified_gmt":"2025-10-02T12:02:23","slug":"guts-und-herrenhauser","status":"publish","type":"page","link":"https:\/\/1000seen.de\/unterkuenfte\/guts-und-herrenhauser\/","title":{"rendered":"Schl\u00f6sser, Guts- &amp; Herrenh\u00e4user"},"content":{"rendered":"\n<div class=\"gb-element-2918e18b\">\n<h1 class=\"gb-text gb-headline-h2 gb-text-d20619b8\">Urlaub im Schloss, Guts- &amp; Herrenhaus<\/h1>\n\n\n\n<div class=\"gb-element-8d4e7e4a intro-text\">\n<p class=\"gb-text\">Entdecken Sie die einzigartigen Gutsh\u00e4user und Herrenh\u00e4user der Mecklenburgischen Seenplatte. Hier verbinden sich historische Architektur, charmante Details und eine idyllische Lage mitten in der Natur. Ob romantischer Kurzurlaub, stilvolles Wochenende oder besondere Auszeit \u2013 in unseren sorgf\u00e4ltig ausgew\u00e4hlten Unterk\u00fcnften genie\u00dfen Sie Geschichte und Gastfreundschaft gleicherma\u00dfen.<\/p>\n<\/div>\n\n\n\n<div id=\"dsIbeContentHolder\">\n\n  <!-- Fallback f\u00fcr Nutzer ohne JavaScript -->\n  <noscript>\n    <div>\n      <h2>Schl\u00f6sser, Guts- &#038; Herrenh\u00e4user in der Mecklenburgischen Seenplatte online buchen!<\/h2>\n      <p>\n        Unser Buchungssystem ben\u00f6tigt JavaScript. Bitte aktivieren Sie JavaScript in Ihrem Browser,\n        um die Unterkunftssuche zu nutzen.\n      <\/p>\n      <p>\n        Alternativ k\u00f6nnen Sie uns gerne kontaktieren:\n      <\/p>\n      <p>\n        <strong>Tourismusverband Mecklenburgische Seenplatte e.\u202fV.<\/strong><br>\n        Turnplatz 2 \u00b7 17207 R\u00f6bel\/M\u00fcritz<br>\n        Tel: <a href=\"tel:+49399315380\">+49 39931 5380<\/a><br>\n        E-Mail: <a href=\"mailto:info@1000seen.de\">info@1000seen.de<\/a>\n      <\/p>\n    <\/div>\n  <\/noscript>\n\n  <!-- Lade das DS-Widget asynchron -->\n  <div id=\"dsIbeContentHolder\">\n   <script id=\"dsIbeScript\" type=\"module\" src=\"https:\/\/next.ibe.ds-srv.net\/_spa\/ibeng-apploader.js\" defer><\/script>\n        <div id=\"dsIbePlaceholder\" \n          data-interfaceid=\"mecklenburgische-seenplatte-ng\" \n          data-ibenghost=\"https:\/\/next.ibe.ds-srv.net\" \n          data-querymode=\"true\" \n          data-alwayssendinterfaceid=\"true\" \n          data-basepath=\"\/unterkuenfte\/guts-und-herrenhauser\/\"\n          data-disableregionselection=\"false\"\n          data-searchregion=\"\"\n          data-searchfilterstring=\"filter.BOOLEAN.PROPERTY_TYPES.cat_manor=true&#038;filter.BOOLEAN.PROPERTY_TYPES.cat_castle=true\"\n        >\n        <\/div>\n    <\/div>\n\n<\/div>\n\n\n\n<div class=\"gb-element-e2790728 intro-text\">\n<h2 class=\"gb-text gb-headline-h4\">Guts- und Herrenh\u00e4user in der Mecklenburgischen Seenplatte erleben<\/h2>\n\n\n\n<p class=\"gb-text\">Die Mecklenburgische Seenplatte ist nicht nur bekannt f\u00fcr ihre idyllische Natur und \u00fcber tausend Seen, sondern auch f\u00fcr eine gro\u00dfe Zahl an historischen Schl\u00f6ssern, Gutsh\u00e4usern und Herrenh\u00e4usern. Viele dieser beeindruckenden Bauwerke sind heute liebevoll restauriert und bieten G\u00e4sten ein ganz besonderes Urlaubserlebnis. Hier verbinden sich Geschichte, Kultur und Gastfreundschaft zu einem Aufenthalt, der unvergesslich bleibt.<\/p>\n\n\n\n<h2 class=\"gb-text gb-headline-h4\">Urlaub im Schloss oder Herrenhaus<\/h2>\n\n\n\n<p class=\"gb-text\">Wer schon immer davon getr\u00e4umt hat, in einem Schloss zu \u00fcbernachten, findet in der Seenplatte zahlreiche M\u00f6glichkeiten. Ob romantisches Herrenhaus am See, traditionsreicher Gutshof mit weitl\u00e4ufigem Park oder pr\u00e4chtiges Schloss mit gro\u00dfz\u00fcgigen Suiten \u2013 jede Unterkunft hat ihren eigenen Charakter. Viele H\u00e4user verf\u00fcgen \u00fcber Restaurants, Wellnessbereiche oder bieten stilvolle R\u00e4ume f\u00fcr Hochzeiten und Feiern.<\/p>\n\n\n\n<h2 class=\"gb-text gb-headline-h4\"><strong>Kultur &amp; Geschichte zum Anfassen<\/strong><\/h2>\n\n\n\n<p class=\"gb-text\">Die Gutsh\u00e4user und Herrenh\u00e4user erz\u00e4hlen spannende Geschichten: von alten Adelsgeschlechtern, landwirtschaftlicher Tradition und der kulturellen Entwicklung der Region. Bei einem Spaziergang durch die Parkanlagen oder einem Besuch der umliegenden D\u00f6rfer und St\u00e4dte erleben G\u00e4ste authentisches Flair und regionale Besonderheiten.<\/p>\n\n\n\n<h2 class=\"gb-text gb-headline-h4\">Ideal f\u00fcr Kurzurlaub &amp; Auszeit<\/h2>\n\n\n\n<p class=\"gb-text\">Ein Aufenthalt in einem Gutshaus oder Herrenhaus ist perfekt geeignet f\u00fcr:<\/p>\n\n\n\n<ul>\n<li class=\"gb-text\"><strong>Romantik-Urlaub zu zweit<\/strong><\/li>\n\n\n\n<li class=\"gb-text\"><strong>Hochzeits- und Event-Locations<\/strong><\/li>\n\n\n\n<li class=\"gb-text\"><strong>Wellness-Wochenenden<\/strong><\/li>\n\n\n\n<li class=\"gb-text\"><strong>Familienurlaub mit besonderem Flair<\/strong><\/li>\n\n\n\n<li class=\"gb-text\"><strong>Kultur- und Geschichtsinteressierte<\/strong><\/li>\n<\/ul>\n\n\n\n<p class=\"gb-text\"><br>Egal, ob direkt an der M\u00fcritz, am Plauer See oder in der Feldberger Seenlandschaft \u2013 \u00fcberall warten einzigartige Unterk\u00fcnfte mit Charme.<\/p>\n<\/div>\n<\/div>\n","protected":false},"excerpt":{"rendered":"<p>Entdecken Sie die einzigartigen Gutsh\u00e4user und Herrenh\u00e4user der Mecklenburgischen Seenplatte. Hier verbinden sich historische Architektur, charmante Details und eine idyllische Lage mitten in der Natur. <\/p>\n","protected":false},"author":1,"featured_media":0,"parent":0,"menu_order":0,"comment_status":"closed","ping_status":"closed","template":"","meta":{"slim_seo":{"title":"Guts- & Herrenh\u00e4user in der Mecklenburgischen Seenplatte | Schlossurlaub buchen","description":"Historische Gutsh\u00e4user, Herrenh\u00e4user und Schl\u00f6sser entlang von M\u00fcritz & Fleesensee \u2013 romantische Unterkunft, Wellness, Events. Direkt online buchen."},"footnotes":""},"categories":[5],"class_list":{"0":"post-65","1":"page","2":"type-page","3":"status-publish","5":"category-ds-themenseite"},"_links":{"self":[{"href":"https:\/\/1000seen.de\/unterkuenfte\/wp-json\/wp\/v2\/pages\/65","targetHints":{"allow":["GET"]}}],"collection":[{"href":"https:\/\/1000seen.de\/unterkuenfte\/wp-json\/wp\/v2\/pages"}],"about":[{"href":"https:\/\/1000seen.de\/unterkuenfte\/wp-json\/wp\/v2\/types\/page"}],"author":[{"embeddable":true,"href":"https:\/\/1000seen.de\/unterkuenfte\/wp-json\/wp\/v2\/users\/1"}],"replies":[{"embeddable":true,"href":"https:\/\/1000seen.de\/unterkuenfte\/wp-json\/wp\/v2\/comments?post=65"}],"version-history":[{"count":2,"href":"https:\/\/1000seen.de\/unterkuenfte\/wp-json\/wp\/v2\/pages\/65\/revisions"}],"predecessor-version":[{"id":1625,"href":"https:\/\/1000seen.de\/unterkuenfte\/wp-json\/wp\/v2\/pages\/65\/revisions\/1625"}],"wp:attachment":[{"href":"https:\/\/1000seen.de\/unterkuenfte\/wp-json\/wp\/v2\/media?parent=65"}],"wp:term":[{"taxonomy":"category","embeddable":true,"href":"https:\/\/1000seen.de\/unterkuenfte\/wp-json\/wp\/v2\/categories?post=65"}],"curies":[{"name":"wp","href":"https:\/\/api.w.org\/{rel}","templated":true}]}}