{"id":2,"date":"2025-08-22T17:27:00","date_gmt":"2025-08-22T15:27:00","guid":{"rendered":"https:\/\/1000seen.de\/buchungsportal\/?page_id=2"},"modified":"2025-09-08T22:56:39","modified_gmt":"2025-09-08T20:56:39","slug":"suche","status":"publish","type":"page","link":"https:\/\/1000seen.de\/unterkuenfte\/suche\/","title":{"rendered":"Unterk\u00fcnfte"},"content":{"rendered":"\n<div>\n<div id=\"dsIbeContentHolder\">\n\n  <!-- Fallback f\u00fcr Nutzer ohne JavaScript -->\n  <noscript>\n    <div>\n      <h2>Unterk\u00fcnfte in der Mecklenburgischen Seenplatte buchen<\/h2>\n      <p>\n        Unser Buchungssystem ben\u00f6tigt JavaScript. Bitte aktivieren Sie JavaScript in Ihrem Browser,\n        um die Unterkunftssuche zu nutzen.\n      <\/p>\n      <p>\n        Alternativ k\u00f6nnen Sie uns gerne kontaktieren:\n      <\/p>\n      <p>\n        <strong>Tourismusverband Mecklenburgische Seenplatte e.\u202fV.<\/strong><br>\n        Turnplatz 2 \u00b7 17207 R\u00f6bel\/M\u00fcritz<br>\n        Tel: <a href=\"tel:+49399315380\">+49 39931 5380<\/a><br>\n        E-Mail: <a href=\"mailto:info@1000seen.de\">info@1000seen.de<\/a>\n      <\/p>\n    <\/div>\n  <\/noscript>\n\n  <!-- Lade das DS-Widget asynchron -->\n  <div id=\"dsIbeContentHolder\">\n   <script id=\"dsIbeScript\" type=\"module\" src=\"https:\/\/next.ibe.ds-srv.net\/_spa\/ibeng-apploader.js\" defer><\/script>\n        <div id=\"dsIbePlaceholder\" \n          data-interfaceid=\"mecklenburgische-seenplatte-ng\" \n          data-ibenghost=\"https:\/\/next.ibe.ds-srv.net\" \n          data-querymode=\"true\" \n          data-alwayssendinterfaceid=\"true\" \n          data-basepath=\"\/unterkuenfte\/suche\/\"\n          data-disableregionselection=\"false\"\n          data-searchregion=\"\"\n          data-searchfilterstring=\"\"\n        >\n        <\/div>\n    <\/div>\n\n<\/div>\n<\/div>\n","protected":false},"excerpt":{"rendered":"<p>Unterk\u00fcnfte in der Mecklenburgischen Seenplatte buchen Unser Buchungssystem ben\u00f6tigt JavaScript. Bitte aktivieren Sie JavaScript in Ihrem Browser, um die Unterkunftssuche zu nutzen. Alternativ k\u00f6nnen Sie uns gerne kontaktieren: Tourismusverband Mecklenburgische Seenplatte e.\u202fV. Turnplatz 2 \u00b7 17207 R\u00f6bel\/M\u00fcritz Tel: +49 39931 5380 E-Mail: info@1000seen.de<\/p>\n","protected":false},"author":1,"featured_media":0,"parent":0,"menu_order":0,"comment_status":"closed","ping_status":"open","template":"","meta":{"slim_seo":{"title":"Unterk\u00fcnfte - Buchungsportal Mecklenburgische Seenplatte","description":"Unterk\u00fcnfte in der Mecklenburgischen Seenplatte buchen Unser Buchungssystem ben\u00f6tigt JavaScript. Bitte aktivieren Sie JavaScript in Ihrem Browser, um die Unterk"},"footnotes":""},"categories":[],"class_list":["post-2","page","type-page","status-publish"],"_links":{"self":[{"href":"https:\/\/1000seen.de\/unterkuenfte\/wp-json\/wp\/v2\/pages\/2","targetHints":{"allow":["GET"]}}],"collection":[{"href":"https:\/\/1000seen.de\/unterkuenfte\/wp-json\/wp\/v2\/pages"}],"about":[{"href":"https:\/\/1000seen.de\/unterkuenfte\/wp-json\/wp\/v2\/types\/page"}],"author":[{"embeddable":true,"href":"https:\/\/1000seen.de\/unterkuenfte\/wp-json\/wp\/v2\/users\/1"}],"replies":[{"embeddable":true,"href":"https:\/\/1000seen.de\/unterkuenfte\/wp-json\/wp\/v2\/comments?post=2"}],"version-history":[{"count":0,"href":"https:\/\/1000seen.de\/unterkuenfte\/wp-json\/wp\/v2\/pages\/2\/revisions"}],"wp:attachment":[{"href":"https:\/\/1000seen.de\/unterkuenfte\/wp-json\/wp\/v2\/media?parent=2"}],"wp:term":[{"taxonomy":"category","embeddable":true,"href":"https:\/\/1000seen.de\/unterkuenfte\/wp-json\/wp\/v2\/categories?post=2"}],"curies":[{"name":"wp","href":"https:\/\/api.w.org\/{rel}","templated":true}]}}