{"id":112,"date":"2025-08-23T09:27:56","date_gmt":"2025-08-23T07:27:56","guid":{"rendered":"https:\/\/1000seen.de\/unterkuenfte\/?page_id=112"},"modified":"2025-08-28T07:38:51","modified_gmt":"2025-08-28T05:38:51","slug":"vermieter-service","status":"publish","type":"page","link":"https:\/\/1000seen.de\/unterkuenfte\/vermieter-service\/","title":{"rendered":"Vermieter-Service"},"content":{"rendered":"\n<h2 class=\"gb-text\">Unterk\u00fcnfte erfolgreich vermieten<\/h2>\n\n\n\n<p class=\"gb-text\">M\u00f6chten Sie Ihre <strong>Ferienunterk\u00fcnfte in der Mecklenburgischen Seenplatte<\/strong> professionell und mit gro\u00dfer Reichweite online buchbar machen? Sie suchen nach einem System, das nicht nur kosteneffizient, sondern auch einfach zu bedienen ist \u2013 und Ihnen so wertvolle Zeit bei der Verwaltung spart? Idealerweise gibt es dabei einen zentralen Ansprechpartner f\u00fcr Service und Abrechnung, auch wenn Ihre Angebote \u00fcber viele verschiedene Plattformen ausgespielt werden?<\/p>\n\n\n\n<p class=\"gb-text\">Mit nur einem Vertrag bieten Sie Ihre Unterk\u00fcnfte zu einer fairen Provision von 10 % zzgl. MwSt. direkt \u00fcber die Kan\u00e4le des Tourismusverbandes Mecklenburgische Seenplatte an. Dar\u00fcber hinaus haben Sie Zugriff auf ein <strong>starkes Netzwerk aus vielen weiteren Vertriebspartnern<\/strong> \u2013 von regionalen Portalen in der Seenplatte bis hin zu gro\u00dfen internationalen Plattformen wie booking.com oder Airbnb, die Sie bei Bedarf optional hinzuschalten k\u00f6nnen. \u00c4nderungen an Ihren Objektdaten pflegen Sie lediglich einmal \u2013 dank der Technologie von <strong>Destination Solutions<\/strong> werden diese automatisch auf allen angeschlossenen Portalen aktualisiert. So gewinnen Sie Reichweite, sparen Zeit und behalten dennoch jederzeit die Kontrolle.<\/p>\n\n\n\n<h2 class=\"gb-text\">Ihr direkter Kontakt<\/h2>\n\n\n\n<p class=\"gb-text\"><strong>Wir beraten Sie gern pers\u00f6nlich!<\/strong><br>Ihre Ansprechpartnerin: <strong>Johanna Block<\/strong><\/p>\n\n\n\n<p class=\"gb-text\">\ud83d\udcde Telefon: +49 (0)39931 5380<br>\ud83d\udce7 E-Mail: <a>info@1000seen.de<\/a><\/p>\n","protected":false},"excerpt":{"rendered":"<p>Unterk\u00fcnfte erfolgreich vermieten M\u00f6chten Sie Ihre Ferienunterk\u00fcnfte in der Mecklenburgischen Seenplatte professionell und mit gro\u00dfer Reichweite online buchbar machen? Sie suchen nach einem System, das nicht nur kosteneffizient, sondern auch einfach zu bedienen ist \u2013 und Ihnen so wertvolle Zeit bei der Verwaltung spart? Idealerweise gibt es dabei einen zentralen Ansprechpartner f\u00fcr Service und Abrechnung, &#8230; <a title=\"Vermieter-Service\" class=\"read-more\" href=\"https:\/\/1000seen.de\/unterkuenfte\/vermieter-service\/\" aria-label=\"Mehr Informationen \u00fcber Vermieter-Service\">Weiterlesen<\/a><\/p>\n","protected":false},"author":1,"featured_media":0,"parent":0,"menu_order":0,"comment_status":"closed","ping_status":"closed","template":"","meta":{"slim_seo":{"title":"Vermieter-Service - Buchungsportal Mecklenburgische Seenplatte","description":"Unterk\u00fcnfte erfolgreich vermieten M\u00f6chten Sie Ihre Ferienunterk\u00fcnfte in der Mecklenburgischen Seenplatte professionell und mit gro\u00dfer Reichweite online buchbar"},"footnotes":""},"categories":[],"class_list":["post-112","page","type-page","status-publish"],"_links":{"self":[{"href":"https:\/\/1000seen.de\/unterkuenfte\/wp-json\/wp\/v2\/pages\/112","targetHints":{"allow":["GET"]}}],"collection":[{"href":"https:\/\/1000seen.de\/unterkuenfte\/wp-json\/wp\/v2\/pages"}],"about":[{"href":"https:\/\/1000seen.de\/unterkuenfte\/wp-json\/wp\/v2\/types\/page"}],"author":[{"embeddable":true,"href":"https:\/\/1000seen.de\/unterkuenfte\/wp-json\/wp\/v2\/users\/1"}],"replies":[{"embeddable":true,"href":"https:\/\/1000seen.de\/unterkuenfte\/wp-json\/wp\/v2\/comments?post=112"}],"version-history":[{"count":0,"href":"https:\/\/1000seen.de\/unterkuenfte\/wp-json\/wp\/v2\/pages\/112\/revisions"}],"wp:attachment":[{"href":"https:\/\/1000seen.de\/unterkuenfte\/wp-json\/wp\/v2\/media?parent=112"}],"wp:term":[{"taxonomy":"category","embeddable":true,"href":"https:\/\/1000seen.de\/unterkuenfte\/wp-json\/wp\/v2\/categories?post=112"}],"curies":[{"name":"wp","href":"https:\/\/api.w.org\/{rel}","templated":true}]}}