{"id":479,"date":"2022-10-01T08:00:00","date_gmt":"2022-10-01T06:00:00","guid":{"rendered":"https:\/\/1000seen.de\/herbsturlaub\/?page_id=479"},"modified":"2025-09-08T05:14:32","modified_gmt":"2025-09-08T03:14:32","slug":"angebote-mueritzeum","status":"publish","type":"page","link":"https:\/\/1000seen.de\/herbsturlaub\/angebote-mueritzeum\/","title":{"rendered":"Angebote im M\u00fcritzeum"},"content":{"rendered":"\n<h1 class=\"wp-block-heading has-text-align-center\">M\u00fcritzeum in Waren (M\u00fcritz)<\/h1>\n\n\n\n<h2 class=\"wp-block-heading has-text-align-center\">Herbstlich bunt \u2013 spannende Events im M\u00dcRITZEUM erleben<\/h2>\n\n\n\n<hr class=\"wp-block-separator aligncenter has-text-color has-alpha-channel-opacity has-background is-style-default\" style=\"background-color:#007bc2;color:#007bc2\"\/>\n\n\n\n<div class=\"wp-block-columns is-layout-flex wp-container-core-columns-is-layout-f5e77106 wp-block-columns-is-layout-flex\" style=\"padding-top:0px;padding-right:0px;padding-bottom:0px;padding-left:0px\">\n<div class=\"wp-block-column is-layout-flow wp-block-column-is-layout-flow\" style=\"flex-basis:60%\">\n<p>Goldene Lauballeen, aufget\u00fcrmte Bl\u00e4tterhaufen und das laute Trompeten der Kraniche begleiten die dritte Jahreszeit im Land der 1000 Seen. Naturentdecker*Innen, Pilzsammler*Innen und Bastelfreunde kommen in den Herbstmonaten ganz auf ihre Kosten. Neben der bunten Vielfalt in der Natur kann man auch im M\u00dcRITZEUM allerhand entdecken und erleben. Begeben Sie sich beispielsweise, zusammen mit dem Pilzsachverst\u00e4ndigen Manfred B\u00f6ttcher, auf eine Jahresreise in die faszinierende Welt der Pilze. Welche schmecken besonders aromatisch und welche Pilze sollten lieber nicht auf dem Speiseplan stehen \u2013 diese und noch mehr spannende Fakten erfahren Sie am 09. Oktober beim MiM-Vortrag &#8222;Unterwegs in Wald und Flur &#8211; Wissenswertes \u00fcber unsere heimischen Pilze&#8220;. Auch am zweiten Oktoberwochenende stehen die Schwammgew\u00e4chse im Fokus. Bringen Sie Ihre gesammelten Pilze mit und tauschen Sie sich direkt mit dem Pilzexperten \u00fcber Ihre Funde aus. Weiterhin wird eine Vielzahl verschiedener Exemplare in der Pilzschau zu sehen sein \u2013 passendes Pilz-Wetter nat\u00fcrlich vorausgesetzt.<\/p>\n\n\n\n<p>Die Tage werden stetig k\u00fcrzer, die Temperaturen sinken und so langsam holen wir die Wolldecke und den warmen Mantel wieder hervor. Doch wie halten sich beispielsweise die V\u00f6gel im Winter warm? Und welche V\u00f6gel ziehen lieber den warmen S\u00fcden als Winterquartier vor? In verschiedenen Veranstaltungen von Sonderf\u00fchrung bis Ferienaktionstag erfahren Sie alles \u00fcber das Zugverhalten bestimmter Vogelarten, welche Routen sie zur\u00fccklegen und wie sich das Zugverhalten einiger Arten in den vergangenen Jahren ver\u00e4ndert hat.<\/p>\n\n\n\n<p>Der Herbst l\u00e4utet ebenfalls die ruhigen Monate ein, in denen man eingekuschelt einen warmen Tee genie\u00dft, ein gutes Buch zur Hand nimmt und sich Zeit nimmt f\u00fcr Gem\u00fctlichkeit und in Geschichten von Abenteuern und fernen L\u00e4ndern versinkt. Begeben Sie sich ins Reich des Puppentheaters und lauschen Sie den Geschichten \u00fcber Angst haben \u2013 inszeniert im Rahmen des Puppentheaters im M\u00dcRITZEUM. Den Start bildet am 06. Oktober \u201eAngsthase Leopold\u201c. Freuen Sie sich bei dieser originellen Fassung \u00fcber eine etwas andere Inszenierung.<\/p>\n\n\n\n<p><strong>So bunt und vielf\u00e4ltig die Natur im Herbst erstrahlt, ist auch das Veranstaltungsprogramm des M\u00dcRITZEUMs in den kommenden Wochen. St\u00f6bern Sie im abwechslungsreichen Veranstaltungskalender auf der Homepage <a href=\"http:\/\/www.mueritzeum.de\/\" target=\"_blank\" rel=\"noreferrer noopener\">www.mueritzeum.de<\/a> und planen Sie Ihre pers\u00f6nlichen Event-Highlights f\u00fcr den September und Oktober im M\u00dcRITZEUM.<\/strong><\/p>\n<\/div>\n\n\n\n<div class=\"wp-block-column is-layout-flow wp-block-column-is-layout-flow\" style=\"flex-basis:40%\">\n<h3 class=\"wp-block-heading\">Veranstaltungen im September<\/h3>\n\n\n\n\n\n\n\n\n\n\n\n\n\n\n\n<h3 class=\"wp-block-heading\">Veranstaltungen im Oktober<\/h3>\n\n\n\n\n\n\n\n\n\n\n\n\n\n\n\n\n\n\n\n<div class=\"wp-block-uagb-info-box uagb-block-5cbff595 uagb-infobox__content-wrap  uagb-infobox-icon-above-title uagb-infobox-image-valign-top\"><div class=\"uagb-ifb-content\"><div class=\"uagb-ifb-icon-wrap\"><svg xmlns=\"https:\/\/www.w3.org\/2000\/svg\" viewBox=\"0 0 512 512\"><path d=\"M256 0C114.6 0 0 114.6 0 256s114.6 256 256 256s256-114.6 256-256S397.4 0 256 0zM256 128c17.67 0 32 14.33 32 32c0 17.67-14.33 32-32 32S224 177.7 224 160C224 142.3 238.3 128 256 128zM296 384h-80C202.8 384 192 373.3 192 360s10.75-24 24-24h16v-64H224c-13.25 0-24-10.75-24-24S210.8 224 224 224h32c13.25 0 24 10.75 24 24v88h16c13.25 0 24 10.75 24 24S309.3 384 296 384z\"><\/path><\/svg><\/div><div class=\"uagb-ifb-title-wrap\"><span class=\"uagb-ifb-title-prefix\"><strong>Das NaturErlebnisZentrum in Waren (M\u00fcritz)<\/strong><\/span><h3 class=\"uagb-ifb-title\">M\u00dcRITZEUM<\/h3><\/div><p class=\"uagb-ifb-desc\">Zur Steinmole 1, 17192 Waren (M\u00fcritz)<br>Telefon: +49 3991 633680<br>E-Mail: <a href=\"mailto:info@mueritzeum.de\" target=\"_blank\" rel=\"noreferrer noopener\">info@mueritzeum.de<\/a><\/p><div class=\"uagb-ifb-button-wrapper wp-block-button\"><a href=\"https:\/\/www.mueritzeum.de\/\" class=\"uagb-infobox-cta-link wp-block-button__link\" target=\"_blank\" rel=\"noopener noreferrer\" onclick=\"return true;\"><span class=\"uagb-inline-editing\">Zur Homepage<\/span><svg xmlns=\"https:\/\/www.w3.org\/2000\/svg\" viewBox=\"0 0 512 512\"><path d=\"M504.3 273.6l-112.1 104c-6.992 6.484-17.18 8.218-25.94 4.406c-8.758-3.812-14.42-12.45-14.42-21.1L351.9 288H32C14.33 288 .0002 273.7 .0002 255.1S14.33 224 32 224h319.9l0-72c0-9.547 5.66-18.19 14.42-22c8.754-3.809 18.95-2.075 25.94 4.41l112.1 104C514.6 247.9 514.6 264.1 504.3 273.6z\"><\/path><\/svg><\/a><\/div><\/div><\/div>\n<\/div>\n<\/div>\n","protected":false},"excerpt":{"rendered":"<p>M\u00fcritzeum in Waren (M\u00fcritz) Herbstlich bunt \u2013 spannende Events im M\u00dcRITZEUM erleben Goldene Lauballeen, aufget\u00fcrmte Bl\u00e4tterhaufen und das laute Trompeten der Kraniche begleiten die dritte Jahreszeit im Land der 1000 Seen. Naturentdecker*Innen, Pilzsammler*Innen und Bastelfreunde kommen in den Herbstmonaten ganz auf ihre Kosten. Neben der bunten Vielfalt in der Natur kann man auch im M\u00dcRITZEUM &#8230; <a title=\"Angebote im M\u00fcritzeum\" class=\"read-more\" href=\"https:\/\/1000seen.de\/herbsturlaub\/angebote-mueritzeum\/\" aria-label=\"Mehr Informationen \u00fcber Angebote im M\u00fcritzeum\">Weiterlesen<\/a><\/p>\n","protected":false},"author":1,"featured_media":528,"parent":0,"menu_order":0,"comment_status":"closed","ping_status":"closed","template":"","meta":{"slim_seo":{"title":"Angebote im M\u00fcritzeum - Herbsturlaub Mecklenburgische Seenplatte","description":"M\u00fcritzeum in Waren (M\u00fcritz) Herbstlich bunt \u2013 spannende Events im M\u00dcRITZEUM erleben Goldene Lauballeen, aufget\u00fcrmte Bl\u00e4tterhaufen und das laute Trompeten der Kr"},"footnotes":""},"categories":[],"class_list":["post-479","page","type-page","status-publish","has-post-thumbnail"],"_links":{"self":[{"href":"https:\/\/1000seen.de\/herbsturlaub\/wp-json\/wp\/v2\/pages\/479","targetHints":{"allow":["GET"]}}],"collection":[{"href":"https:\/\/1000seen.de\/herbsturlaub\/wp-json\/wp\/v2\/pages"}],"about":[{"href":"https:\/\/1000seen.de\/herbsturlaub\/wp-json\/wp\/v2\/types\/page"}],"author":[{"embeddable":true,"href":"https:\/\/1000seen.de\/herbsturlaub\/wp-json\/wp\/v2\/users\/1"}],"replies":[{"embeddable":true,"href":"https:\/\/1000seen.de\/herbsturlaub\/wp-json\/wp\/v2\/comments?post=479"}],"version-history":[{"count":0,"href":"https:\/\/1000seen.de\/herbsturlaub\/wp-json\/wp\/v2\/pages\/479\/revisions"}],"wp:featuredmedia":[{"embeddable":true,"href":"https:\/\/1000seen.de\/herbsturlaub\/wp-json\/wp\/v2\/media\/528"}],"wp:attachment":[{"href":"https:\/\/1000seen.de\/herbsturlaub\/wp-json\/wp\/v2\/media?parent=479"}],"wp:term":[{"taxonomy":"category","embeddable":true,"href":"https:\/\/1000seen.de\/herbsturlaub\/wp-json\/wp\/v2\/categories?post=479"}],"curies":[{"name":"wp","href":"https:\/\/api.w.org\/{rel}","templated":true}]}}