{"id":336,"date":"2022-08-01T10:00:00","date_gmt":"2022-08-01T08:00:00","guid":{"rendered":"https:\/\/1000seen.de\/herbsturlaub\/ausflugstipps-rechlin\/"},"modified":"2025-09-08T13:49:46","modified_gmt":"2025-09-08T11:49:46","slug":"ausflugstipps-rechlin","status":"publish","type":"page","link":"https:\/\/1000seen.de\/herbsturlaub\/ausflugstipps-rechlin\/","title":{"rendered":"Rechlin"},"content":{"rendered":"\n<p class=\"gb-text\">Direkt <strong>am S\u00fcdostufer der M\u00fcritz <\/strong>befindet sich die Gemeinde Rechlin. Ein <strong>Kurzurlaub in Rechlin<\/strong> bedeutet unber\u00fchrte Natur, umgeben von Wasser, Wald und Wiesen. Ruhe und Entspannung pur, aber auch mit allen M\u00f6glichkeiten zu aktiver Bet\u00e4tigung: ob Radeln, Wandern, Paddeln oder Bootstouren mit dem eigenen Charterboot \u2013 Rechlin ist idealer Ausgangspunkt f\u00fcr spannende Vielfalt.<\/p>\n\n\n\n<div class=\"section\">\n<div class=\"gb-element-09f26e0b\">\n<span class=\"gb-shape gb-shape-1d96e04b\"><svg viewBox=\"0 0 170.08 170.08\" xmlns=\"http:\/\/www.w3.org\/2000\/svg\" data-name=\"Icons\" id=\"a\">\n  <path style=\"fill: #00629e; stroke-width: 0px;\" d=\"M69.1,46.44c1.6.97,4.4.56,6.18.56h19.32c2.36,0,7.04.45,7.27-2.69.12-1.68,0-3.42,0-5.1,0-.52.03-1.06,0-1.58-.09-1.59-1.86-1.96-3.19-2.03h-21.77c-2.47,0-8.44-.76-8.71,2.69-.11,1.46,0,2.97,0,4.43,0,1.25-.35,2.96.89,3.72ZM98.43,44.07s-.01,0-.02,0c.24-.04.36.04.02,0ZM76.47,38.53h20.65c.12-.01.24.01.35.03,0,.1.02.2.02.28v2.54c0,.81.12,1.79.09,2.69h-23.55c-.37,0-1.01-.11-1.41-.03,0-.17-.03-.35-.03-.46v-2.36c0-.81-.12-1.78-.09-2.68.16,0,.31-.01.47-.01h3.5ZM71.72,38.53c-.27.07-.38-.03,0,0h0Z\"><\/path>\n  <path style=\"fill: #00629e; stroke-width: 0px;\" d=\"M123.86,66.79v-17.26c0-2.83.2-5.74-.05-8.57-.35-4.03-2.85-7.75-6.43-9.63-2.46-1.29-5.04-1.55-7.76-1.55h-47.2c-2.12,0-4.17-.02-6.27.46-4.21.97-8.09,3.55-10.03,7.49-1.59,3.24-1.23,7-1.23,10.51v33.72c0,2.92-.01,5.84,0,8.76.02,5.18,1.13,10.31,3.32,15.02,1,2.15,2.06,4.28,3.09,6.43.47.97.88,2.05,1.8,2.69.98.69,2.12.78,3.28.78.63,0,1.26,0,1.9,0-3.34,5.84-6.68,11.69-10.02,17.53-.47.83-.94,1.65-1.42,2.48-.4.7,1.54.48,1.75.45.78-.14,2.1-.43,2.54-1.2.42-.74.84-1.48,1.27-2.22.17.02.33.04.49.04h61.57c.2.35.4.69.59,1.04.47.83.94,1.65,1.42,2.48.99,1.73,5.12.08,3.97-1.93-3.35-5.86-6.69-11.72-10.04-17.57-.21-.36-.42-.73-.62-1.09,2.6-.02,5.57-.53,6.95-3,1.14-2.03,2.05-4.23,3.06-6.33,1.83-3.81,3.21-7.74,3.75-11.95.46-3.58.31-7.25.31-10.86v-16.71ZM104.85,115.64c.02.18.07.36.18.54.85,1.49,1.71,2.99,2.56,4.48h-46.99c-.42,0-.94.07-1.44.22.68-1.19,1.36-2.38,2.04-3.56.32-.56.64-1.12.96-1.68h42.7ZM94.28,129.32h-39.94c1.23-2.15,2.46-4.3,3.69-6.45.25.12.57.18.85.18h50.06c1.2,2.09,2.39,4.18,3.59,6.27h-18.25ZM111.92,113.95c-.02-.05.02-.08.08-.11-.05.06-.08.11-.08.11ZM119.51,45.35v43.8c0,6.02-1.06,11.72-3.69,17.18-1.05,2.19-2.09,4.39-3.17,6.57-.07.14-.34.51-.53.77-.52-.04-1.1.04-1.59.04h-2.16c-.53-.24-1.22-.22-1.87,0h-48.07c-.12,0-.24,0-.37,0-.01,0-.05-.02-.14-.05-.55-.16-1.01-.48-1.36-.93-.55-.71-.88-1.68-1.27-2.48-1.11-2.3-2.29-4.57-3.28-6.92-2.22-5.3-2.77-10.79-2.77-16.45v-43.68c0-1.52.05-3,.51-4.48,1.04-3.33,3.84-6.72,7.54-6.98,4.23-.29,8.55-.02,12.79-.02h37.45c.44,0,.88,0,1.31,0-.02,0,.69.05.81.06.49.05.97.14,1.45.26.97.26,1.9.64,2.76,1.15,3.53,2.11,5.58,5.89,5.64,9.98,0,.73,0,1.46,0,2.18Z\"><\/path>\n  <path style=\"fill: #00629e; stroke-width: 0px;\" d=\"M60.61,53.65c.06-.01.06-.03,0,0h0Z\"><\/path>\n  <path style=\"fill: #00629e; stroke-width: 0px;\" d=\"M113.12,55.21c-.05-2.5-1.86-4.19-4.25-4.47-.12-.03-.25-.05-.38-.05h-45.49c-1.51,0-2.98,0-4.39.7-1.73.86-2.92,2.47-2.95,4.42-.01.86,0,1.72,0,2.58v21.29c0,2.03-.44,4.92.93,6.59,1.52,1.84,3.71,1.72,5.82,1.72h7.96c12.17,0,24.35.02,36.52,0,2.56,0,5.36-1.27,6.09-3.93.19-.7.15-1.44.15-2.16v-9.06c0-5.87.12-11.76,0-17.63ZM108.47,84.66c-.14.24-.26.34-.32.38.05-.01.15-.02.32.03-.02,0-.05,0-.06,0-.06-.03-.18-.02-.29-.01,0,0,0,0,0,0-.08,0-.15.01-.19.01h-32.02c-4.62,0-9.24.08-13.86,0-2.08-.03-2.01-1.99-2.01-3.51v-8.95c0-5.75-.19-11.53,0-17.27.02-.45.02-.9.26-1.3.14-.24.25-.34.31-.38-.05.01-.15.02-.31-.03.07.02.16,0,.23,0,1.1.08,2.24,0,3.35,0h28.92c-6.14,7.4-12.28,14.79-18.42,22.19-.89,1.08-1.79,2.15-2.68,3.23-.63.76-.42,1.64.53,1.98.96.34,2.41-.03,3.07-.82,6.35-7.65,12.7-15.29,19.05-22.94.89-1.08,1.79-2.15,2.68-3.23.11-.13.18-.27.24-.4h4.57c-4.69,5.87-9.37,11.74-14.06,17.61-.7.88-1.41,1.77-2.11,2.65-.61.76-.44,1.66.53,1.98.96.32,2.42,0,3.07-.82,5.04-6.31,10.09-12.63,15.13-18.94l1.97-2.46h.56c2.37.12,1.82,3.45,1.82,5.09v23.79c0,.69.1,1.54-.26,2.15Z\"><\/path>\n  <path style=\"fill: #00629e; stroke-width: 0px;\" d=\"M108.12,85.05s0,0,0,0c0,0,.02,0,.03-.02-.03,0-.04.01-.04.02Z\"><\/path>\n  <path style=\"fill: #00629e; stroke-width: 0px;\" d=\"M71,94.42c-.92-.85-2.19-1.23-3.42-1.26-3.36-.07-7.25,1.47-9.18,4.32-1.57,2.34-1,5.46.96,7.4,2.39,2.37,6.36,1.63,9.12.42,3-1.31,5.27-4.22,4.39-7.6-.35-1.22-.92-2.41-1.87-3.28ZM66.24,104.58s0,0,0,0c-.03.02-.02.01,0,0ZM66.26,104.57s.03-.02.05-.03c-.02.01-.04.02-.05.03,0,0,0,0,0,0ZM66.22,104.6s0,0,0,0c0,0,0,0,0,0,0,0,0,0,0,0ZM66.02,104.65s.04.01.08,0c0,0,0,0,0,0,.02,0,.03,0,.05-.01-.05.04-.11.06-.14,0ZM68.36,102.13c-.17.41-.38.8-.64,1.16-.15.2-.32.37-.49.55-.23.22-.39.36-.5.43-.12.08-.25.16-.38.25-.01,0-.01,0-.02.01-.02.01-.05.03-.08.05,0,0,0,0,0,0,0,0-.01,0-.02,0-.02,0-.03.02-.04.03,0,0,0,0,0,0,0,0,0,0,.01-.01,0,0,0,0-.01,0-.02,0-.03,0-.04.01,0,0,0,0,0,0-.04,0-.07,0-.09,0-.02,0-.04,0-.07,0-.08,0-.16-.01-.24-.02-.04-.01-.23-.04-.25-.05-.21-.05-.43-.11-.63-.19-.31-.13-.78-.43-1.1-.69-1.59-1.33-2.4-3.84-1.65-5.8.36-.94.98-1.75,1.78-2.37.05-.03.25-.17.24-.17.09-.06.18-.11.26-.17.03-.02.04-.03.06-.04.02,0,.04-.02.07-.03.01,0,.16-.07.24-.11.01,0,.02,0,.03,0,.02,0,.02,0,.04,0h0s.24.02.33.03c.07.02.19.04.18.04.14.03.28.07.42.12.28.1.79.43,1.1.71.87.78,1.35,1.89,1.66,3,.29,1.1.27,2.2-.16,3.26Z\"><\/path>\n  <path style=\"fill: #00629e; stroke-width: 0px;\" d=\"M66.19,104.59s.02,0,.03-.01c0,0,.02-.01.03-.02.05-.06.05-.08-.06.03Z\"><\/path>\n  <path style=\"fill: #00629e; stroke-width: 0px;\" d=\"M110.26,94.77c-2.65-1.85-6.19-1.91-9.15-.79-1.41.54-2.81,1.47-3.63,2.76-.8,1.26-1.23,2.75-1.13,4.25.2,2.93,2.86,4.79,5.56,5.25,3.69.62,7.93-.96,9.63-4.41.58-1.25.94-2.65.7-4.03-.21-1.22-.98-2.32-1.98-3.02ZM105.51,104.08s.04,0,.04,0c0,0-.03,0-.04,0ZM105.27,104.11s-.02,0,0,0h0ZM106.61,103.31s-.34.36-.08.1c-.12.12-.43.49-.6.5.01,0,.39-.23.08-.06-.05.03-.11.06-.16.09-.07.02-.13.05-.19.08.01,0,.02,0,.03,0,0,0,0,0-.02,0,0,0-.02,0-.03,0,0,0-.01,0-.02.01-.06,0-.11.01-.17.03-.1,0-.23.01-.3.01-.03,0-.06,0-.1,0-.15,0-.33-.04-.46-.06-.13-.02-.26-.05-.39-.08-.03,0-.04,0-.06-.01-.02,0-.03-.01-.06-.02-.21-.07-.42-.14-.62-.23-.58-.25-.91-.45-1.38-.88-.74-.67-1.17-1.46-1.35-2.46-.19-1.11.07-2.23.53-3.25.16-.35.44-.68.76-1.1.01,0,.02-.01.03-.02.1-.08.19-.16.29-.24,0,0,0,0,0,0,0,0,0,0,0,0,.05-.03.1-.06.15-.09.07-.03.14-.06.2-.09.03,0,.07-.02.1-.03.08,0,.21-.01.31-.04,0,0,.01,0,.02,0,.13,0,.25,0,.38,0,.02,0,.03,0,.05,0,.04,0,.07,0,.11.01.21.03.42.06.63.1.08.02.16.04.24.06.05.02.2.06.23.07.24.08.48.17.71.28.13.06.26.12.38.19.02.01.19.11.23.13.97.63,1.56,1.44,1.77,2.55.22,1.2-.15,2.41-.67,3.53-.07.14-.19.34-.35.56-.08.11-.16.22-.25.32Z\"><\/path>\n  <path style=\"fill: #00629e; stroke-width: 0px;\" d=\"M105.65,104.04h.02c-.41,0-.22.04-.02,0Z\"><\/path>\n<\/svg><\/span>\n\n\n\n<p class=\"gb-text gb-text-4a0f5e28\"><strong>Anreise mit Bahn und Bus:<\/strong><br>Auf den Strecken der <strong>RE5 (Berlin-Rostock und Berlin-Stralsund)<\/strong> mit Umstieg in Neustrelitz auf die <strong>Kleinseenbahn RB16<\/strong> bis Mirow. Umstieg in Mirow auf den Bus der <strong>Linie 025<\/strong>. (K\u00fcrzeste Fahrtzeit ab Berlin Hauptbahnhof ca. 2h 30min)<\/p>\n<\/div>\n<\/div>\n\n\n\n<div class=\"section\">\n<h2 class=\"gb-text\">In Rechlin erwarten Sie\u2026<\/h2>\n\n\n\n<ul>\n<li class=\"gb-text\"><strong>Rechlin:<\/strong>\u00a0Yacht- und Seglerhafen, Rechliner Seebr\u00fccke mit Badestrand, Kultur- und Sportveranstaltungen wie z.B. M\u00fcritzfest, M\u00fcritz-Lauf, Museumsfest, Kurkonzerte<\/li>\n\n\n\n<li class=\"gb-text\"><strong>Rechlin Nord:\u00a0<\/strong>Luftfahrttechnisches Museum Rechlin, gro\u00dfe Marina am Claassee mit 400 Yacht-Liegepl\u00e4tze, Strandbad und Cocktailbar<\/li>\n\n\n\n<li class=\"gb-text\"><strong>Boeker M\u00fchle:<\/strong> Wassersportm\u00f6glichkeiten wie Angeln, Segeln, SUP und Kanufahren auf der Wasserwanderstrecke \u201eAlte Fahrt\u201c (motorbootfreies Revier)<\/li>\n\n\n\n<li class=\"gb-text\"><strong>Nationalparkdorf Boek:\u00a0<\/strong>Eingangsbereich zum M\u00fcritz-Nationalpark, Nationalparkinfo, Haltestelle Nationalpark-Linie, Kutsch- und Kremserfahrten im M\u00fcritz-Nationalpark und im Wildpark Boek, div. Wassersportm\u00f6glichkeiten und (Kite-)Surfen<\/li>\n\n\n\n<li class=\"gb-text\"><strong>Rechlin\/L\u00e4rz<\/strong>: Rundfl\u00fcge vom M\u00fcritz-Flugplatz<\/li>\n<\/ul>\n<\/div>\n\n\n\n<div class=\"section\">\n<h2 class=\"gb-text\">Ausflugsziele in Rechlin<\/h2>\n\n\n\n<div class=\"gb-element-57d7396c grid-3 gap-m\">\n<div class=\"gb-element-383a6f49\">\n<a class=\"ar-4-3 card gb-element-b6d333eb\" href=\"https:\/\/www.mecklenburgische-seenplatte.de\/reiseziele\/luftfahrttechnisches-museum-rechlin\" target=\"_blank\" rel=\"noopener\">\n<img decoding=\"async\" class=\"card--image gb-media-0fe87b29\" alt=\"\" src=\"https:\/\/ansommern.de\/wp-content\/uploads\/sites\/4\/2022\/06\/rechlin-ausflugstipp-luftfahrttechnisches-museum.jpg\" title=\"wandern-herbsturlaub-mecklenburgische-seenplatte\"\/>\n\n\n\n<div class=\"gb-element-aee5135a\" href=\"https:\/\/1000seen.de\/unterkuenfte\/suche\/?sortseed=3&#038;locale=de&#038;t=search&#038;filter.BOOLEAN.PROPERTY_TYPES.cat_apartment=true\">\n<div class=\"gb-element-f34fcb1f\">\n<p class=\"gb-text gb-text-743f80e0\">Luftfahrttechnisches Museum Rechlin<\/p>\n\n\n\n<span class=\"gb-shape card--arrow gb-shape-f8049387 link-arrow\"><svg aria-hidden=\"true\" height=\"1em\" width=\"1em\" viewBox=\"0 0 256 512\" xmlns=\"http:\/\/www.w3.org\/2000\/svg\"><path fill=\"currentColor\" d=\"M224.3 273l-136 136c-9.4 9.4-24.6 9.4-33.9 0l-22.6-22.6c-9.4-9.4-9.4-24.6 0-33.9l96.4-96.4-96.4-96.4c-9.4-9.4-9.4-24.6 0-33.9L54.3 103c9.4-9.4 24.6-9.4 33.9 0l136 136c9.5 9.4 9.5 24.6.1 34z\"><\/path><\/svg><\/span>\n<\/div>\n<\/div>\n<\/a>\n\n\n\n<div class=\"card--description\">\n<p class=\"gb-text\">Das Museum befindet sich im historischen Geb\u00e4udeensemble der Zentralen <strong>Erprobungsstelle der Luftwaffe<\/strong> des dritten Reiches.<\/p>\n<\/div>\n<\/div>\n\n\n\n<div class=\"gb-element-7eb13c83\">\n<a class=\"ar-4-3 card gb-element-0d5610e3\" href=\"https:\/\/www.mecklenburgische-seenplatte.de\/reiseziele\/kutschercafe\" target=\"_blank\" rel=\"noopener\">\n<img decoding=\"async\" class=\"card--image gb-media-9c8074d5\" alt=\"\" src=\"https:\/\/ansommern.de\/wp-content\/uploads\/sites\/4\/2022\/06\/rechlin-ausflugstipp-wildpark-boek.jpg\" title=\"wandern-herbsturlaub-mecklenburgische-seenplatte\"\/>\n\n\n\n<div class=\"gb-element-ba75832b\" href=\"https:\/\/1000seen.de\/unterkuenfte\/suche\/?sortseed=3&#038;locale=de&#038;t=search&#038;filter.BOOLEAN.PROPERTY_TYPES.cat_apartment=true\">\n<div class=\"gb-element-051ce1e2\">\n<p class=\"gb-text gb-text-1efdad9d\">Wildpark Boek<\/p>\n\n\n\n<span class=\"gb-shape card--arrow gb-shape-992e4a5a link-arrow\"><svg aria-hidden=\"true\" height=\"1em\" width=\"1em\" viewBox=\"0 0 256 512\" xmlns=\"http:\/\/www.w3.org\/2000\/svg\"><path fill=\"currentColor\" d=\"M224.3 273l-136 136c-9.4 9.4-24.6 9.4-33.9 0l-22.6-22.6c-9.4-9.4-9.4-24.6 0-33.9l96.4-96.4-96.4-96.4c-9.4-9.4-9.4-24.6 0-33.9L54.3 103c9.4-9.4 24.6-9.4 33.9 0l136 136c9.5 9.4 9.5 24.6.1 34z\"><\/path><\/svg><\/span>\n<\/div>\n<\/div>\n<\/a>\n\n\n\n<div class=\"card--description\">\n<p class=\"gb-text\">Inmitten der urw\u00fcchsigen Landschaft des M\u00fcritz-Nationalparks liegt das Nationalparkdorf Boek mit seinem <strong>80 ha gro\u00dfen Wildpark<\/strong>.<\/p>\n<\/div>\n<\/div>\n\n\n\n<div class=\"gb-element-42b685de\">\n<a class=\"ar-4-3 card gb-element-a8d1ac19\" href=\"https:\/\/www.mecklenburgische-seenplatte.de\/reiseziele\/badestrand-rechlin\" target=\"_blank\" rel=\"noopener\">\n<img decoding=\"async\" class=\"card--image gb-media-96428234\" alt=\"\" src=\"https:\/\/ansommern.de\/wp-content\/uploads\/sites\/4\/2022\/06\/rechlin-ausflugstipp-badestrand.jpg\" title=\"wandern-herbsturlaub-mecklenburgische-seenplatte\"\/>\n\n\n\n<div class=\"gb-element-3556b378\" href=\"https:\/\/1000seen.de\/unterkuenfte\/suche\/?sortseed=3&#038;locale=de&#038;t=search&#038;filter.BOOLEAN.PROPERTY_TYPES.cat_apartment=true\">\n<div class=\"gb-element-b26fe87c\">\n<p class=\"gb-text gb-text-3be39a6e\">Badestrand Rechlin mit Seebr\u00fccke<\/p>\n\n\n\n<span class=\"gb-shape card--arrow gb-shape-95b829fa link-arrow\"><svg aria-hidden=\"true\" height=\"1em\" width=\"1em\" viewBox=\"0 0 256 512\" xmlns=\"http:\/\/www.w3.org\/2000\/svg\"><path fill=\"currentColor\" d=\"M224.3 273l-136 136c-9.4 9.4-24.6 9.4-33.9 0l-22.6-22.6c-9.4-9.4-9.4-24.6 0-33.9l96.4-96.4-96.4-96.4c-9.4-9.4-9.4-24.6 0-33.9L54.3 103c9.4-9.4 24.6-9.4 33.9 0l136 136c9.5 9.4 9.5 24.6.1 34z\"><\/path><\/svg><\/span>\n<\/div>\n<\/div>\n<\/a>\n\n\n\n<div class=\"card--description\">\n<p class=\"gb-text\">Ein Pl\u00e4tzchen zum Wohlf\u00fchlen ist die <strong>Hafenpromenade<\/strong> von Rechlin, denn hier hei\u00dft es Entspannen bei traumhaften Ausblicken.<\/p>\n<\/div>\n<\/div>\n<\/div>\n<\/div>\n\n\n\n<div class=\"section\">\n<h2 class=\"gb-text\">Tourist-Information in Rechlin<\/h2>\n\n\n\n<div class=\"grid-2 gap-l\">\n<div class=\"gb-element-f9b2ba3b\">\n<img decoding=\"async\" class=\"gb-media-e5ba332c\" alt=\"\" src=\"https:\/\/ansommern.de\/wp-content\/uploads\/sites\/4\/2022\/06\/rechlin-touristinfo-neu.jpg\"\/>\n<\/div>\n\n\n\n<div>\n<p class=\"gb-text\"><strong>Tourismus- und Dienstleistungsgesellschaft Rechlin mbH<\/strong><\/p>\n\n\n\n<p class=\"gb-text\">M\u00fcritzstra\u00dfe 51<br>17248 Rechlin<\/p>\n\n\n\n<p class=\"gb-text\">Telefon +49 39823 169910<br>info@urlaub-rechlin.de<\/p>\n\n\n\n<a class=\"gb-text gb-button btn gb-text-da8f3b8c\" href=\"https:\/\/urlaub-rechlin.de\/\" target=\"_blank\" rel=\"noopener\">Rechlin erleben<\/a>\n<\/div>\n<\/div>\n<\/div>\n\n\n\n<p><\/p>\n","protected":false},"excerpt":{"rendered":"<p>Direkt am S\u00fcdostufer der M\u00fcritz befindet sich die Gemeinde Rechlin. Ein Kurzurlaub in Rechlin bedeutet unber\u00fchrte Natur, umgeben von Wasser, Wald und Wiesen. Ruhe und Entspannung pur, aber auch mit allen M\u00f6glichkeiten zu aktiver Bet\u00e4tigung.<\/p>\n","protected":false},"author":1,"featured_media":1391,"parent":0,"menu_order":0,"comment_status":"closed","ping_status":"closed","template":"","meta":{"slim_seo":{"title":"Rechlin - Herbsturlaub Mecklenburgische Seenplatte","description":"Direkt am S\u00fcdostufer der M\u00fcritz befindet sich die Gemeinde Rechlin. Ein Kurzurlaub in Rechlin bedeutet unber\u00fchrte Natur, umgeben von Wasser, Wald und Wiesen. Ru"},"footnotes":""},"categories":[15],"class_list":{"0":"post-336","1":"page","2":"type-page","3":"status-publish","4":"has-post-thumbnail","6":"category-ausflugstipps"},"_links":{"self":[{"href":"https:\/\/1000seen.de\/herbsturlaub\/wp-json\/wp\/v2\/pages\/336","targetHints":{"allow":["GET"]}}],"collection":[{"href":"https:\/\/1000seen.de\/herbsturlaub\/wp-json\/wp\/v2\/pages"}],"about":[{"href":"https:\/\/1000seen.de\/herbsturlaub\/wp-json\/wp\/v2\/types\/page"}],"author":[{"embeddable":true,"href":"https:\/\/1000seen.de\/herbsturlaub\/wp-json\/wp\/v2\/users\/1"}],"replies":[{"embeddable":true,"href":"https:\/\/1000seen.de\/herbsturlaub\/wp-json\/wp\/v2\/comments?post=336"}],"version-history":[{"count":0,"href":"https:\/\/1000seen.de\/herbsturlaub\/wp-json\/wp\/v2\/pages\/336\/revisions"}],"wp:featuredmedia":[{"embeddable":true,"href":"https:\/\/1000seen.de\/herbsturlaub\/wp-json\/wp\/v2\/media\/1391"}],"wp:attachment":[{"href":"https:\/\/1000seen.de\/herbsturlaub\/wp-json\/wp\/v2\/media?parent=336"}],"wp:term":[{"taxonomy":"category","embeddable":true,"href":"https:\/\/1000seen.de\/herbsturlaub\/wp-json\/wp\/v2\/categories?post=336"}],"curies":[{"name":"wp","href":"https:\/\/api.w.org\/{rel}","templated":true}]}}