{"id":31,"date":"2022-08-01T10:00:00","date_gmt":"2022-08-01T08:00:00","guid":{"rendered":"https:\/\/1000seen.de\/herbsturlaub\/?page_id=31"},"modified":"2025-09-08T05:14:31","modified_gmt":"2025-09-08T03:14:31","slug":"aussichten","status":"publish","type":"page","link":"https:\/\/1000seen.de\/herbsturlaub\/aussichten\/","title":{"rendered":"Sch\u00f6ne Aussichten"},"content":{"rendered":"\n<h2 class=\"gb-text gb-text-7967fdf4\"><em>Aussichtst\u00fcrme und H\u00fcgel mit Weitblick<\/em><\/h2>\n\n\n\n<p class=\"gb-text\">Hier liegt Dir die Welt zu F\u00fc\u00dfen. Die nachfolgenden Pl\u00e4tze in der Mecklenburgischen Seenplatte taugen bestens f\u00fcr eine Horizonterweiterung.<\/p>\n\n\n\n<div class=\"section\">\n<h3 class=\"gb-text\">Kirchturm R\u00f6bel &#8211; f\u00fcr die gro\u00dfe Sehnsucht<\/h3>\n\n\n\n<p class=\"gb-text\">Die Kirche St. Marien in R\u00f6bel ist nicht nur eine der sch\u00f6nsten fr\u00fchgotischen Hallenbacksteinkirchen Mecklenburgs \u2013 sie bietet auch einen herrlichen Ausblick auf die M\u00fcritz.<\/p>\n\n\n\n<p class=\"gb-text\"><strong>Wo?<\/strong> In der Altstadt von R\u00f6bel, Mai bis September, 10 bis 17 Uhr<\/p>\n<\/div>\n\n\n\n<div class=\"section\">\n<h3 class=\"gb-text\">K\u00e4flingsbergturm &#8211; f\u00fcrs kleine Fernweh<\/h3>\n\n\n\n<p class=\"gb-text\">Auf 31 Metern H\u00f6he hat der Feuerwacht- und Mobilfunksendeturm eine Aussichtsplattform, die im Sommer f\u00fcr Besucher zug\u00e4nglich ist. Bei klarer Sicht \u00fcberschaut man von hier den M\u00fcritz-Nationalpark, die drei Specker Seen, die M\u00fcritz sowie den Kleinen und Gro\u00dfen Zillmannsee.<\/p>\n\n\n\n<p class=\"gb-text\"><strong>Wo? <\/strong>Der Turm ist von Speck aus am besten zu Fu\u00df oder mit dem Fahrrad zu erreichen (etwa 2,3 km). Am K\u00e4flingsberg befindet sich zudem eine Haltestelle der Buslinie M\u00dcRITZ rundum.<\/p>\n<\/div>\n\n\n\n<div class=\"section\">\n<h3 class=\"gb-text\">R\u00f6telberg &#8211; f\u00fcrs Wandergl\u00fcck<\/h3>\n\n\n\n<p class=\"gb-text\">Auch Mecklenburg hat seine eigene, kleine Schweiz: Man \u00fcberblickt sie aufs Sch\u00f6nste, wenn man hinauf zum R\u00f6telberg wandert, einem Aussichtsh\u00fcgel nordwestlich des Malchiner Sees. Zu F\u00fc\u00dfen liegt Spazierg\u00e4ngern ein erstaunlich h\u00fcgeliges St\u00fcck Mecklenburg mit weiten Wiesen, kleinen Waldst\u00fccken und blau heraufblitzenden Seen. 832 Kilometer sind es \u00fcbrigens von hier bis in die Schweiz. Den Weg kann man sich getrost sparen\u2026<\/p>\n\n\n\n<p class=\"gb-text\"><strong>Wo? <\/strong>Am Skulpturenweg unweit von Burg Schlitz rechts zum R\u00f6telberg hinauf.<\/p>\n<\/div>\n\n\n\n<div class=\"section\">\n<h3 class=\"gb-text\">Reiherberg bei Feldberg &#8211; f\u00fcr den \u00dcberblick<\/h3>\n\n\n\n<p class=\"gb-text\">Der Reiherberg ist mit ca. 143 Metern die h\u00f6chste Erhebung in der Feldberger Seenlandschaft: Von der eiszeitlichen Abbruchkante aus genie\u00dft man die Aussicht auf Feldberg und den Haussee.<\/p>\n\n\n\n<p class=\"gb-text\"><strong>Wo?<\/strong> Ab der Touristinformation in Feldberg etwa drei Kilometer zu Fu\u00df<\/p>\n<\/div>\n\n\n\n<div class=\"section\">\n<h3 class=\"gb-text\">Hauptmannsberg bei Carwitz &#8211; f\u00fcr mehr Durchblick<\/h3>\n\n\n\n<p class=\"gb-text\">Das kleine, charmante Carwitz mit seinem Kopfsteinpflaster-Str\u00e4\u00dfchen geh\u00f6rt zum Feldberger Seenland \u2013 und seine Lage ist einzigartig. Drumherum liegen n\u00e4mlich einige der letzten Klarwasserseen Mecklenburgs. Vom Hauptmannsberg genie\u00dft man eine idyllische Aussicht auf den Zansen, in dem Kanus durchs glasklare Wasser ziehen.<\/p>\n\n\n\n<p class=\"gb-text\"><strong>Wo? <\/strong>ca. 1,5 Kilometer ab Carwitz zu Fu\u00df oder mit dem Rad in Richtung Wittenhagen. Das allerletzte Wegst\u00fcck ist raduntauglich.<\/p>\n<\/div>\n\n\n\n<div class=\"section\">\n<h3 class=\"gb-text\">Gro\u00dfer Schwerin &#8211; f\u00fcr Vogelfreunde<\/h3>\n\n\n\n<p class=\"gb-text\">Die Halbinsel in der M\u00fcritz ist ein \u00fcberregional wichtiger Rastplatz f\u00fcr Tausende von Kranichen \u2013 und Brutplatz seltener Vogelarten. Auch viele Orchideen bl\u00fchen hier, wie z. B. das Breitbl\u00e4ttrige Knabenkraut. Die Halbinsel geh\u00f6rt zum Naturschutzgebiet Gro\u00dfer Schwerin und Steinhorn und kann nur im Rahmen von F\u00fchrungen besucht werden.<\/p>\n\n\n\n<p class=\"gb-text\"><strong>Wo? <\/strong>Ab der Ortsmitte Gneve zu Fu\u00df ca. zwei Kilometer bis zum Gro\u00dfen Schwerin. <a href=\"http:\/\/www.stiftung-naturschutz-mv.de\">www.stiftung-naturschutz-mv.de<\/a><\/p>\n<\/div>\n\n\n\n<div class=\"section\">\n<h3 class=\"gb-text\">Mecklenburgs Bootsstege &#8211; f\u00fcr romantische Momente<\/h3>\n\n\n\n<p class=\"gb-text\">Fast jeder See hat einen kleinen idyllischen Holzbootssteg, der zum Picknicken oder Nichtstun einl\u00e4dt. Einfach Augen schlie\u00dfen, dem Rascheln des Schilfs zuh\u00f6ren und die Nase in die Sonne strecken.<\/p>\n<\/div>\n\n\n\n<div class=\"section\">\n<h3 class=\"gb-text\">Schlosspark Hohenzieritz &#8211; f\u00fcrs Lustwandeln<\/h3>\n\n\n\n<p class=\"gb-text\">&#8222;Wir sind aus einem Garten vertrieben, so erz\u00e4hlt die biblische Geschichte. Seither suchen wir das Paradies. Auf dem Weg dorthin gibt es die englischen G\u00e4rten\u201c, das schrieb der Autor des ber\u00fchmten Dschungelbuchs Rudyard Kipling im Jahr 1907. Auch heute noch gibt es englische Landschaftsparks in Mecklenburg, und einer der sch\u00f6nsten geh\u00f6rt zu Schloss Hohenzieritz bei Neustrelitz. In dem Geb\u00e4ude sind heute das Nationalparkamt des M\u00fcritz-Nationalparks und eine Gedenkst\u00e4tte f\u00fcr K\u00f6nigin Luise von Preu\u00dfen untergebracht. Der 22 Hektar gro\u00dfe Garten hingegen ist frei zug\u00e4nglich und l\u00e4dt zum Schauen, Lustwandeln und Verweilen unter schattigen alten B\u00e4umen ein. Tipp: Hier gibt es auch einen Rosengarten mit B\u00e4nken.<\/p>\n\n\n\n<p class=\"gb-text\"><strong>Wo?<\/strong> zwischen Neustrelitz und Tollensesee, frei zug\u00e4nglich<\/p>\n<\/div>\n\n\n\n<div class=\"section\">\n<a class=\"gb-text btn gb-text-bc482091\" target=\"_blank\" rel=\"noopener\" href=\"https:\/\/www.mecklenburgische-seenplatte.de\/aussichtspunkte\">Weitere Aussichtsspunkte<\/a>\n<\/div>\n","protected":false},"excerpt":{"rendered":"<p>Aussichtst\u00fcrme und H\u00fcgel mit Weitblick: Hier liegt Dir die Mecklenburgische Seenplatte zu F\u00fc\u00dfen.<\/p>\n","protected":false},"author":1,"featured_media":32,"parent":0,"menu_order":0,"comment_status":"closed","ping_status":"closed","template":"","meta":{"slim_seo":{"title":"Sch\u00f6ne Aussichten - Herbsturlaub Mecklenburgische Seenplatte","description":"Aussichtst\u00fcrme und H\u00fcgel mit Weitblick: Hier liegt Dir die Mecklenburgische Seenplatte zu F\u00fc\u00dfen."},"footnotes":""},"categories":[],"class_list":["post-31","page","type-page","status-publish","has-post-thumbnail"],"_links":{"self":[{"href":"https:\/\/1000seen.de\/herbsturlaub\/wp-json\/wp\/v2\/pages\/31","targetHints":{"allow":["GET"]}}],"collection":[{"href":"https:\/\/1000seen.de\/herbsturlaub\/wp-json\/wp\/v2\/pages"}],"about":[{"href":"https:\/\/1000seen.de\/herbsturlaub\/wp-json\/wp\/v2\/types\/page"}],"author":[{"embeddable":true,"href":"https:\/\/1000seen.de\/herbsturlaub\/wp-json\/wp\/v2\/users\/1"}],"replies":[{"embeddable":true,"href":"https:\/\/1000seen.de\/herbsturlaub\/wp-json\/wp\/v2\/comments?post=31"}],"version-history":[{"count":0,"href":"https:\/\/1000seen.de\/herbsturlaub\/wp-json\/wp\/v2\/pages\/31\/revisions"}],"wp:featuredmedia":[{"embeddable":true,"href":"https:\/\/1000seen.de\/herbsturlaub\/wp-json\/wp\/v2\/media\/32"}],"wp:attachment":[{"href":"https:\/\/1000seen.de\/herbsturlaub\/wp-json\/wp\/v2\/media?parent=31"}],"wp:term":[{"taxonomy":"category","embeddable":true,"href":"https:\/\/1000seen.de\/herbsturlaub\/wp-json\/wp\/v2\/categories?post=31"}],"curies":[{"name":"wp","href":"https:\/\/api.w.org\/{rel}","templated":true}]}}