{"id":276,"date":"2022-08-01T10:00:00","date_gmt":"2022-08-01T08:00:00","guid":{"rendered":"https:\/\/1000seen.de\/herbsturlaub\/?page_id=276"},"modified":"2025-10-09T15:37:14","modified_gmt":"2025-10-09T13:37:14","slug":"kultur","status":"publish","type":"page","link":"https:\/\/1000seen.de\/herbsturlaub\/kultur\/","title":{"rendered":"Kultururlaub"},"content":{"rendered":"\n<h2 class=\"gb-text gb-text-7967fdf4\"><em>Kulturlandschaft der Mecklenburgischen Seenplatte<\/em><\/h2>\n\n\n\n<div class=\"gb-element-f06fa649 grid-2 gap-m\">\n<div>\n<p class=\"gb-text wp-embed-aspect-16-9 wp-has-aspect-ratio\">Die&nbsp;Kulturlandschaft der Mecklenburgischen Seenplatte ist gepr\u00e4gt von den <strong>Guts- und Herrenh\u00e4usern<\/strong> der landwirtschaftlichen G\u00fcter. Die stattlichen Bauten finden sich in fast jedem Ort im Land der 1000 Seen. Viele werden heute touristisch als Hotel, Restaurant, Museum oder Ferienwohnung genutzt. Viele Gutshausk\u00fcchen bringen regionale und saisonale Speisen auf die Karten. Im Herbst ist das vor allem Wild.<\/p>\n\n\n\n<p class=\"gb-text wp-embed-aspect-16-9 wp-has-aspect-ratio\">Das <strong>Agroneum in Alt Schwerin<\/strong> veranschaulicht als agrarhistorisches Freilichtmuseum die Guts- und Landwirtschaftsgeschichte Mecklenburgs. Zum Museum geh\u00f6ren au\u00dferdem einige Geb\u00e4ude im Gutsdorf wie die Dorfschule und Bauernh\u00e4user, die das Leben im 19. Jh. veranschaulichen. Die Sammlung auf der Freifl\u00e4che und in den Austellungshallen zeigt Techniken zum Anfassen: historische Arbeitsger\u00e4te, Traktoren und Agrarflieger. Traditionell im Herbst findet das K\u00fcrbisfest statt.<\/p>\n<\/div>\n\n\n\n<div class=\"gb-element-598cf88b\"><figure class=\"wp-block-embed-youtube wp-block-embed is-type-video is-provider-youtube wp-embed-aspect-16-9 wp-has-aspect-ratio\"><div class=\"lyte-wrapper\" title=\"Romantikwochenende in der Seenplatte: Zu Besuch in Gutsh&auml;usern | Mecklenburg-Vorpommern\" style=\"width:560px;max-width:100%;margin:5px auto;\"><div class=\"lyMe\" id=\"WYL_MRfeKqdu9jg\" itemprop=\"video\" itemscope itemtype=\"https:\/\/schema.org\/VideoObject\"><div><meta itemprop=\"thumbnailUrl\" content=\"https:\/\/1000seen.de\/herbsturlaub\/wp-content\/plugins\/wp-youtube-lyte\/lyteCache.php?origThumbUrl=https%3A%2F%2Fi.ytimg.com%2Fvi%2FMRfeKqdu9jg%2Fhqdefault.jpg\" \/><meta itemprop=\"embedURL\" content=\"https:\/\/www.youtube.com\/embed\/MRfeKqdu9jg\" \/><meta itemprop=\"duration\" content=\"PT58S\" \/><meta itemprop=\"uploadDate\" content=\"2024-02-20T06:15:00Z\" \/><\/div><div id=\"lyte_MRfeKqdu9jg\" data-src=\"https:\/\/1000seen.de\/herbsturlaub\/wp-content\/plugins\/wp-youtube-lyte\/lyteCache.php?origThumbUrl=https%3A%2F%2Fi.ytimg.com%2Fvi%2FMRfeKqdu9jg%2Fhqdefault.jpg\" class=\"pL\"><div class=\"tC\"><div class=\"tT\" itemprop=\"name\">Romantikwochenende in der Seenplatte: Zu Besuch in Gutsh\u00e4usern | Mecklenburg-Vorpommern<\/div><\/div><div class=\"play\"><\/div><div class=\"ctrl\"><div class=\"Lctrl\"><\/div><div class=\"Rctrl\"><\/div><\/div><\/div><noscript><a href=\"https:\/\/youtu.be\/MRfeKqdu9jg\" rel=\"nofollow\"><img loading=\"lazy\" decoding=\"async\" src=\"https:\/\/1000seen.de\/herbsturlaub\/wp-content\/plugins\/wp-youtube-lyte\/lyteCache.php?origThumbUrl=https%3A%2F%2Fi.ytimg.com%2Fvi%2FMRfeKqdu9jg%2F0.jpg\" alt=\"Romantikwochenende in der Seenplatte: Zu Besuch in Gutsh&auml;usern | Mecklenburg-Vorpommern\" width=\"560\" height=\"295\" \/><br \/>Dieses Video auf YouTube ansehen<\/a><\/noscript><meta itemprop=\"description\" content=\"Entflieht dem Alltag und genie\u00dft ein romantisches Wochenende in Mecklenburg-Vorpommern. Erlebt mit Manja und Manfred zwei Tage voller Liebe, Kultur und Genuss in zwei pr\u00e4chtigen Gutsh\u00e4usern. Zuerst verbringen Sie eine Nacht in Schloss Vietgest, dem letzten Barockschloss Mecklenburgs. Am n\u00e4chsten Tag besuchen Sie Schloss Kummerow - ein behutsam restauriertes Schloss mit einer f\u00fchrenden fotografischen Privatsammlung und am Abend genie\u00dfen Sie ein erstklassiges Musikkabarett in Schloss Vietgest. Zum Abschluss Ihres romantischen Wochenendes \u00fcbernachten Sie im Gutshaus Ludorf, einem liebevoll sanierten Landgut aus dem Jahr 1698. Ein einzigartiger Kurztrip f\u00fcr alle Paare, die sich eine Auszeit vom Alltag g\u00f6nnen m\u00f6chten. Hier sind einige der Highlights, die ihr in diesem Video erlebt: Romantische Zimmer in einem historischen Gutshaus Spazierg\u00e4nge durch einen Barockpark Sternegucken unter freiem Himmel F\u00fchrungen durch liebevoll sanierte Gutsh\u00e4user Eine \u00dcbersicht zu den Gutsh\u00e4usern und Schl\u00f6ssern findet ihr unter https:\/\/www.auf-nach-mv.de\/magazin\/romantikwochenende-gutshaus?utm_campaign=mvk&amp;utm_creative_format=videobeschreibung&amp;utm_source=youtube&amp;utm_medium=paid_social&amp;utm_term=videobeschreibung&amp;utm_content=magazin+mse+kultur Wenn Euch dieses Video gefallen hat, dann vergesst nicht, es zu liken, zu kommentieren oder zu teilen. \ud83e\udde1 \u2705 &quot;Abonniert&quot; uns, um keine neuen Videos zu verpassen! Folgt uns f\u00fcr mehr Inspiration: Facebook: https:\/\/www.facebook.com\/aufnachmv Instagram: https:\/\/www.instagram.com\/aufnachmv\"><\/div><\/div><div class=\"lL\" style=\"max-width:100%;width:560px;margin:5px auto;\"><\/div><figcaption><\/figcaption><\/figure><\/div>\n<\/div>\n\n\n\n<p class=\"gb-text\"> Laien k\u00f6nnen sich einfach von der funkelnden Pracht beeindrucken lassen oder mit Hilfe der Sternen-App durchs Firmament navigieren. Wer mehr wissen m\u00f6chte, kann an Sternenf\u00fchrungen teilnehmen, den <strong>Astrolehrpfad<\/strong> in der Mecklenburgischen Schweiz besuchen oder im Naturpark Nossentiner\/Schwinzer Heide auf Fototour gehen.<\/p>\n\n\n\n<p class=\"gb-text\">In Mirow gibt es ein <strong>Schloss<\/strong>, da hier einst die <strong>Herzoginnen von Mecklenburg Strelitz<\/strong> ihren Witwensitz hatten. Bis 2014 wurde das Schloss umfangreich saniert und steht heute als Museum den Besuchern offen. Zusammen mit dem 3 K\u00f6niginnen Palais, der Schlossinsel und Johanniterkirche bildet es ein Kleinod in dem Ort.<\/p>\n\n\n\n<p class=\"gb-text\">Kulturelles Highlight ist die <strong>Konzertkirche in Neubrandenburg<\/strong>. Au\u00dfen Kirche und innen Konzertsaal mit herausragendem Klang. Im Kirchturm befindet sich eine Ausstellung zur Backsteingotik. Von der Aussichtsplattform reicht der Blick \u00fcber die Stadt bis weit zum Tollensesee.<\/p>\n\n\n\n<div class=\"section\">\n<h2 class=\"gb-text\">Beliebte Ausflugsziele<\/h2>\n\n\n\n<div class=\"gb-element-57d7396c grid-3 gap-m\">\n<a class=\"ar-4-3 card gb-element-4cc85ec0\" href=\"https:\/\/www.mecklenburgische-seenplatte.de\/reiseziele\/konzertkirche-st-marien\" target=\"_blank\" rel=\"noopener\">\n<img loading=\"lazy\" decoding=\"async\" width=\"830\" height=\"553\" class=\"card--image gb-media-0fe87b29\" alt=\"\" src=\"https:\/\/1000seen.de\/herbsturlaub\/wp-content\/uploads\/sites\/5\/2022\/08\/konzertkirche-neubrandenburg-konzertsaal.jpg\" title=\"konzertkirche-neubrandenburg-konzertsaal\" srcset=\"https:\/\/1000seen.de\/herbsturlaub\/wp-content\/uploads\/sites\/5\/2022\/08\/konzertkirche-neubrandenburg-konzertsaal.jpg 830w, https:\/\/1000seen.de\/herbsturlaub\/wp-content\/uploads\/sites\/5\/2022\/08\/konzertkirche-neubrandenburg-konzertsaal-300x200.jpg 300w, https:\/\/1000seen.de\/herbsturlaub\/wp-content\/uploads\/sites\/5\/2022\/08\/konzertkirche-neubrandenburg-konzertsaal-768x512.jpg 768w\" sizes=\"auto, (max-width: 830px) 100vw, 830px\" \/>\n\n\n\n<div class=\"gb-element-aee5135a\" href=\"https:\/\/1000seen.de\/unterkuenfte\/suche\/?sortseed=3&#038;locale=de&#038;t=search&#038;filter.BOOLEAN.PROPERTY_TYPES.cat_apartment=true\">\n<div class=\"gb-element-f34fcb1f\">\n<p class=\"gb-text gb-text-743f80e0\">Konzertkirche Neubrandenburg<\/p>\n\n\n\n<span class=\"gb-shape card--arrow gb-shape-f8049387 link-arrow\"><svg xmlns=\"http:\/\/www.w3.org\/2000\/svg\" viewBox=\"0 0 256 512\" width=\"1em\" height=\"1em\" aria-hidden=\"true\"><path d=\"M224.3 273l-136 136c-9.4 9.4-24.6 9.4-33.9 0l-22.6-22.6c-9.4-9.4-9.4-24.6 0-33.9l96.4-96.4-96.4-96.4c-9.4-9.4-9.4-24.6 0-33.9L54.3 103c9.4-9.4 24.6-9.4 33.9 0l136 136c9.5 9.4 9.5 24.6.1 34z\" fill=\"currentColor\"><\/path><\/svg><\/span>\n<\/div>\n<\/div>\n<\/a>\n\n\n\n<a class=\"ar-4-3 card gb-element-d3386311\" href=\"https:\/\/www.mecklenburgische-seenplatte.de\/reiseziele\/kulturquartier-neustrelitz\" target=\"_blank\" rel=\"noopener\">\n<img loading=\"lazy\" decoding=\"async\" width=\"1200\" height=\"801\" class=\"card--image gb-media-bc56ced3\" alt=\"\" src=\"https:\/\/1000seen.de\/herbsturlaub\/wp-content\/uploads\/sites\/5\/2022\/08\/kulturquartier-neustrelitz.jpg\" title=\"kulturquartier-neustrelitz\" srcset=\"https:\/\/1000seen.de\/herbsturlaub\/wp-content\/uploads\/sites\/5\/2022\/08\/kulturquartier-neustrelitz.jpg 1200w, https:\/\/1000seen.de\/herbsturlaub\/wp-content\/uploads\/sites\/5\/2022\/08\/kulturquartier-neustrelitz-300x200.jpg 300w, https:\/\/1000seen.de\/herbsturlaub\/wp-content\/uploads\/sites\/5\/2022\/08\/kulturquartier-neustrelitz-1024x684.jpg 1024w, https:\/\/1000seen.de\/herbsturlaub\/wp-content\/uploads\/sites\/5\/2022\/08\/kulturquartier-neustrelitz-768x513.jpg 768w\" sizes=\"auto, (max-width: 1200px) 100vw, 1200px\" \/>\n\n\n\n<div class=\"gb-element-624b73af\" href=\"https:\/\/1000seen.de\/unterkuenfte\/suche\/?sortseed=3&#038;locale=de&#038;t=search&#038;filter.BOOLEAN.PROPERTY_TYPES.cat_apartment=true\">\n<div class=\"gb-element-ceee1ac7\">\n<p class=\"gb-text gb-text-6e07a7e9\">Kulturquartier Neustrelitz<\/p>\n\n\n\n<span class=\"gb-shape card--arrow gb-shape-9b25902f link-arrow\"><svg xmlns=\"http:\/\/www.w3.org\/2000\/svg\" viewBox=\"0 0 256 512\" width=\"1em\" height=\"1em\" aria-hidden=\"true\"><path d=\"M224.3 273l-136 136c-9.4 9.4-24.6 9.4-33.9 0l-22.6-22.6c-9.4-9.4-9.4-24.6 0-33.9l96.4-96.4-96.4-96.4c-9.4-9.4-9.4-24.6 0-33.9L54.3 103c9.4-9.4 24.6-9.4 33.9 0l136 136c9.5 9.4 9.5 24.6.1 34z\" fill=\"currentColor\"><\/path><\/svg><\/span>\n<\/div>\n<\/div>\n<\/a>\n\n\n\n<a class=\"ar-4-3 card gb-element-81c626c1\" href=\"https:\/\/www.mecklenburgische-seenplatte.de\/reiseziele\/landestheater-neustrelitz\" target=\"_blank\" rel=\"noopener\">\n<img loading=\"lazy\" decoding=\"async\" width=\"1920\" height=\"1280\" class=\"card--image gb-media-a28f78d3\" alt=\"\" src=\"https:\/\/1000seen.de\/herbsturlaub\/wp-content\/uploads\/sites\/5\/2022\/08\/landestheater-neustrelitz.jpg\" title=\"landestheater-neustrelitz\" srcset=\"https:\/\/1000seen.de\/herbsturlaub\/wp-content\/uploads\/sites\/5\/2022\/08\/landestheater-neustrelitz.jpg 1920w, https:\/\/1000seen.de\/herbsturlaub\/wp-content\/uploads\/sites\/5\/2022\/08\/landestheater-neustrelitz-300x200.jpg 300w, https:\/\/1000seen.de\/herbsturlaub\/wp-content\/uploads\/sites\/5\/2022\/08\/landestheater-neustrelitz-1024x683.jpg 1024w, https:\/\/1000seen.de\/herbsturlaub\/wp-content\/uploads\/sites\/5\/2022\/08\/landestheater-neustrelitz-768x512.jpg 768w, https:\/\/1000seen.de\/herbsturlaub\/wp-content\/uploads\/sites\/5\/2022\/08\/landestheater-neustrelitz-1536x1024.jpg 1536w\" sizes=\"auto, (max-width: 1920px) 100vw, 1920px\" \/>\n\n\n\n<div class=\"gb-element-93db87e6\" href=\"https:\/\/1000seen.de\/unterkuenfte\/suche\/?sortseed=3&#038;locale=de&#038;t=search&#038;filter.BOOLEAN.PROPERTY_TYPES.cat_apartment=true\">\n<div class=\"gb-element-6680d117\">\n<p class=\"gb-text gb-text-590d6cb7\">Landestheater Neustrelitz<\/p>\n\n\n\n<span class=\"gb-shape card--arrow gb-shape-bdd759bd link-arrow\"><svg xmlns=\"http:\/\/www.w3.org\/2000\/svg\" viewBox=\"0 0 256 512\" width=\"1em\" height=\"1em\" aria-hidden=\"true\"><path d=\"M224.3 273l-136 136c-9.4 9.4-24.6 9.4-33.9 0l-22.6-22.6c-9.4-9.4-9.4-24.6 0-33.9l96.4-96.4-96.4-96.4c-9.4-9.4-9.4-24.6 0-33.9L54.3 103c9.4-9.4 24.6-9.4 33.9 0l136 136c9.5 9.4 9.5 24.6.1 34z\" fill=\"currentColor\"><\/path><\/svg><\/span>\n<\/div>\n<\/div>\n<\/a>\n\n\n\n<a class=\"ar-4-3 card gb-element-b6d333eb\" href=\"https:\/\/www.mecklenburgische-seenplatte.de\/reiseziele\/3-koeniginnen-palais\" target=\"_blank\" rel=\"noopener\">\n<img loading=\"lazy\" decoding=\"async\" width=\"1920\" height=\"1280\" class=\"card--image gb-media-7e8fcb35\" alt=\"\" src=\"https:\/\/1000seen.de\/herbsturlaub\/wp-content\/uploads\/sites\/5\/2022\/08\/schlossinsel-mirow.jpg\" title=\"schlossinsel-mirow\" srcset=\"https:\/\/1000seen.de\/herbsturlaub\/wp-content\/uploads\/sites\/5\/2022\/08\/schlossinsel-mirow.jpg 1920w, https:\/\/1000seen.de\/herbsturlaub\/wp-content\/uploads\/sites\/5\/2022\/08\/schlossinsel-mirow-300x200.jpg 300w, https:\/\/1000seen.de\/herbsturlaub\/wp-content\/uploads\/sites\/5\/2022\/08\/schlossinsel-mirow-1024x683.jpg 1024w, https:\/\/1000seen.de\/herbsturlaub\/wp-content\/uploads\/sites\/5\/2022\/08\/schlossinsel-mirow-768x512.jpg 768w, https:\/\/1000seen.de\/herbsturlaub\/wp-content\/uploads\/sites\/5\/2022\/08\/schlossinsel-mirow-1536x1024.jpg 1536w\" sizes=\"auto, (max-width: 1920px) 100vw, 1920px\" \/>\n\n\n\n<div class=\"gb-element-2db09c32\" href=\"https:\/\/1000seen.de\/unterkuenfte\/suche\/?sortseed=3&#038;locale=de&#038;t=search&#038;filter.BOOLEAN.PROPERTY_TYPES.cat_apartment=true\">\n<div class=\"gb-element-a382f48e\">\n<p class=\"gb-text gb-text-33dfec0c\">3 K\u00f6niginnen Palais<\/p>\n\n\n\n<span class=\"gb-shape card--arrow gb-shape-572b59a0 link-arrow\"><svg xmlns=\"http:\/\/www.w3.org\/2000\/svg\" viewBox=\"0 0 256 512\" width=\"1em\" height=\"1em\" aria-hidden=\"true\"><path d=\"M224.3 273l-136 136c-9.4 9.4-24.6 9.4-33.9 0l-22.6-22.6c-9.4-9.4-9.4-24.6 0-33.9l96.4-96.4-96.4-96.4c-9.4-9.4-9.4-24.6 0-33.9L54.3 103c9.4-9.4 24.6-9.4 33.9 0l136 136c9.5 9.4 9.5 24.6.1 34z\" fill=\"currentColor\"><\/path><\/svg><\/span>\n<\/div>\n<\/div>\n<\/a>\n\n\n\n<a class=\"ar-4-3 card gb-element-44fa7f1a\" href=\"https:\/\/www.mecklenburgische-seenplatte.de\/reiseziele\/agroneum-alt-schwerin\" target=\"_blank\" rel=\"noopener\">\n<img loading=\"lazy\" decoding=\"async\" width=\"830\" height=\"553\" class=\"card--image gb-media-abbb8149\" alt=\"\" src=\"https:\/\/1000seen.de\/herbsturlaub\/wp-content\/uploads\/sites\/5\/2022\/08\/agroneum-alt-schwerin.jpg\" title=\"agroneum-alt-schwerin\" srcset=\"https:\/\/1000seen.de\/herbsturlaub\/wp-content\/uploads\/sites\/5\/2022\/08\/agroneum-alt-schwerin.jpg 830w, https:\/\/1000seen.de\/herbsturlaub\/wp-content\/uploads\/sites\/5\/2022\/08\/agroneum-alt-schwerin-300x200.jpg 300w, https:\/\/1000seen.de\/herbsturlaub\/wp-content\/uploads\/sites\/5\/2022\/08\/agroneum-alt-schwerin-768x512.jpg 768w\" sizes=\"auto, (max-width: 830px) 100vw, 830px\" \/>\n\n\n\n<div class=\"gb-element-439e7908\" href=\"https:\/\/1000seen.de\/unterkuenfte\/suche\/?sortseed=3&#038;locale=de&#038;t=search&#038;filter.BOOLEAN.PROPERTY_TYPES.cat_apartment=true\">\n<div class=\"gb-element-7881ff10\">\n<p class=\"gb-text gb-text-201fd275\">AGRONEUM Alt Schwerin<\/p>\n\n\n\n<span class=\"gb-shape card--arrow gb-shape-c490e93e link-arrow\"><svg xmlns=\"http:\/\/www.w3.org\/2000\/svg\" viewBox=\"0 0 256 512\" width=\"1em\" height=\"1em\" aria-hidden=\"true\"><path d=\"M224.3 273l-136 136c-9.4 9.4-24.6 9.4-33.9 0l-22.6-22.6c-9.4-9.4-9.4-24.6 0-33.9l96.4-96.4-96.4-96.4c-9.4-9.4-9.4-24.6 0-33.9L54.3 103c9.4-9.4 24.6-9.4 33.9 0l136 136c9.5 9.4 9.5 24.6.1 34z\" fill=\"currentColor\"><\/path><\/svg><\/span>\n<\/div>\n<\/div>\n<\/a>\n\n\n\n<a class=\"ar-4-3 card gb-element-b322ef2b\" href=\"https:\/\/www.mecklenburgische-seenplatte.de\/reiseziele\/heinrich-schliemann-museum\" target=\"_blank\" rel=\"noopener\">\n<img loading=\"lazy\" decoding=\"async\" width=\"1920\" height=\"1280\" class=\"card--image gb-media-0dc1ba30\" alt=\"\" src=\"https:\/\/1000seen.de\/herbsturlaub\/wp-content\/uploads\/sites\/5\/2022\/08\/schliemann-museum-ankershagen.jpg\" title=\"schliemann-museum-ankershagen\" srcset=\"https:\/\/1000seen.de\/herbsturlaub\/wp-content\/uploads\/sites\/5\/2022\/08\/schliemann-museum-ankershagen.jpg 1920w, https:\/\/1000seen.de\/herbsturlaub\/wp-content\/uploads\/sites\/5\/2022\/08\/schliemann-museum-ankershagen-300x200.jpg 300w, https:\/\/1000seen.de\/herbsturlaub\/wp-content\/uploads\/sites\/5\/2022\/08\/schliemann-museum-ankershagen-1024x683.jpg 1024w, https:\/\/1000seen.de\/herbsturlaub\/wp-content\/uploads\/sites\/5\/2022\/08\/schliemann-museum-ankershagen-768x512.jpg 768w, https:\/\/1000seen.de\/herbsturlaub\/wp-content\/uploads\/sites\/5\/2022\/08\/schliemann-museum-ankershagen-1536x1024.jpg 1536w\" sizes=\"auto, (max-width: 1920px) 100vw, 1920px\" \/>\n\n\n\n<div class=\"gb-element-fb0bde37\" href=\"https:\/\/1000seen.de\/unterkuenfte\/suche\/?sortseed=3&#038;locale=de&#038;t=search&#038;filter.BOOLEAN.PROPERTY_TYPES.cat_apartment=true\">\n<div class=\"gb-element-8b716410\">\n<p class=\"gb-text gb-text-c47d44f1\">Heinrich-Schliemann-Museum<\/p>\n\n\n\n<span class=\"gb-shape card--arrow gb-shape-3982cacf link-arrow\"><svg xmlns=\"http:\/\/www.w3.org\/2000\/svg\" viewBox=\"0 0 256 512\" width=\"1em\" height=\"1em\" aria-hidden=\"true\"><path d=\"M224.3 273l-136 136c-9.4 9.4-24.6 9.4-33.9 0l-22.6-22.6c-9.4-9.4-9.4-24.6 0-33.9l96.4-96.4-96.4-96.4c-9.4-9.4-9.4-24.6 0-33.9L54.3 103c9.4-9.4 24.6-9.4 33.9 0l136 136c9.5 9.4 9.5 24.6.1 34z\" fill=\"currentColor\"><\/path><\/svg><\/span>\n<\/div>\n<\/div>\n<\/a>\n<\/div>\n<\/div>\n\n\n","protected":false},"excerpt":{"rendered":"<p>Die\u00a0Kulturlandschaft der Mecklenburgischen Seenplatte ist gepr\u00e4gt von den Guts- und Herrenh\u00e4usern der landwirtschaftlichen G\u00fcter. Die stattlichen Bauten finden sich in fast jedem Ort im Land der 1000 Seen.<\/p>\n","protected":false},"author":1,"featured_media":277,"parent":0,"menu_order":0,"comment_status":"closed","ping_status":"closed","template":"","meta":{"slim_seo":{"title":"Kultururlaub - Herbsturlaub Mecklenburgische Seenplatte","description":"Die\u00a0Kulturlandschaft der Mecklenburgischen Seenplatte ist gepr\u00e4gt von den Guts- und Herrenh\u00e4usern der landwirtschaftlichen G\u00fcter. Die stattlichen Bauten finden"},"footnotes":""},"categories":[],"class_list":["post-276","page","type-page","status-publish","has-post-thumbnail"],"_links":{"self":[{"href":"https:\/\/1000seen.de\/herbsturlaub\/wp-json\/wp\/v2\/pages\/276","targetHints":{"allow":["GET"]}}],"collection":[{"href":"https:\/\/1000seen.de\/herbsturlaub\/wp-json\/wp\/v2\/pages"}],"about":[{"href":"https:\/\/1000seen.de\/herbsturlaub\/wp-json\/wp\/v2\/types\/page"}],"author":[{"embeddable":true,"href":"https:\/\/1000seen.de\/herbsturlaub\/wp-json\/wp\/v2\/users\/1"}],"replies":[{"embeddable":true,"href":"https:\/\/1000seen.de\/herbsturlaub\/wp-json\/wp\/v2\/comments?post=276"}],"version-history":[{"count":4,"href":"https:\/\/1000seen.de\/herbsturlaub\/wp-json\/wp\/v2\/pages\/276\/revisions"}],"predecessor-version":[{"id":1718,"href":"https:\/\/1000seen.de\/herbsturlaub\/wp-json\/wp\/v2\/pages\/276\/revisions\/1718"}],"wp:featuredmedia":[{"embeddable":true,"href":"https:\/\/1000seen.de\/herbsturlaub\/wp-json\/wp\/v2\/media\/277"}],"wp:attachment":[{"href":"https:\/\/1000seen.de\/herbsturlaub\/wp-json\/wp\/v2\/media?parent=276"}],"wp:term":[{"taxonomy":"category","embeddable":true,"href":"https:\/\/1000seen.de\/herbsturlaub\/wp-json\/wp\/v2\/categories?post=276"}],"curies":[{"name":"wp","href":"https:\/\/api.w.org\/{rel}","templated":true}]}}