{"id":239,"date":"2022-08-01T10:00:00","date_gmt":"2022-08-01T08:00:00","guid":{"rendered":"https:\/\/1000seen.de\/herbsturlaub\/?page_id=239"},"modified":"2025-09-08T12:55:08","modified_gmt":"2025-09-08T10:55:08","slug":"pilze-einmaleins","status":"publish","type":"page","link":"https:\/\/1000seen.de\/herbsturlaub\/pilze-einmaleins\/","title":{"rendered":"Pilze 1\u00d71"},"content":{"rendered":"\n<h2 class=\"gb-text gb-text-7967fdf4\"><em>Tipps f\u00fcr Pilzsammler<\/em><\/h2>\n\n\n\n<p class=\"gb-text\">In Deutschland gibt es 10 t\u00f6dlich giftige Pilze. Wer auf Nummer sicher gehen m\u00f6chte, sammelt nur R\u00f6hrenpilze. Hier gibt es zwar ungenie\u00dfbare Exemplare, aber keine t\u00f6dlich giftigen.<\/p>\n\n\n\n<div class=\"section\">\n<div class=\"gb-element-2a893ffb gap-s\">\n<div class=\"ar-16-9 gb-element-bb7ed3c6\">\n<img loading=\"lazy\" decoding=\"async\" width=\"300\" height=\"200\" class=\"gb-media-1f3877c9 is-style-default\" src=\"https:\/\/1000seen.de\/herbsturlaub\/wp-content\/uploads\/sites\/5\/2022\/08\/steinpilz-mueritz-nationalpark-300x200.jpg\" alt=\"\" srcset=\"https:\/\/1000seen.de\/herbsturlaub\/wp-content\/uploads\/sites\/5\/2022\/08\/steinpilz-mueritz-nationalpark-300x200.jpg 300w, https:\/\/1000seen.de\/herbsturlaub\/wp-content\/uploads\/sites\/5\/2022\/08\/steinpilz-mueritz-nationalpark-1024x683.jpg 1024w, https:\/\/1000seen.de\/herbsturlaub\/wp-content\/uploads\/sites\/5\/2022\/08\/steinpilz-mueritz-nationalpark-768x512.jpg 768w, https:\/\/1000seen.de\/herbsturlaub\/wp-content\/uploads\/sites\/5\/2022\/08\/steinpilz-mueritz-nationalpark-1536x1024.jpg 1536w, https:\/\/1000seen.de\/herbsturlaub\/wp-content\/uploads\/sites\/5\/2022\/08\/steinpilz-mueritz-nationalpark.jpg 1920w\" sizes=\"auto, (max-width: 300px) 100vw, 300px\" \/>\n<\/div>\n\n\n\n<div class=\"gb-element-71294634\">\n<h3 class=\"gb-text\"><strong>Steinpilz<\/strong><\/h3>\n\n\n\n<ul>\n<li class=\"gb-text\">Einer der beliebtesten Speisepilze.<\/li>\n\n\n\n<li class=\"gb-text\">Aussehen: brauner Hut, gelblicher Schwamm, helles Netzmuster am Stiel<\/li>\n\n\n\n<li class=\"gb-text\">Standort: Nadel- und Mischw\u00e4lder<\/li>\n<\/ul>\n<\/div>\n<\/div>\n<\/div>\n\n\n\n<div class=\"section\">\n<div class=\"gb-element-ed77f908 gap-s\">\n<div class=\"ar-16-9 gb-element-46ed74c9\">\n<img loading=\"lazy\" decoding=\"async\" width=\"300\" height=\"200\" class=\"gb-media-5988899f is-style-default\" src=\"https:\/\/1000seen.de\/herbsturlaub\/wp-content\/uploads\/sites\/5\/2022\/08\/gallenroehrling-pilze-mecklenburgische-seenplatte-300x200.jpg\" alt=\"Gallenroehrling pilze mecklenburgische seenplatte\" title=\"gallenroehrling-pilze-mecklenburgische-seenplatte\" srcset=\"https:\/\/1000seen.de\/herbsturlaub\/wp-content\/uploads\/sites\/5\/2022\/08\/gallenroehrling-pilze-mecklenburgische-seenplatte-300x200.jpg 300w, https:\/\/1000seen.de\/herbsturlaub\/wp-content\/uploads\/sites\/5\/2022\/08\/gallenroehrling-pilze-mecklenburgische-seenplatte-1024x683.jpg 1024w, https:\/\/1000seen.de\/herbsturlaub\/wp-content\/uploads\/sites\/5\/2022\/08\/gallenroehrling-pilze-mecklenburgische-seenplatte-768x512.jpg 768w, https:\/\/1000seen.de\/herbsturlaub\/wp-content\/uploads\/sites\/5\/2022\/08\/gallenroehrling-pilze-mecklenburgische-seenplatte-1536x1024.jpg 1536w, https:\/\/1000seen.de\/herbsturlaub\/wp-content\/uploads\/sites\/5\/2022\/08\/gallenroehrling-pilze-mecklenburgische-seenplatte.jpg 1920w\" sizes=\"auto, (max-width: 300px) 100vw, 300px\" \/>\n<\/div>\n\n\n\n<div class=\"gb-element-e406d497\">\n<h3 class=\"gb-text\">Verwechslungsgefahr: Gallenr\u00f6hrling<\/h3>\n\n\n\n<ul>\n<li class=\"gb-text\">Ungenie\u00dfbar<\/li>\n\n\n\n<li class=\"gb-text\">Bereits ein Exemplar in der Pfanne kann ein ganzes Gericht durch den bitteren Geschmack verderben.<\/li>\n\n\n\n<li class=\"gb-text\">Unterscheidung zum Steinpilz: Der Schwamm ist hellrosa, besonders bei den \u00e4lteren Exemplaren. Das Netzmuster am Stiel ist dunkler und intensiver als beim Steinpilz.<\/li>\n<\/ul>\n<\/div>\n<\/div>\n<\/div>\n\n\n\n<div class=\"section\">\n<div class=\"gb-element-34b6867e gap-s\">\n<div class=\"ar-16-9 gb-element-7a3348cf\">\n<img loading=\"lazy\" decoding=\"async\" width=\"300\" height=\"199\" class=\"gb-media-926113af is-style-default\" src=\"https:\/\/1000seen.de\/herbsturlaub\/wp-content\/uploads\/sites\/5\/2022\/08\/maronenroehrling-pilze-mecklenburgische-seenplatte-300x199.jpg\" alt=\"Maronenroehrling pilze mecklenburgische seenplatte\" title=\"maronenroehrling-pilze-mecklenburgische-seenplatte\" srcset=\"https:\/\/1000seen.de\/herbsturlaub\/wp-content\/uploads\/sites\/5\/2022\/08\/maronenroehrling-pilze-mecklenburgische-seenplatte-300x199.jpg 300w, https:\/\/1000seen.de\/herbsturlaub\/wp-content\/uploads\/sites\/5\/2022\/08\/maronenroehrling-pilze-mecklenburgische-seenplatte-1024x678.jpg 1024w, https:\/\/1000seen.de\/herbsturlaub\/wp-content\/uploads\/sites\/5\/2022\/08\/maronenroehrling-pilze-mecklenburgische-seenplatte-768x508.jpg 768w, https:\/\/1000seen.de\/herbsturlaub\/wp-content\/uploads\/sites\/5\/2022\/08\/maronenroehrling-pilze-mecklenburgische-seenplatte-1536x1017.jpg 1536w, https:\/\/1000seen.de\/herbsturlaub\/wp-content\/uploads\/sites\/5\/2022\/08\/maronenroehrling-pilze-mecklenburgische-seenplatte.jpg 1920w\" sizes=\"auto, (max-width: 300px) 100vw, 300px\" \/>\n<\/div>\n\n\n\n<div class=\"gb-element-ffc295f0\">\n<h3 class=\"gb-text\"><strong>Marone<\/strong><\/h3>\n\n\n\n<ul>\n<li class=\"gb-text\">Sehr guter Speisepilz<\/li>\n\n\n\n<li class=\"gb-text\">Aussehen: brauner Hut, lederartig bei trockenem Wetter, schmierig bei Feuchtigkeit. An Druckstellen l\u00e4uft der Pilz sofort blau an. Marmorierter Stiel, ohne Netz<\/li>\n\n\n\n<li class=\"gb-text\">Standort: Nadel- und Mischw\u00e4lder<\/li>\n<\/ul>\n<\/div>\n<\/div>\n<\/div>\n\n\n\n<div class=\"section\">\n<div class=\"gb-element-6f23bacb gap-s\">\n<div class=\"ar-16-9 gb-element-c3b12e61\">\n<img loading=\"lazy\" decoding=\"async\" width=\"300\" height=\"200\" class=\"gb-media-5578c1cd is-style-default\" src=\"https:\/\/1000seen.de\/herbsturlaub\/wp-content\/uploads\/sites\/5\/2022\/08\/hexenroehrling-pilze-mecklenburgische-seenplatte-300x200.jpg\" alt=\"Hexenroehrling pilze mecklenburgische seenplatte\" title=\"hexenroehrling-pilze-mecklenburgische-seenplatte\" srcset=\"https:\/\/1000seen.de\/herbsturlaub\/wp-content\/uploads\/sites\/5\/2022\/08\/hexenroehrling-pilze-mecklenburgische-seenplatte-300x200.jpg 300w, https:\/\/1000seen.de\/herbsturlaub\/wp-content\/uploads\/sites\/5\/2022\/08\/hexenroehrling-pilze-mecklenburgische-seenplatte-1024x683.jpg 1024w, https:\/\/1000seen.de\/herbsturlaub\/wp-content\/uploads\/sites\/5\/2022\/08\/hexenroehrling-pilze-mecklenburgische-seenplatte-768x512.jpg 768w, https:\/\/1000seen.de\/herbsturlaub\/wp-content\/uploads\/sites\/5\/2022\/08\/hexenroehrling-pilze-mecklenburgische-seenplatte-1536x1024.jpg 1536w, https:\/\/1000seen.de\/herbsturlaub\/wp-content\/uploads\/sites\/5\/2022\/08\/hexenroehrling-pilze-mecklenburgische-seenplatte.jpg 1920w\" sizes=\"auto, (max-width: 300px) 100vw, 300px\" \/>\n<\/div>\n\n\n\n<div class=\"gb-element-9cd3bb71\">\n<h3 class=\"gb-text\"><strong>Hexenr\u00f6hrling<\/strong><\/h3>\n\n\n\n<ul>\n<li class=\"gb-text\">Sehr guter Speisepilz, muss aber mindestens 20 min erhitzt werden.<\/li>\n\n\n\n<li class=\"gb-text\">Aussehen: Die Kappe ist samtig und braun. Auffallend ist der intensiv rote Stiel. An der Schnittstelle l\u00e4uft der Pilz sofort tief blau an.<\/li>\n\n\n\n<li class=\"gb-text\">Standort: in der N\u00e4he von Buchen, Eichen und Fichten<\/li>\n<\/ul>\n<\/div>\n<\/div>\n<\/div>\n\n\n\n<div class=\"section\">\n<div class=\"gb-element-69e8b9d5 gap-s\">\n<div class=\"ar-16-9 gb-element-d9b6ac3d\">\n<img loading=\"lazy\" decoding=\"async\" width=\"300\" height=\"200\" class=\"gb-media-2d68af59 is-style-default\" src=\"https:\/\/1000seen.de\/herbsturlaub\/wp-content\/uploads\/sites\/5\/2022\/08\/pfifferling-pilze-mecklenburgische-seenplatte-300x200.jpg\" alt=\"Pfifferling pilze mecklenburgische seenplatte\" title=\"pfifferling-pilze-mecklenburgische-seenplatte\" srcset=\"https:\/\/1000seen.de\/herbsturlaub\/wp-content\/uploads\/sites\/5\/2022\/08\/pfifferling-pilze-mecklenburgische-seenplatte-300x200.jpg 300w, https:\/\/1000seen.de\/herbsturlaub\/wp-content\/uploads\/sites\/5\/2022\/08\/pfifferling-pilze-mecklenburgische-seenplatte-1024x683.jpg 1024w, https:\/\/1000seen.de\/herbsturlaub\/wp-content\/uploads\/sites\/5\/2022\/08\/pfifferling-pilze-mecklenburgische-seenplatte-768x512.jpg 768w, https:\/\/1000seen.de\/herbsturlaub\/wp-content\/uploads\/sites\/5\/2022\/08\/pfifferling-pilze-mecklenburgische-seenplatte-1536x1024.jpg 1536w, https:\/\/1000seen.de\/herbsturlaub\/wp-content\/uploads\/sites\/5\/2022\/08\/pfifferling-pilze-mecklenburgische-seenplatte.jpg 1920w\" sizes=\"auto, (max-width: 300px) 100vw, 300px\" \/>\n<\/div>\n\n\n\n<div class=\"gb-element-01d16815\">\n<h3 class=\"gb-text\"><strong>Pfifferling<\/strong><\/h3>\n\n\n\n<ul>\n<li class=\"gb-text\">Aromatischer, pfeffriger Pilz.<\/li>\n\n\n\n<li class=\"gb-text\">Aussehen: gelbliche Kappe mit gebogenem, welligem Rand. Die Leisten laufen weit am Stiel herab.<\/li>\n\n\n\n<li class=\"gb-text\">Standort: Laub- und Nadelw\u00e4lder<\/li>\n\n\n\n<li class=\"gb-text\">Verwechslungsgefahr mit dem Falschen Pifferling. Die F\u00e4rbung kann bis in Orange gehen. Im Gegensatz zum Pifferling hat er keine Leisten, sondern Lamellen, die sich leicht l\u00f6sen lassen. Der Hutrand ist eingerollt. Er ist ein minderwertiger Pilz, der bei \u00fcberm\u00e4\u00dfigem Verzehr Magenbeschwerden ausl\u00f6sen kann.<\/li>\n<\/ul>\n<\/div>\n<\/div>\n<\/div>\n\n\n\n<div class=\"section\">\n<div class=\"gb-element-d1bde169 gap-s\">\n<div class=\"ar-16-9 gb-element-b3aae9df\">\n<img loading=\"lazy\" decoding=\"async\" width=\"300\" height=\"200\" class=\"gb-media-0dbdfaca is-style-default\" src=\"https:\/\/1000seen.de\/herbsturlaub\/wp-content\/uploads\/sites\/5\/2022\/08\/schirmpilz-pilze-mecklenburgische-seenplatte-300x200.jpg\" alt=\"Schirmpilz pilze mecklenburgische seenplatte\" title=\"schirmpilz-pilze-mecklenburgische-seenplatte\" srcset=\"https:\/\/1000seen.de\/herbsturlaub\/wp-content\/uploads\/sites\/5\/2022\/08\/schirmpilz-pilze-mecklenburgische-seenplatte-300x200.jpg 300w, https:\/\/1000seen.de\/herbsturlaub\/wp-content\/uploads\/sites\/5\/2022\/08\/schirmpilz-pilze-mecklenburgische-seenplatte-1024x683.jpg 1024w, https:\/\/1000seen.de\/herbsturlaub\/wp-content\/uploads\/sites\/5\/2022\/08\/schirmpilz-pilze-mecklenburgische-seenplatte-768x512.jpg 768w, https:\/\/1000seen.de\/herbsturlaub\/wp-content\/uploads\/sites\/5\/2022\/08\/schirmpilz-pilze-mecklenburgische-seenplatte-1536x1024.jpg 1536w, https:\/\/1000seen.de\/herbsturlaub\/wp-content\/uploads\/sites\/5\/2022\/08\/schirmpilz-pilze-mecklenburgische-seenplatte.jpg 1920w\" sizes=\"auto, (max-width: 300px) 100vw, 300px\" \/>\n<\/div>\n\n\n\n<div class=\"gb-element-fd8faf9a\">\n<h3 class=\"gb-text\"><strong>Schirmpilz<\/strong><\/h3>\n\n\n\n<ul>\n<li class=\"gb-text\">Im Ganzen paniert und gebraten wie ein Schnitzel ist der Pilz besonders schmackhaft.<\/li>\n\n\n\n<li class=\"gb-text\">Aussehen: Die Pilze fallen besonders durch ihre Gr\u00f6\u00dfe auf. Der Hut kann einen Durchmesser bis zu 30 cm erreichen und eine Wuchsh\u00f6he von 20 cm. Bei den jungen Pilzen ist der Hut noch nach unten hin geschlossen. Wenn er aufbricht, schuppt die Oberfl\u00e4che. Ein wichtiges Merkmal ist der verschiebbare Ring am Stiel. Dieser ist nicht fest gewachsen. Das unterscheidet ihn von anderen Schirmlingen.<\/li>\n\n\n\n<li class=\"gb-text\">Standort: Wiesen, Lichtungen, Stra\u00dfenrand<\/li>\n<\/ul>\n<\/div>\n<\/div>\n<\/div>\n","protected":false},"excerpt":{"rendered":"<p>In Deutschland gibt es 10 t\u00f6dlich giftige Pilze. Wer auf Nummer sicher gehen m\u00f6chte, sammelt nur R\u00f6hrenpilze. Hier gibt es zwar ungenie\u00dfbare Exemplare, aber keine t\u00f6dlich giftigen.<\/p>\n","protected":false},"author":1,"featured_media":240,"parent":0,"menu_order":0,"comment_status":"closed","ping_status":"closed","template":"","meta":{"slim_seo":{"title":"Pilze 1\u00d71 - Herbsturlaub Mecklenburgische Seenplatte","description":"In Deutschland gibt es 10 t\u00f6dlich giftige Pilze. Wer auf Nummer sicher gehen m\u00f6chte, sammelt nur R\u00f6hrenpilze. Hier gibt es zwar ungenie\u00dfbare Exemplare, aber kei"},"footnotes":""},"categories":[],"class_list":["post-239","page","type-page","status-publish","has-post-thumbnail"],"_links":{"self":[{"href":"https:\/\/1000seen.de\/herbsturlaub\/wp-json\/wp\/v2\/pages\/239","targetHints":{"allow":["GET"]}}],"collection":[{"href":"https:\/\/1000seen.de\/herbsturlaub\/wp-json\/wp\/v2\/pages"}],"about":[{"href":"https:\/\/1000seen.de\/herbsturlaub\/wp-json\/wp\/v2\/types\/page"}],"author":[{"embeddable":true,"href":"https:\/\/1000seen.de\/herbsturlaub\/wp-json\/wp\/v2\/users\/1"}],"replies":[{"embeddable":true,"href":"https:\/\/1000seen.de\/herbsturlaub\/wp-json\/wp\/v2\/comments?post=239"}],"version-history":[{"count":0,"href":"https:\/\/1000seen.de\/herbsturlaub\/wp-json\/wp\/v2\/pages\/239\/revisions"}],"wp:featuredmedia":[{"embeddable":true,"href":"https:\/\/1000seen.de\/herbsturlaub\/wp-json\/wp\/v2\/media\/240"}],"wp:attachment":[{"href":"https:\/\/1000seen.de\/herbsturlaub\/wp-json\/wp\/v2\/media?parent=239"}],"wp:term":[{"taxonomy":"category","embeddable":true,"href":"https:\/\/1000seen.de\/herbsturlaub\/wp-json\/wp\/v2\/categories?post=239"}],"curies":[{"name":"wp","href":"https:\/\/api.w.org\/{rel}","templated":true}]}}