{"id":233,"date":"2022-08-01T10:00:00","date_gmt":"2022-08-01T08:00:00","guid":{"rendered":"https:\/\/1000seen.de\/herbsturlaub\/?page_id=233"},"modified":"2025-09-08T05:14:32","modified_gmt":"2025-09-08T03:14:32","slug":"pilze-regeln-nationalpark","status":"publish","type":"page","link":"https:\/\/1000seen.de\/herbsturlaub\/pilze-regeln-nationalpark\/","title":{"rendered":"Pilze sammeln"},"content":{"rendered":"\n<h2 class=\"gb-text gb-text-7967fdf4\"><em>Verhaltensregeln f\u00fcr Pilzsammler im M\u00fcritz-Nationalpark<\/em><\/h2>\n\n\n\n<p class=\"gb-text\">Der herbstliche Wald steckt voller kulinarischer Verf\u00fchrungen. Doch Pilze sind weit mehr als nur eine Bereicherung f\u00fcr den Kochtopf. Pilze sind etwas ganz Spezielles, sie spielen eine wichtige Rolle im \u00d6kosystem Wald. Sie, die eine Symbiose mit den B\u00e4umen eingehen und f\u00fcr einen N\u00e4hrstoffaustausch sorgen, sind die stillen Helfer des Waldes.<\/p>\n\n\n\n<p class=\"gb-text\">Deshalb bittet die Nationalparkverwaltung alle Jahre wieder um Beachtung der geltenden Regelungen.<\/p>\n\n\n\n<p class=\"gb-text\">In der Kernzone des Nationalparks d\u00fcrfen sich nur die tierischen Bewohner an den Leckereien der Natur laben, f\u00fcr alle anderen gilt: <strong>Sammeln von Pilzen und Beeren sowie Verlassen der Wege verboten!<\/strong> W\u00fcrde sich jeder Pilzsammler seinen eigenen Weg durch den Nationalpark bahnen, k\u00e4men viele Tiere in Bedr\u00e4ngnis. Jede St\u00f6rung kostet Energie, weil die Tiere die Flucht ergreifen und ihre Nahrungssuche unterbrechen m\u00fcssen. Dies ist gerade im Herbst fatal, wenn sich die Tiere eine Fettschicht f\u00fcr den bevorstehenden Winter anfressen m\u00fcssen.<\/p>\n\n\n\n<p class=\"gb-text\">Wer im Nationalpark Pilze und Beeren sammeln m\u00f6chte, darf dies in der Entwicklungszone tun, allerdings nur zum pers\u00f6nlichen Bedarf und auf schonende Weise. Das Sammeln f\u00fcr den eigenen Bedarf bedeutet nicht, wahllos Pilze in gro\u00dfer Menge sammeln zu d\u00fcrfen.&nbsp;<strong>\u00dcberm\u00e4\u00dfiges Pilzsammeln oder gar das Sammeln mit der Absicht des Weiterverkaufs sind verboten.&nbsp;<\/strong>Es sollten zudem nur essbare Pilze gesammelt werden, die man genau kennt.<\/p>\n\n\n\n<p class=\"gb-text\">Denn wer erst s\u00e4mtliche Pilze sammelt, um anschlie\u00dfend festzustellen, dass sie nicht genie\u00dfbar sind, zerst\u00f6rt wichtige Pilzvorkommen. Viele bei den Sammlern beliebte Pilze z\u00e4hlen au\u00dferdem laut Bundesartenschutzverordnung zu den besonders gesch\u00fctzten Arten.<\/p>\n\n\n\n<p class=\"gb-text\">Ausgenommen sind Steinpilze, Pfifferlinge, Birkenpilze und Rotkappen, Morcheln, Schweinsohr und Br\u00e4tling in geringer Menge f\u00fcr den eigenen Bedarf.<\/p>\n\n\n\n<p class=\"gb-text\">Pilzfreunde sind deshalb angehalten, sich vor der Wanderung an den Informationstafeln \u00fcber die Zornierung im Nationalpark zu informieren. Die Informationstafeln stehen an allen wichtigen Eing\u00e4ngen zum Nationalpark und in den Ortschaften im Nationalpark.<\/p>\n\n\n\n<p class=\"gb-text\"><strong>Hundehalter sollten zudem beachten, dass Hunde im Nationalpark an der Leine zu f\u00fchren sind.<\/strong><\/p>\n\n\n\n<p class=\"gb-text\">Die Nationalparkverwaltung weist ferner darauf hin, dass das Befahren von Wald- und anderen nicht\u00f6ffentlichen Wegen mit Kraftfahrzeugen aller Art verboten ist. Alle Pilzfreunde werden gebeten, ihre Fahrzeuge auf den beschilderten Park- und Rastpl\u00e4tzen abzustellen.<\/p>\n\n\n\n<p class=\"gb-text\">Die Nationalparkranger sind verst\u00e4rkt vor Ort unterwegs und stehen f\u00fcr R\u00fcckfragen zur Verf\u00fcgung, ermahnen oder verwarnen aber auch bei Verst\u00f6\u00dfen. Insbesondere wer beim gewerbsm\u00e4\u00dfigen Pilzsammeln in gro\u00dfem Stil erwischt wird, dem droht ein empfindliches Bu\u00dfgeld. Die gleichen Regeln gelten im \u00dcbrigen auch f\u00fcr das Sammeln von Beeren und Pflanzen.<\/p>\n\n\n\n<p><\/p>\n","protected":false},"excerpt":{"rendered":"<p>Der herbstliche Wald steckt voller kulinarischer Verf\u00fchrungen. Aber f\u00fcr Pilzsammler im M\u00fcritz-Nationalpark gelten besonder Verhaltensregeln. <\/p>\n","protected":false},"author":1,"featured_media":234,"parent":0,"menu_order":0,"comment_status":"closed","ping_status":"closed","template":"","meta":{"slim_seo":{"title":"Pilze sammeln - Herbsturlaub Mecklenburgische Seenplatte","description":"Der herbstliche Wald steckt voller kulinarischer Verf\u00fchrungen. Aber f\u00fcr Pilzsammler im M\u00fcritz-Nationalpark gelten besonder Verhaltensregeln."},"footnotes":""},"categories":[],"class_list":["post-233","page","type-page","status-publish","has-post-thumbnail"],"_links":{"self":[{"href":"https:\/\/1000seen.de\/herbsturlaub\/wp-json\/wp\/v2\/pages\/233","targetHints":{"allow":["GET"]}}],"collection":[{"href":"https:\/\/1000seen.de\/herbsturlaub\/wp-json\/wp\/v2\/pages"}],"about":[{"href":"https:\/\/1000seen.de\/herbsturlaub\/wp-json\/wp\/v2\/types\/page"}],"author":[{"embeddable":true,"href":"https:\/\/1000seen.de\/herbsturlaub\/wp-json\/wp\/v2\/users\/1"}],"replies":[{"embeddable":true,"href":"https:\/\/1000seen.de\/herbsturlaub\/wp-json\/wp\/v2\/comments?post=233"}],"version-history":[{"count":0,"href":"https:\/\/1000seen.de\/herbsturlaub\/wp-json\/wp\/v2\/pages\/233\/revisions"}],"wp:featuredmedia":[{"embeddable":true,"href":"https:\/\/1000seen.de\/herbsturlaub\/wp-json\/wp\/v2\/media\/234"}],"wp:attachment":[{"href":"https:\/\/1000seen.de\/herbsturlaub\/wp-json\/wp\/v2\/media?parent=233"}],"wp:term":[{"taxonomy":"category","embeddable":true,"href":"https:\/\/1000seen.de\/herbsturlaub\/wp-json\/wp\/v2\/categories?post=233"}],"curies":[{"name":"wp","href":"https:\/\/api.w.org\/{rel}","templated":true}]}}