{"id":216,"date":"2022-08-01T10:00:00","date_gmt":"2022-08-01T08:00:00","guid":{"rendered":"https:\/\/1000seen.de\/herbsturlaub\/?page_id=216"},"modified":"2025-09-10T11:09:20","modified_gmt":"2025-09-10T09:09:20","slug":"sterne","status":"publish","type":"page","link":"https:\/\/1000seen.de\/herbsturlaub\/sterne\/","title":{"rendered":"Sternstunden"},"content":{"rendered":"\n<h2 class=\"gb-text gb-text-7967fdf4\"><em>Fantastische Sternenhimmel<\/em><\/h2>\n\n\n\n<div class=\"gb-element-f06fa649 grid-2 gap-m\">\n<div>\n<p class=\"gb-text\">Sp\u00e4tsommer und Herbst sind <strong>die besten Jahreszeiten, um Sterne zu beobachten<\/strong>. Denn Mitte September geht die Sonne gegen 19.30 Uhr unter. Die Abende k\u00f6nnen jedoch noch mild sein. Mitte Oktober ist der Sonnenuntergang bereits gegen 18 Uhr. Danach beginnt die <strong>Milchstra\u00dfe<\/strong> zu funkeln. Der Blick ins Firmament lohnt, denn an vielen Orten der Seenplatte wird es aufgrund der geringen Lichtverschmutzung richtig dunkel.<\/p>\n\n\n\n<p class=\"gb-text\">Laien k\u00f6nnen sich einfach von der funkelnden Pracht beeindrucken lassen oder mit Hilfe der <strong>Sternen-App<\/strong> durchs Firmament navigieren. Wer mehr wissen m\u00f6chte, kann an Sternenf\u00fchrungen teilnehmen, den <strong>Astrolehrpfad<\/strong> in der Mecklenburgischen Schweiz besuchen oder im Naturpark Nossentiner\/Schwinzer Heide auf Fototour gehen.<\/p>\n<\/div>\n\n\n\n<div class=\"gb-element-598cf88b\"><figure class=\"wp-block-embed-youtube wp-block-embed is-type-video is-provider-youtube wp-embed-aspect-16-9 wp-has-aspect-ratio\"><div class=\"lyte-wrapper\" title=\"Tiere der Nacht - Erlebnistouren unterm Sternenhimmel\" style=\"width:560px;max-width:100%;margin:5px auto;\"><div class=\"lyMe\" id=\"WYL_M7vLm1O07LY\" itemprop=\"video\" itemscope itemtype=\"https:\/\/schema.org\/VideoObject\"><div><meta itemprop=\"thumbnailUrl\" content=\"https:\/\/1000seen.de\/herbsturlaub\/wp-content\/plugins\/wp-youtube-lyte\/lyteCache.php?origThumbUrl=https%3A%2F%2Fi.ytimg.com%2Fvi%2FM7vLm1O07LY%2Fhqdefault.jpg\" \/><meta itemprop=\"embedURL\" content=\"https:\/\/www.youtube.com\/embed\/M7vLm1O07LY\" \/><meta itemprop=\"duration\" content=\"PT2M16S\" \/><meta itemprop=\"uploadDate\" content=\"2019-02-14T09:47:47Z\" \/><\/div><div id=\"lyte_M7vLm1O07LY\" data-src=\"https:\/\/1000seen.de\/herbsturlaub\/wp-content\/plugins\/wp-youtube-lyte\/lyteCache.php?origThumbUrl=https%3A%2F%2Fi.ytimg.com%2Fvi%2FM7vLm1O07LY%2Fhqdefault.jpg\" class=\"pL\"><div class=\"tC\"><div class=\"tT\" itemprop=\"name\">Tiere der Nacht - Erlebnistouren unterm Sternenhimmel<\/div><\/div><div class=\"play\"><\/div><div class=\"ctrl\"><div class=\"Lctrl\"><\/div><div class=\"Rctrl\"><\/div><\/div><\/div><noscript><a href=\"https:\/\/youtu.be\/M7vLm1O07LY\" rel=\"nofollow\"><img loading=\"lazy\" decoding=\"async\" src=\"https:\/\/1000seen.de\/herbsturlaub\/wp-content\/plugins\/wp-youtube-lyte\/lyteCache.php?origThumbUrl=https%3A%2F%2Fi.ytimg.com%2Fvi%2FM7vLm1O07LY%2F0.jpg\" alt=\"Tiere der Nacht - Erlebnistouren unterm Sternenhimmel\" width=\"560\" height=\"295\" \/><br \/>Dieses Video auf YouTube ansehen<\/a><\/noscript><meta itemprop=\"description\" content=\"Natur sp\u00fcren, sehen und erleben - nachts unter dem klarsten Sternenhimmel weit und breit liegen, Sternschnuppen z\u00e4hlen und den Flederm\u00e4usen beim Ausschw\u00e4rmen zuh\u00f6ren, kann man nur in der Nossentiner\/Schwinzer Heide. Die n\u00e4chtlichen Erlebnistouren in der Natur Mecklenburg-Vorpommerns sind ein unvergessliches Urlaubserlebnis. Nicht weit entfernt leben im B\u00c4RENWALD M\u00fcritz Braunb\u00e4ren von nah und fern, die hier ein besseres zu Hause gefunden haben. Erfahren Sie mehr: https:\/\/www.auf-nach-mv.de\/natur http:\/\/natur-mv.de\/ http:\/\/www.baerenwald-mueritz.de\/de\/\"><\/div><\/div><div class=\"lL\" style=\"max-width:100%;width:560px;margin:5px auto;\"><\/div><figcaption><\/figcaption><\/figure><\/div>\n<\/div>\n\n\n\n<div class=\"section\">\n<div class=\"gb-element-57d7396c grid-3 gap-m\">\n<a class=\"ar-4-3 card gb-element-b6d333eb\" href=\"https:\/\/www.mecklenburgische-seenplatte.de\/reiseziele\/astronomiestation-demmin-wasserturm\" target=\"_blank\" rel=\"noopener\">\n<img loading=\"lazy\" decoding=\"async\" width=\"1920\" height=\"1280\" class=\"card--image gb-media-0fe87b29\" alt=\"\" src=\"https:\/\/1000seen.de\/herbsturlaub\/wp-content\/uploads\/sites\/5\/2022\/08\/astronomiestation-demminjpg.jpg\" title=\"astronomiestation-demminjpg\" srcset=\"https:\/\/1000seen.de\/herbsturlaub\/wp-content\/uploads\/sites\/5\/2022\/08\/astronomiestation-demminjpg.jpg 1920w, https:\/\/1000seen.de\/herbsturlaub\/wp-content\/uploads\/sites\/5\/2022\/08\/astronomiestation-demminjpg-300x200.jpg 300w, https:\/\/1000seen.de\/herbsturlaub\/wp-content\/uploads\/sites\/5\/2022\/08\/astronomiestation-demminjpg-1024x683.jpg 1024w, https:\/\/1000seen.de\/herbsturlaub\/wp-content\/uploads\/sites\/5\/2022\/08\/astronomiestation-demminjpg-768x512.jpg 768w, https:\/\/1000seen.de\/herbsturlaub\/wp-content\/uploads\/sites\/5\/2022\/08\/astronomiestation-demminjpg-1536x1024.jpg 1536w\" sizes=\"auto, (max-width: 1920px) 100vw, 1920px\" \/>\n\n\n\n<div class=\"gb-element-aee5135a\" href=\"https:\/\/1000seen.de\/unterkuenfte\/suche\/?sortseed=3&#038;locale=de&#038;t=search&#038;filter.BOOLEAN.PROPERTY_TYPES.cat_apartment=true\">\n<div class=\"gb-element-f34fcb1f\">\n<p class=\"gb-text gb-text-743f80e0\">Sternwarte Demmin<\/p>\n\n\n\n<span class=\"gb-shape card--arrow gb-shape-f8049387 link-arrow\"><svg aria-hidden=\"true\" height=\"1em\" width=\"1em\" viewBox=\"0 0 256 512\" xmlns=\"http:\/\/www.w3.org\/2000\/svg\"><path fill=\"currentColor\" d=\"M224.3 273l-136 136c-9.4 9.4-24.6 9.4-33.9 0l-22.6-22.6c-9.4-9.4-9.4-24.6 0-33.9l96.4-96.4-96.4-96.4c-9.4-9.4-9.4-24.6 0-33.9L54.3 103c9.4-9.4 24.6-9.4 33.9 0l136 136c9.5 9.4 9.5 24.6.1 34z\"><\/path><\/svg><\/span>\n<\/div>\n<\/div>\n<\/a>\n\n\n\n<a class=\"ar-4-3 card gb-element-44fa7f1a\" href=\"https:\/\/www.mecklenburgische-seenplatte.de\/naturpark-nossentiner-schwinzer-heide\" target=\"_blank\" rel=\"noopener\">\n<img loading=\"lazy\" decoding=\"async\" width=\"1920\" height=\"1280\" class=\"card--image gb-media-bc56ced3\" alt=\"\" src=\"https:\/\/1000seen.de\/herbsturlaub\/wp-content\/uploads\/sites\/5\/2022\/08\/naturpark-mecklenburgische-seenplatte.jpg\" title=\"naturpark-mecklenburgische-seenplatte\" srcset=\"https:\/\/1000seen.de\/herbsturlaub\/wp-content\/uploads\/sites\/5\/2022\/08\/naturpark-mecklenburgische-seenplatte.jpg 1920w, https:\/\/1000seen.de\/herbsturlaub\/wp-content\/uploads\/sites\/5\/2022\/08\/naturpark-mecklenburgische-seenplatte-300x200.jpg 300w, https:\/\/1000seen.de\/herbsturlaub\/wp-content\/uploads\/sites\/5\/2022\/08\/naturpark-mecklenburgische-seenplatte-1024x683.jpg 1024w, https:\/\/1000seen.de\/herbsturlaub\/wp-content\/uploads\/sites\/5\/2022\/08\/naturpark-mecklenburgische-seenplatte-768x512.jpg 768w, https:\/\/1000seen.de\/herbsturlaub\/wp-content\/uploads\/sites\/5\/2022\/08\/naturpark-mecklenburgische-seenplatte-1536x1024.jpg 1536w\" sizes=\"auto, (max-width: 1920px) 100vw, 1920px\" \/>\n\n\n\n<div class=\"gb-element-624b73af\" href=\"https:\/\/1000seen.de\/unterkuenfte\/suche\/?sortseed=3&#038;locale=de&#038;t=search&#038;filter.BOOLEAN.PROPERTY_TYPES.cat_apartment=true\">\n<div class=\"gb-element-ceee1ac7\">\n<p class=\"gb-text gb-text-6e07a7e9\">Naturpark Nossentiner \/ Schwinzer Heide<\/p>\n\n\n\n<span class=\"gb-shape card--arrow gb-shape-9b25902f link-arrow\"><svg aria-hidden=\"true\" height=\"1em\" width=\"1em\" viewBox=\"0 0 256 512\" xmlns=\"http:\/\/www.w3.org\/2000\/svg\"><path fill=\"currentColor\" d=\"M224.3 273l-136 136c-9.4 9.4-24.6 9.4-33.9 0l-22.6-22.6c-9.4-9.4-9.4-24.6 0-33.9l96.4-96.4-96.4-96.4c-9.4-9.4-9.4-24.6 0-33.9L54.3 103c9.4-9.4 24.6-9.4 33.9 0l136 136c9.5 9.4 9.5 24.6.1 34z\"><\/path><\/svg><\/span>\n<\/div>\n<\/div>\n<\/a>\n\n\n\n<a class=\"ar-4-3 card gb-element-b322ef2b\" href=\"https:\/\/www.mecklenburgische-seenplatte.de\/sterne\" target=\"_blank\" rel=\"noopener\">\n<img loading=\"lazy\" decoding=\"async\" width=\"1920\" height=\"1280\" class=\"card--image gb-media-a28f78d3\" alt=\"\" src=\"https:\/\/1000seen.de\/herbsturlaub\/wp-content\/uploads\/sites\/5\/2022\/08\/sternenhimmel-mecklenburgische-seenplatte.jpg\" title=\"sternenhimmel-mecklenburgische-seenplatte\" srcset=\"https:\/\/1000seen.de\/herbsturlaub\/wp-content\/uploads\/sites\/5\/2022\/08\/sternenhimmel-mecklenburgische-seenplatte.jpg 1920w, https:\/\/1000seen.de\/herbsturlaub\/wp-content\/uploads\/sites\/5\/2022\/08\/sternenhimmel-mecklenburgische-seenplatte-300x200.jpg 300w, https:\/\/1000seen.de\/herbsturlaub\/wp-content\/uploads\/sites\/5\/2022\/08\/sternenhimmel-mecklenburgische-seenplatte-1024x683.jpg 1024w, https:\/\/1000seen.de\/herbsturlaub\/wp-content\/uploads\/sites\/5\/2022\/08\/sternenhimmel-mecklenburgische-seenplatte-768x512.jpg 768w, https:\/\/1000seen.de\/herbsturlaub\/wp-content\/uploads\/sites\/5\/2022\/08\/sternenhimmel-mecklenburgische-seenplatte-1536x1024.jpg 1536w\" sizes=\"auto, (max-width: 1920px) 100vw, 1920px\" \/>\n\n\n\n<div class=\"gb-element-93db87e6\" href=\"https:\/\/1000seen.de\/unterkuenfte\/suche\/?sortseed=3&#038;locale=de&#038;t=search&#038;filter.BOOLEAN.PROPERTY_TYPES.cat_apartment=true\">\n<div class=\"gb-element-6680d117\">\n<p class=\"gb-text gb-text-590d6cb7\">Land der 1000 Sterne<\/p>\n\n\n\n<span class=\"gb-shape card--arrow gb-shape-bdd759bd link-arrow\"><svg aria-hidden=\"true\" height=\"1em\" width=\"1em\" viewBox=\"0 0 256 512\" xmlns=\"http:\/\/www.w3.org\/2000\/svg\"><path fill=\"currentColor\" d=\"M224.3 273l-136 136c-9.4 9.4-24.6 9.4-33.9 0l-22.6-22.6c-9.4-9.4-9.4-24.6 0-33.9l96.4-96.4-96.4-96.4c-9.4-9.4-9.4-24.6 0-33.9L54.3 103c9.4-9.4 24.6-9.4 33.9 0l136 136c9.5 9.4 9.5 24.6.1 34z\"><\/path><\/svg><\/span>\n<\/div>\n<\/div>\n<\/a>\n<\/div>\n<\/div>\n","protected":false},"excerpt":{"rendered":"<p>Sp\u00e4tsommer und Herbst sind die besten Jahreszeiten, um Sterne zu beobachten. Denn Mitte September geht die Sonne gegen 19.30 Uhr unter. Die Abende k\u00f6nnen jedoch noch mild sein.<\/p>\n","protected":false},"author":1,"featured_media":217,"parent":0,"menu_order":0,"comment_status":"closed","ping_status":"closed","template":"","meta":{"slim_seo":{"title":"Sternstunden - Herbsturlaub Mecklenburgische Seenplatte","description":"Sp\u00e4tsommer und Herbst sind die besten Jahreszeiten, um Sterne zu beobachten. Denn Mitte September geht die Sonne gegen 19.30 Uhr unter. Die Abende k\u00f6nnen jedoch"},"footnotes":""},"categories":[],"class_list":["post-216","page","type-page","status-publish","has-post-thumbnail"],"_links":{"self":[{"href":"https:\/\/1000seen.de\/herbsturlaub\/wp-json\/wp\/v2\/pages\/216","targetHints":{"allow":["GET"]}}],"collection":[{"href":"https:\/\/1000seen.de\/herbsturlaub\/wp-json\/wp\/v2\/pages"}],"about":[{"href":"https:\/\/1000seen.de\/herbsturlaub\/wp-json\/wp\/v2\/types\/page"}],"author":[{"embeddable":true,"href":"https:\/\/1000seen.de\/herbsturlaub\/wp-json\/wp\/v2\/users\/1"}],"replies":[{"embeddable":true,"href":"https:\/\/1000seen.de\/herbsturlaub\/wp-json\/wp\/v2\/comments?post=216"}],"version-history":[{"count":0,"href":"https:\/\/1000seen.de\/herbsturlaub\/wp-json\/wp\/v2\/pages\/216\/revisions"}],"wp:featuredmedia":[{"embeddable":true,"href":"https:\/\/1000seen.de\/herbsturlaub\/wp-json\/wp\/v2\/media\/217"}],"wp:attachment":[{"href":"https:\/\/1000seen.de\/herbsturlaub\/wp-json\/wp\/v2\/media?parent=216"}],"wp:term":[{"taxonomy":"category","embeddable":true,"href":"https:\/\/1000seen.de\/herbsturlaub\/wp-json\/wp\/v2\/categories?post=216"}],"curies":[{"name":"wp","href":"https:\/\/api.w.org\/{rel}","templated":true}]}}