{"id":179,"date":"2022-08-01T10:00:00","date_gmt":"2022-08-01T08:00:00","guid":{"rendered":"https:\/\/1000seen.de\/herbsturlaub\/?page_id=179"},"modified":"2025-09-10T10:54:16","modified_gmt":"2025-09-10T08:54:16","slug":"wildlife","status":"publish","type":"page","link":"https:\/\/1000seen.de\/herbsturlaub\/wildlife\/","title":{"rendered":"Natururlaub"},"content":{"rendered":"\n<h2 class=\"gb-text gb-text-7967fdf4\"><em>Wildlife &#8211; M\u00fcritz-Nationalpark und Naturparke<\/em><\/h2>\n\n\n\n<div class=\"gb-element-f06fa649 grid-2 gap-m\">\n<div>\n<p class=\"gb-text\">Ab August sammeln sich tausende <strong>Kraniche<\/strong> an der M\u00fcritz, bevor sie gegen Ende Oktober weiter in Richtung S\u00fcden ziehen. Morgens verlassen sie in gro\u00dfen Scharen ihre Schlafpl\u00e4tze auf der Halbinsel Gro\u00dfer Schwerin oder am Rederangsee im M\u00fcritz Nationalpark. Abends kehren sie dorthin wieder zur\u00fcck. Dieses Spektakel k\u00f6nnen Urlauber von einem Fahrgastschiff aus beobachten oder bei einer gef\u00fchrten Wanderung im M\u00fcritz-Nationalpark. Von Mitte August bis Ende Oktober starten an den Nationalparkinfo in Federow t\u00e4glich Touren.<\/p>\n\n\n\n<p class=\"gb-text\">Ein weiteres Naturspektakel ist die <strong>Rotwildbrunft<\/strong>. F\u00fchrungen zu den Hirschkonzerten starten Montag, Mittwoch und Samstag an der Nationalparkinfo in Schwarzenhof.<\/p>\n<\/div>\n\n\n\n<div class=\"gb-element-598cf88b\"><figure class=\"wp-block-embed-youtube wp-block-embed is-type-video is-provider-youtube wp-embed-aspect-16-9 wp-has-aspect-ratio\"><div class=\"lyte-wrapper\" title=\"Die Mecklenburgische Schweiz - Natursch&ouml;nheiten und Aktivit&auml;ten im Herzen von Mecklenburg-Vorpommern\" style=\"width:560px;max-width:100%;margin:5px auto;\"><div class=\"lyMe\" id=\"WYL_kKhNLZ4E5Uw\" itemprop=\"video\" itemscope itemtype=\"https:\/\/schema.org\/VideoObject\"><div><meta itemprop=\"thumbnailUrl\" content=\"https:\/\/1000seen.de\/herbsturlaub\/wp-content\/plugins\/wp-youtube-lyte\/lyteCache.php?origThumbUrl=https%3A%2F%2Fi.ytimg.com%2Fvi%2FkKhNLZ4E5Uw%2Fhqdefault.jpg\" \/><meta itemprop=\"embedURL\" content=\"https:\/\/www.youtube.com\/embed\/kKhNLZ4E5Uw\" \/><meta itemprop=\"duration\" content=\"PT37S\" \/><meta itemprop=\"uploadDate\" content=\"2024-06-26T04:45:03Z\" \/><\/div><div id=\"lyte_kKhNLZ4E5Uw\" data-src=\"https:\/\/1000seen.de\/herbsturlaub\/wp-content\/plugins\/wp-youtube-lyte\/lyteCache.php?origThumbUrl=https%3A%2F%2Fi.ytimg.com%2Fvi%2FkKhNLZ4E5Uw%2Fhqdefault.jpg\" class=\"pL\"><div class=\"tC\"><div class=\"tT\" itemprop=\"name\">Die Mecklenburgische Schweiz - Natursch\u00f6nheiten und Aktivit\u00e4ten im Herzen von Mecklenburg-Vorpommern<\/div><\/div><div class=\"play\"><\/div><div class=\"ctrl\"><div class=\"Lctrl\"><\/div><div class=\"Rctrl\"><\/div><\/div><\/div><noscript><a href=\"https:\/\/youtu.be\/kKhNLZ4E5Uw\" rel=\"nofollow\"><img loading=\"lazy\" decoding=\"async\" src=\"https:\/\/1000seen.de\/herbsturlaub\/wp-content\/plugins\/wp-youtube-lyte\/lyteCache.php?origThumbUrl=https%3A%2F%2Fi.ytimg.com%2Fvi%2FkKhNLZ4E5Uw%2F0.jpg\" alt=\"Die Mecklenburgische Schweiz - Natursch&ouml;nheiten und Aktivit&auml;ten im Herzen von Mecklenburg-Vorpommern\" width=\"560\" height=\"295\" \/><br \/>Dieses Video auf YouTube ansehen<\/a><\/noscript><meta itemprop=\"description\" content=\"Wir nehmen Euch mit auf eine Erkundungstour durch die Mecklenburgische Schweiz, eine Region in Mecklenburg-Vorpommern, die f\u00fcr ihre nat\u00fcrliche Sch\u00f6nheit und vielf\u00e4ltigen Freizeitm\u00f6glichkeiten bekannt ist. Erfahre mehr \u00fcber die sanften H\u00fcgel, \u00fcppigen W\u00e4lder und glitzernden Seen, die dieses Gebiet pr\u00e4gen. Entdeckt die besten Wanderwege, Radstrecken und Wassersportm\u00f6glichkeiten, die die Mecklenburgische Schweiz zu bieten hat. Wir zeigen Euch auch einige der charmanten D\u00f6rfer und historischen Sehensw\u00fcrdigkeiten, die einen Besuch wert sind. Wenn Euch dieses Video gefallen hat, dann vergesst nicht, es zu liken, zu kommentieren oder zu teilen. \ud83e\udde1 \u2705 &quot;Abonniert&quot; uns, um keine neuen Videos zu verpassen! Folgt uns f\u00fcr mehr Inspiration: Facebook: https:\/\/www.facebook.com\/aufnachmv Instagram: https:\/\/www.instagram.com\/aufnachmv\"><\/div><\/div><div class=\"lL\" style=\"max-width:100%;width:560px;margin:5px auto;\"><\/div><figcaption><\/figcaption><\/figure><\/div>\n<\/div>\n\n\n\n<div class=\"section\">\n<h2 class=\"gb-text\">Unterwegs im M\u00fcritz-Nationalpark<\/h2>\n\n\n\n<div class=\"gb-element-57d7396c grid-3 gap-m\">\n<a class=\"ar-4-3 card gb-element-b6d333eb\" href=\"https:\/\/www.mecklenburgische-seenplatte.de\/mueritz-nationalpark\" target=\"_blank\" rel=\"noopener\">\n<img loading=\"lazy\" decoding=\"async\" width=\"1920\" height=\"1280\" class=\"card--image gb-media-0fe87b29\" alt=\"\" src=\"https:\/\/1000seen.de\/herbsturlaub\/wp-content\/uploads\/sites\/5\/2022\/08\/kraniche-mueritz-nationalpark.jpg\" title=\"kraniche-mueritz-nationalpark\" srcset=\"https:\/\/1000seen.de\/herbsturlaub\/wp-content\/uploads\/sites\/5\/2022\/08\/kraniche-mueritz-nationalpark.jpg 1920w, https:\/\/1000seen.de\/herbsturlaub\/wp-content\/uploads\/sites\/5\/2022\/08\/kraniche-mueritz-nationalpark-300x200.jpg 300w, https:\/\/1000seen.de\/herbsturlaub\/wp-content\/uploads\/sites\/5\/2022\/08\/kraniche-mueritz-nationalpark-1024x683.jpg 1024w, https:\/\/1000seen.de\/herbsturlaub\/wp-content\/uploads\/sites\/5\/2022\/08\/kraniche-mueritz-nationalpark-768x512.jpg 768w, https:\/\/1000seen.de\/herbsturlaub\/wp-content\/uploads\/sites\/5\/2022\/08\/kraniche-mueritz-nationalpark-1536x1024.jpg 1536w\" sizes=\"auto, (max-width: 1920px) 100vw, 1920px\" \/>\n\n\n\n<div class=\"gb-element-aee5135a\" href=\"https:\/\/1000seen.de\/unterkuenfte\/suche\/?sortseed=3&#038;locale=de&#038;t=search&#038;filter.BOOLEAN.PROPERTY_TYPES.cat_apartment=true\">\n<div class=\"gb-element-f34fcb1f\">\n<p class=\"gb-text gb-text-743f80e0\">M\u00fcritz-Nationalpark<\/p>\n\n\n\n<span class=\"gb-shape card--arrow gb-shape-f8049387 link-arrow\"><svg xmlns=\"http:\/\/www.w3.org\/2000\/svg\" viewBox=\"0 0 256 512\" width=\"1em\" height=\"1em\" aria-hidden=\"true\"><path d=\"M224.3 273l-136 136c-9.4 9.4-24.6 9.4-33.9 0l-22.6-22.6c-9.4-9.4-9.4-24.6 0-33.9l96.4-96.4-96.4-96.4c-9.4-9.4-9.4-24.6 0-33.9L54.3 103c9.4-9.4 24.6-9.4 33.9 0l136 136c9.5 9.4 9.5 24.6.1 34z\" fill=\"currentColor\"><\/path><\/svg><\/span>\n<\/div>\n<\/div>\n<\/a>\n\n\n\n<a class=\"ar-4-3 card gb-element-44fa7f1a\" href=\"https:\/\/mueritzrundum.de\/\" target=\"_blank\" rel=\"noopener\">\n<img loading=\"lazy\" decoding=\"async\" width=\"1920\" height=\"1280\" class=\"card--image gb-media-bc56ced3\" alt=\"\" src=\"https:\/\/1000seen.de\/herbsturlaub\/wp-content\/uploads\/sites\/5\/2022\/08\/gaestekarte-mueritz-rundum.jpg\" title=\"gaestekarte-mueritz-rundum\" srcset=\"https:\/\/1000seen.de\/herbsturlaub\/wp-content\/uploads\/sites\/5\/2022\/08\/gaestekarte-mueritz-rundum.jpg 1920w, https:\/\/1000seen.de\/herbsturlaub\/wp-content\/uploads\/sites\/5\/2022\/08\/gaestekarte-mueritz-rundum-300x200.jpg 300w, https:\/\/1000seen.de\/herbsturlaub\/wp-content\/uploads\/sites\/5\/2022\/08\/gaestekarte-mueritz-rundum-1024x683.jpg 1024w, https:\/\/1000seen.de\/herbsturlaub\/wp-content\/uploads\/sites\/5\/2022\/08\/gaestekarte-mueritz-rundum-768x512.jpg 768w, https:\/\/1000seen.de\/herbsturlaub\/wp-content\/uploads\/sites\/5\/2022\/08\/gaestekarte-mueritz-rundum-1536x1024.jpg 1536w\" sizes=\"auto, (max-width: 1920px) 100vw, 1920px\" \/>\n\n\n\n<div class=\"gb-element-624b73af\" href=\"https:\/\/1000seen.de\/unterkuenfte\/suche\/?sortseed=3&#038;locale=de&#038;t=search&#038;filter.BOOLEAN.PROPERTY_TYPES.cat_apartment=true\">\n<div class=\"gb-element-ceee1ac7\">\n<p class=\"gb-text gb-text-6e07a7e9\">M\u00dcRITZ rundum mobil ohne Auto<\/p>\n\n\n\n<span class=\"gb-shape card--arrow gb-shape-9b25902f link-arrow\"><svg xmlns=\"http:\/\/www.w3.org\/2000\/svg\" viewBox=\"0 0 256 512\" width=\"1em\" height=\"1em\" aria-hidden=\"true\"><path d=\"M224.3 273l-136 136c-9.4 9.4-24.6 9.4-33.9 0l-22.6-22.6c-9.4-9.4-9.4-24.6 0-33.9l96.4-96.4-96.4-96.4c-9.4-9.4-9.4-24.6 0-33.9L54.3 103c9.4-9.4 24.6-9.4 33.9 0l136 136c9.5 9.4 9.5 24.6.1 34z\" fill=\"currentColor\"><\/path><\/svg><\/span>\n<\/div>\n<\/div>\n<\/a>\n\n\n\n<a class=\"ar-4-3 card gb-element-b322ef2b\" href=\"https:\/\/www.mecklenburgische-seenplatte.de\/veranstaltungen\/unterwegs\" target=\"_blank\" rel=\"noopener\">\n<img loading=\"lazy\" decoding=\"async\" width=\"1920\" height=\"1280\" class=\"card--image gb-media-a28f78d3\" alt=\"\" src=\"https:\/\/1000seen.de\/herbsturlaub\/wp-content\/uploads\/sites\/5\/2022\/08\/wandereungen-mueritz-nationalpark.jpg\" title=\"wandereungen-mueritz-nationalpark\" srcset=\"https:\/\/1000seen.de\/herbsturlaub\/wp-content\/uploads\/sites\/5\/2022\/08\/wandereungen-mueritz-nationalpark.jpg 1920w, https:\/\/1000seen.de\/herbsturlaub\/wp-content\/uploads\/sites\/5\/2022\/08\/wandereungen-mueritz-nationalpark-300x200.jpg 300w, https:\/\/1000seen.de\/herbsturlaub\/wp-content\/uploads\/sites\/5\/2022\/08\/wandereungen-mueritz-nationalpark-1024x683.jpg 1024w, https:\/\/1000seen.de\/herbsturlaub\/wp-content\/uploads\/sites\/5\/2022\/08\/wandereungen-mueritz-nationalpark-768x512.jpg 768w, https:\/\/1000seen.de\/herbsturlaub\/wp-content\/uploads\/sites\/5\/2022\/08\/wandereungen-mueritz-nationalpark-1536x1024.jpg 1536w\" sizes=\"auto, (max-width: 1920px) 100vw, 1920px\" \/>\n\n\n\n<div class=\"gb-element-93db87e6\" href=\"https:\/\/1000seen.de\/unterkuenfte\/suche\/?sortseed=3&#038;locale=de&#038;t=search&#038;filter.BOOLEAN.PROPERTY_TYPES.cat_apartment=true\">\n<div class=\"gb-element-6680d117\">\n<p class=\"gb-text gb-text-590d6cb7\">Veranstaltungen und F\u00fchrungen<\/p>\n\n\n\n<span class=\"gb-shape card--arrow gb-shape-bdd759bd link-arrow\"><svg xmlns=\"http:\/\/www.w3.org\/2000\/svg\" viewBox=\"0 0 256 512\" width=\"1em\" height=\"1em\" aria-hidden=\"true\"><path d=\"M224.3 273l-136 136c-9.4 9.4-24.6 9.4-33.9 0l-22.6-22.6c-9.4-9.4-9.4-24.6 0-33.9l96.4-96.4-96.4-96.4c-9.4-9.4-9.4-24.6 0-33.9L54.3 103c9.4-9.4 24.6-9.4 33.9 0l136 136c9.5 9.4 9.5 24.6.1 34z\" fill=\"currentColor\"><\/path><\/svg><\/span>\n<\/div>\n<\/div>\n<\/a>\n<\/div>\n<\/div>\n\n\n\n<div class=\"section\">\n<h2 class=\"gb-text\">Beliebte Ausflugsziele<\/h2>\n\n\n\n<p class=\"gb-text\">Im Oktober ziehen kleine Farbtupfer in das Gr\u00fcn der W\u00e4lder ein. Wo Buchen, Ahorn, Birke und Co. besonders viel vertreten sind, wird es richtig bunt. Wir haben die sch\u00f6nsten Wanderungen durch bunten Mischwald zusammengestellt.<\/p>\n\n\n\n<div class=\"gb-element-0e8b1d0a grid-4 gap-m\">\n<a class=\"ar-4-3 card gb-element-c1a54220\" href=\"https:\/\/www.mecklenburgische-seenplatte.de\/reiseziele\/baerenwald-mueritz\" target=\"_blank\" rel=\"noopener\">\n<img loading=\"lazy\" decoding=\"async\" width=\"1920\" height=\"1280\" class=\"card--image gb-media-5278b12d\" alt=\"\" src=\"https:\/\/1000seen.de\/herbsturlaub\/wp-content\/uploads\/sites\/5\/2022\/08\/baerenwald-mueritz.jpg\" title=\"baerenwald-mueritz\" srcset=\"https:\/\/1000seen.de\/herbsturlaub\/wp-content\/uploads\/sites\/5\/2022\/08\/baerenwald-mueritz.jpg 1920w, https:\/\/1000seen.de\/herbsturlaub\/wp-content\/uploads\/sites\/5\/2022\/08\/baerenwald-mueritz-300x200.jpg 300w, https:\/\/1000seen.de\/herbsturlaub\/wp-content\/uploads\/sites\/5\/2022\/08\/baerenwald-mueritz-1024x683.jpg 1024w, https:\/\/1000seen.de\/herbsturlaub\/wp-content\/uploads\/sites\/5\/2022\/08\/baerenwald-mueritz-768x512.jpg 768w, https:\/\/1000seen.de\/herbsturlaub\/wp-content\/uploads\/sites\/5\/2022\/08\/baerenwald-mueritz-1536x1024.jpg 1536w\" sizes=\"auto, (max-width: 1920px) 100vw, 1920px\" \/>\n\n\n\n<div class=\"gb-element-d38f1a06\" href=\"https:\/\/1000seen.de\/unterkuenfte\/suche\/?sortseed=3&#038;locale=de&#038;t=search&#038;filter.BOOLEAN.PROPERTY_TYPES.cat_apartment=true\">\n<div class=\"gb-element-1f376e66\">\n<p class=\"gb-text gb-text-5dcf28b8\">B\u00e4renwald M\u00fcritz<\/p>\n\n\n\n<span class=\"gb-shape card--arrow gb-shape-e4cbc27d link-arrow\"><svg xmlns=\"http:\/\/www.w3.org\/2000\/svg\" viewBox=\"0 0 256 512\" width=\"1em\" height=\"1em\" aria-hidden=\"true\"><path d=\"M224.3 273l-136 136c-9.4 9.4-24.6 9.4-33.9 0l-22.6-22.6c-9.4-9.4-9.4-24.6 0-33.9l96.4-96.4-96.4-96.4c-9.4-9.4-9.4-24.6 0-33.9L54.3 103c9.4-9.4 24.6-9.4 33.9 0l136 136c9.5 9.4 9.5 24.6.1 34z\" fill=\"currentColor\"><\/path><\/svg><\/span>\n<\/div>\n<\/div>\n<\/a>\n\n\n\n<a class=\"ar-4-3 card gb-element-1e5a8b02\" href=\"https:\/\/www.mecklenburgische-seenplatte.de\/reiseziele\/mueritzeum\" target=\"_blank\" rel=\"noopener\">\n<img loading=\"lazy\" decoding=\"async\" width=\"1920\" height=\"1280\" class=\"card--image gb-media-34503c8a\" alt=\"\" src=\"https:\/\/1000seen.de\/herbsturlaub\/wp-content\/uploads\/sites\/5\/2022\/08\/mueritzeum-mecklenburgische-seenplatte.jpg\" title=\"mueritzeum-mecklenburgische-seenplatte\" srcset=\"https:\/\/1000seen.de\/herbsturlaub\/wp-content\/uploads\/sites\/5\/2022\/08\/mueritzeum-mecklenburgische-seenplatte.jpg 1920w, https:\/\/1000seen.de\/herbsturlaub\/wp-content\/uploads\/sites\/5\/2022\/08\/mueritzeum-mecklenburgische-seenplatte-300x200.jpg 300w, https:\/\/1000seen.de\/herbsturlaub\/wp-content\/uploads\/sites\/5\/2022\/08\/mueritzeum-mecklenburgische-seenplatte-1024x683.jpg 1024w, https:\/\/1000seen.de\/herbsturlaub\/wp-content\/uploads\/sites\/5\/2022\/08\/mueritzeum-mecklenburgische-seenplatte-768x512.jpg 768w, https:\/\/1000seen.de\/herbsturlaub\/wp-content\/uploads\/sites\/5\/2022\/08\/mueritzeum-mecklenburgische-seenplatte-1536x1024.jpg 1536w\" sizes=\"auto, (max-width: 1920px) 100vw, 1920px\" \/>\n\n\n\n<div class=\"gb-element-a5ef5fb9\" href=\"https:\/\/1000seen.de\/unterkuenfte\/suche\/?sortseed=3&#038;locale=de&#038;t=search&#038;filter.BOOLEAN.PROPERTY_TYPES.cat_apartment=true\">\n<div class=\"gb-element-486a115e\">\n<p class=\"gb-text gb-text-3c7edcc1\">M\u00dcRITZEUM Naturerlebniszentrum<\/p>\n\n\n\n<span class=\"gb-shape card--arrow gb-shape-846e08d6 link-arrow\"><svg xmlns=\"http:\/\/www.w3.org\/2000\/svg\" viewBox=\"0 0 256 512\" width=\"1em\" height=\"1em\" aria-hidden=\"true\"><path d=\"M224.3 273l-136 136c-9.4 9.4-24.6 9.4-33.9 0l-22.6-22.6c-9.4-9.4-9.4-24.6 0-33.9l96.4-96.4-96.4-96.4c-9.4-9.4-9.4-24.6 0-33.9L54.3 103c9.4-9.4 24.6-9.4 33.9 0l136 136c9.5 9.4 9.5 24.6.1 34z\" fill=\"currentColor\"><\/path><\/svg><\/span>\n<\/div>\n<\/div>\n<\/a>\n\n\n\n<a class=\"ar-4-3 card gb-element-593d5e61\" href=\"https:\/\/www.mecklenburgische-seenplatte.de\/reiseziele\/nationales-naturmonument-ivenacker-eichen\" target=\"_blank\" rel=\"noopener\">\n<img loading=\"lazy\" decoding=\"async\" width=\"1920\" height=\"1280\" class=\"card--image gb-media-6a2d0716\" alt=\"\" src=\"https:\/\/1000seen.de\/herbsturlaub\/wp-content\/uploads\/sites\/5\/2022\/08\/baumkronenpfad-ivenacker-eichen.jpg\" title=\"baumkronenpfad-ivenacker-eichen\" srcset=\"https:\/\/1000seen.de\/herbsturlaub\/wp-content\/uploads\/sites\/5\/2022\/08\/baumkronenpfad-ivenacker-eichen.jpg 1920w, https:\/\/1000seen.de\/herbsturlaub\/wp-content\/uploads\/sites\/5\/2022\/08\/baumkronenpfad-ivenacker-eichen-300x200.jpg 300w, https:\/\/1000seen.de\/herbsturlaub\/wp-content\/uploads\/sites\/5\/2022\/08\/baumkronenpfad-ivenacker-eichen-1024x683.jpg 1024w, https:\/\/1000seen.de\/herbsturlaub\/wp-content\/uploads\/sites\/5\/2022\/08\/baumkronenpfad-ivenacker-eichen-768x512.jpg 768w, https:\/\/1000seen.de\/herbsturlaub\/wp-content\/uploads\/sites\/5\/2022\/08\/baumkronenpfad-ivenacker-eichen-1536x1024.jpg 1536w\" sizes=\"auto, (max-width: 1920px) 100vw, 1920px\" \/>\n\n\n\n<div class=\"gb-element-32a4b9ff\" href=\"https:\/\/1000seen.de\/unterkuenfte\/suche\/?sortseed=3&#038;locale=de&#038;t=search&#038;filter.BOOLEAN.PROPERTY_TYPES.cat_apartment=true\">\n<div class=\"gb-element-38548692\">\n<p class=\"gb-text gb-text-97714c18\">Ivenacker Eichen<\/p>\n\n\n\n<span class=\"gb-shape card--arrow gb-shape-56924595 link-arrow\"><svg xmlns=\"http:\/\/www.w3.org\/2000\/svg\" viewBox=\"0 0 256 512\" width=\"1em\" height=\"1em\" aria-hidden=\"true\"><path d=\"M224.3 273l-136 136c-9.4 9.4-24.6 9.4-33.9 0l-22.6-22.6c-9.4-9.4-9.4-24.6 0-33.9l96.4-96.4-96.4-96.4c-9.4-9.4-9.4-24.6 0-33.9L54.3 103c9.4-9.4 24.6-9.4 33.9 0l136 136c9.5 9.4 9.5 24.6.1 34z\" fill=\"currentColor\"><\/path><\/svg><\/span>\n<\/div>\n<\/div>\n<\/a>\n\n\n\n<a class=\"ar-4-3 card gb-element-8da05b33\" href=\"https:\/\/www.mecklenburgische-seenplatte.de\/reiseziele\/tiergarten-neustrelitz\" target=\"_blank\" rel=\"noopener\">\n<img loading=\"lazy\" decoding=\"async\" width=\"1170\" height=\"780\" class=\"card--image gb-media-f9d1ac71\" alt=\"\" src=\"https:\/\/1000seen.de\/herbsturlaub\/wp-content\/uploads\/sites\/5\/2022\/08\/tiergarten-neustrelitz.jpg\" title=\"tiergarten-neustrelitz\" srcset=\"https:\/\/1000seen.de\/herbsturlaub\/wp-content\/uploads\/sites\/5\/2022\/08\/tiergarten-neustrelitz.jpg 1170w, https:\/\/1000seen.de\/herbsturlaub\/wp-content\/uploads\/sites\/5\/2022\/08\/tiergarten-neustrelitz-300x200.jpg 300w, https:\/\/1000seen.de\/herbsturlaub\/wp-content\/uploads\/sites\/5\/2022\/08\/tiergarten-neustrelitz-1024x683.jpg 1024w, https:\/\/1000seen.de\/herbsturlaub\/wp-content\/uploads\/sites\/5\/2022\/08\/tiergarten-neustrelitz-768x512.jpg 768w\" sizes=\"auto, (max-width: 1170px) 100vw, 1170px\" \/>\n\n\n\n<div class=\"gb-element-e9362511\" href=\"https:\/\/1000seen.de\/unterkuenfte\/suche\/?sortseed=3&#038;locale=de&#038;t=search&#038;filter.BOOLEAN.PROPERTY_TYPES.cat_apartment=true\">\n<div class=\"gb-element-2ab04356\">\n<p class=\"gb-text gb-text-f15bac1e\">Tiergarten Neustrelitz<\/p>\n\n\n\n<span class=\"gb-shape card--arrow gb-shape-86f272ab link-arrow\"><svg xmlns=\"http:\/\/www.w3.org\/2000\/svg\" viewBox=\"0 0 256 512\" width=\"1em\" height=\"1em\" aria-hidden=\"true\"><path d=\"M224.3 273l-136 136c-9.4 9.4-24.6 9.4-33.9 0l-22.6-22.6c-9.4-9.4-9.4-24.6 0-33.9l96.4-96.4-96.4-96.4c-9.4-9.4-9.4-24.6 0-33.9L54.3 103c9.4-9.4 24.6-9.4 33.9 0l136 136c9.5 9.4 9.5 24.6.1 34z\" fill=\"currentColor\"><\/path><\/svg><\/span>\n<\/div>\n<\/div>\n<\/a>\n<\/div>\n<\/div>\n","protected":false},"excerpt":{"rendered":"<p>Ab August sammeln sich tausende Kraniche an der M\u00fcritz, bevor sie gegen Ende Oktober weiter in Richtung S\u00fcden ziehen. Morgens verlassen sie in gro\u00dfen Scharen ihre Schlafpl\u00e4tze auf der Halbinsel Gro\u00dfer Schwerin oder am Rederangsee im M\u00fcritz Nationalpark. <\/p>\n","protected":false},"author":1,"featured_media":180,"parent":0,"menu_order":0,"comment_status":"closed","ping_status":"closed","template":"","meta":{"slim_seo":{"title":"Natururlaub - Herbsturlaub Mecklenburgische Seenplatte","description":"Ab August sammeln sich tausende Kraniche an der M\u00fcritz, bevor sie gegen Ende Oktober weiter in Richtung S\u00fcden ziehen. Morgens verlassen sie in gro\u00dfen Scharen ih"},"footnotes":""},"categories":[],"class_list":["post-179","page","type-page","status-publish","has-post-thumbnail"],"_links":{"self":[{"href":"https:\/\/1000seen.de\/herbsturlaub\/wp-json\/wp\/v2\/pages\/179","targetHints":{"allow":["GET"]}}],"collection":[{"href":"https:\/\/1000seen.de\/herbsturlaub\/wp-json\/wp\/v2\/pages"}],"about":[{"href":"https:\/\/1000seen.de\/herbsturlaub\/wp-json\/wp\/v2\/types\/page"}],"author":[{"embeddable":true,"href":"https:\/\/1000seen.de\/herbsturlaub\/wp-json\/wp\/v2\/users\/1"}],"replies":[{"embeddable":true,"href":"https:\/\/1000seen.de\/herbsturlaub\/wp-json\/wp\/v2\/comments?post=179"}],"version-history":[{"count":0,"href":"https:\/\/1000seen.de\/herbsturlaub\/wp-json\/wp\/v2\/pages\/179\/revisions"}],"wp:featuredmedia":[{"embeddable":true,"href":"https:\/\/1000seen.de\/herbsturlaub\/wp-json\/wp\/v2\/media\/180"}],"wp:attachment":[{"href":"https:\/\/1000seen.de\/herbsturlaub\/wp-json\/wp\/v2\/media?parent=179"}],"wp:term":[{"taxonomy":"category","embeddable":true,"href":"https:\/\/1000seen.de\/herbsturlaub\/wp-json\/wp\/v2\/categories?post=179"}],"curies":[{"name":"wp","href":"https:\/\/api.w.org\/{rel}","templated":true}]}}