{"id":16,"date":"2022-08-01T10:00:00","date_gmt":"2022-08-01T08:00:00","guid":{"rendered":"https:\/\/1000seen.de\/herbsturlaub\/?page_id=16"},"modified":"2025-10-09T15:41:45","modified_gmt":"2025-10-09T13:41:45","slug":"aktiv","status":"publish","type":"page","link":"https:\/\/1000seen.de\/herbsturlaub\/aktiv\/","title":{"rendered":"Aktivurlaub"},"content":{"rendered":"\n<h2 class=\"gb-text gb-text-7967fdf4\"><em>Wandern und Rad fahren in bunten W\u00e4ldern<\/em><\/h2>\n\n\n\n<div class=\"gb-element-f06fa649 grid-2 gap-m\">\n<div>\n<p class=\"gb-text wp-embed-aspect-16-9 wp-has-aspect-ratio\">Ende Oktober erreicht die Laubverf\u00e4rbung ihren H\u00f6hepunkt und die W\u00e4lder der Seenplatte befinden sich in einem Farbenrausch. Die Buchenw\u00e4lder des Serrahner Teils vom M\u00fcritz-Nationalpark z\u00e4hlen seit 2011 zum UNESCO-Weltnaturerbe.<\/p>\n\n\n\n<p class=\"gb-text wp-embed-aspect-16-9 wp-has-aspect-ratio\"><strong>Wanderer<\/strong> k\u00f6nnen auf dem 8 km langen Buchenwald-Erlebnis-Pfad erfahren wie bei jedem Windhauch etwas \u201eBlattgold\u201c von den B\u00e4umen weht. Besonders sch\u00f6n ist auch der Fridolinweg&nbsp;um den Schmalen Luzin. Viel Wald gibt es auch rund um den Tollensesee. Eine 35 km <a href=\"https:\/\/www.mecklenburgische-seenplatte.de\/tollensesee-radrundweg\" target=\"_blank\" rel=\"noreferrer noopener\"><strong>Fahrradtour<\/strong><\/a>&nbsp;f\u00fchrt um den See. Wer die Landschaft mit einem Naturf\u00fchrer erkunden m\u00f6chte, kann an <a href=\"https:\/\/www.mecklenburgische-seenplatte.de\/veranstaltungen\/unterwegs\" target=\"_blank\" rel=\"noreferrer noopener\"><strong>gef\u00fchrten Herbstwanderungen<\/strong><\/a> teilnehmen.<\/p>\n<\/div>\n\n\n\n<div class=\"gb-element-598cf88b\"><figure class=\"wp-block-embed-youtube wp-block-embed is-type-video is-provider-youtube wp-embed-aspect-16-9 wp-has-aspect-ratio\"><div class=\"lyte-wrapper\" title=\"Familien-Kurzurlaub mit dem Camper im Herbst | Tipps f&uuml;r die Mecklenburgische Seenplatte\" style=\"width:560px;max-width:100%;margin:5px auto;\"><div class=\"lyMe\" id=\"WYL_NAnq0NrnGtw\" itemprop=\"video\" itemscope itemtype=\"https:\/\/schema.org\/VideoObject\"><div><meta itemprop=\"thumbnailUrl\" content=\"https:\/\/1000seen.de\/herbsturlaub\/wp-content\/plugins\/wp-youtube-lyte\/lyteCache.php?origThumbUrl=https%3A%2F%2Fi.ytimg.com%2Fvi%2FNAnq0NrnGtw%2Fhqdefault.jpg\" \/><meta itemprop=\"embedURL\" content=\"https:\/\/www.youtube.com\/embed\/NAnq0NrnGtw\" \/><meta itemprop=\"duration\" content=\"PT50S\" \/><meta itemprop=\"uploadDate\" content=\"2023-01-17T11:29:11Z\" \/><\/div><div id=\"lyte_NAnq0NrnGtw\" data-src=\"https:\/\/1000seen.de\/herbsturlaub\/wp-content\/plugins\/wp-youtube-lyte\/lyteCache.php?origThumbUrl=https%3A%2F%2Fi.ytimg.com%2Fvi%2FNAnq0NrnGtw%2Fhqdefault.jpg\" class=\"pL\"><div class=\"tC\"><div class=\"tT\" itemprop=\"name\">Familien-Kurzurlaub mit dem Camper im Herbst | Tipps f\u00fcr die Mecklenburgische Seenplatte<\/div><\/div><div class=\"play\"><\/div><div class=\"ctrl\"><div class=\"Lctrl\"><\/div><div class=\"Rctrl\"><\/div><\/div><\/div><noscript><a href=\"https:\/\/youtu.be\/NAnq0NrnGtw\" rel=\"nofollow\"><img loading=\"lazy\" decoding=\"async\" src=\"https:\/\/1000seen.de\/herbsturlaub\/wp-content\/plugins\/wp-youtube-lyte\/lyteCache.php?origThumbUrl=https%3A%2F%2Fi.ytimg.com%2Fvi%2FNAnq0NrnGtw%2F0.jpg\" alt=\"Familien-Kurzurlaub mit dem Camper im Herbst | Tipps f&uuml;r die Mecklenburgische Seenplatte\" width=\"560\" height=\"295\" \/><br \/>Dieses Video auf YouTube ansehen<\/a><\/noscript><meta itemprop=\"description\" content=\"Friedrichs Gro\u00dfeltern haben ihr Wohnmobil gepackt und sind mit ihm im Herbst in die Mecklenburgische Seenplatte gefahren, um seine Lieblingsorte zu besuchen. Dazu geh\u00f6ren der Tollensesee, der Aussichtsturm der Behmsh\u00f6he, der Zoo in Neustrelitz, das Caf\u00e9 Anna &amp; Otto und nat\u00fcrlich die unvergleichliche Natur, durch die man f\u00e4hrt. Die Mecklenburgische Seenplatte bietet mehrere, einzigartige Wohnmobilstellpl\u00e4tze am Wasser und in der Natur \u2013 ideal f\u00fcr einen Ausflug mit der Familie in der Nebensaison. Alles zur Tour mit dem Wohnmobil erfahrt Ihr unter https:\/\/www.auf-nach-mv.de\/magazin\/camping-enkelkinder-herbsturlaub?utm_campaign=mvk&amp;utm_creative_format=videobeschreibung&amp;utm_source=youtube&amp;utm_medium=paid_social&amp;utm_term=videobeschreibung&amp;utm_content=mse+familie+magazin Folgt uns f\u00fcr mehr Inspiration: Facebook: https:\/\/www.facebook.com\/aufnachmv Instagram: https:\/\/www.instagram.com\/aufnachmv\"><\/div><\/div><div class=\"lL\" style=\"max-width:100%;width:560px;margin:5px auto;\"><\/div><figcaption><\/figcaption><\/figure><\/div>\n<\/div>\n\n\n\n<div class=\"section\">\n<div class=\"gb-element-57d7396c grid-3 gap-m\">\n<a class=\"ar-4-3 card gb-element-b6d333eb\" href=\"https:\/\/www.mecklenburgische-seenplatte.de\/aktivurlaub\/wandern\" target=\"_blank\" rel=\"noopener\">\n<img loading=\"lazy\" decoding=\"async\" width=\"768\" height=\"512\" class=\"card--image gb-media-0fe87b29\" alt=\"Wandern auf dem naturparkweg am aussichtspunkt reiherberg bei feldberg web tmv g\u00e4nsicke\" src=\"https:\/\/1000seen.de\/herbsturlaub\/wp-content\/uploads\/sites\/5\/2025\/09\/Wandern-auf-dem-Naturparkweg-am-Aussichtspunkt-Reiherberg-bei-Feldberg_Web_TMV_Gaensicke-768x512.jpg\" title=\"Wandern auf dem Naturparkweg am Aussichtspunkt Reiherberg bei Feldberg_Web_TMV_G\u00e4nsicke\" srcset=\"https:\/\/1000seen.de\/herbsturlaub\/wp-content\/uploads\/sites\/5\/2025\/09\/Wandern-auf-dem-Naturparkweg-am-Aussichtspunkt-Reiherberg-bei-Feldberg_Web_TMV_Gaensicke-768x512.jpg 768w, https:\/\/1000seen.de\/herbsturlaub\/wp-content\/uploads\/sites\/5\/2025\/09\/Wandern-auf-dem-Naturparkweg-am-Aussichtspunkt-Reiherberg-bei-Feldberg_Web_TMV_Gaensicke-300x200.jpg 300w, https:\/\/1000seen.de\/herbsturlaub\/wp-content\/uploads\/sites\/5\/2025\/09\/Wandern-auf-dem-Naturparkweg-am-Aussichtspunkt-Reiherberg-bei-Feldberg_Web_TMV_Gaensicke.jpg 1000w\" sizes=\"auto, (max-width: 768px) 100vw, 768px\" \/>\n\n\n\n<div class=\"gb-element-aee5135a\" href=\"https:\/\/1000seen.de\/unterkuenfte\/suche\/?sortseed=3&#038;locale=de&#038;t=search&#038;filter.BOOLEAN.PROPERTY_TYPES.cat_apartment=true\">\n<div class=\"gb-element-f34fcb1f\">\n<p class=\"gb-text gb-text-743f80e0\">Wanderungen<\/p>\n\n\n\n<span class=\"gb-shape card--arrow gb-shape-f8049387 link-arrow\"><svg xmlns=\"http:\/\/www.w3.org\/2000\/svg\" viewBox=\"0 0 256 512\" width=\"1em\" height=\"1em\" aria-hidden=\"true\"><path d=\"M224.3 273l-136 136c-9.4 9.4-24.6 9.4-33.9 0l-22.6-22.6c-9.4-9.4-9.4-24.6 0-33.9l96.4-96.4-96.4-96.4c-9.4-9.4-9.4-24.6 0-33.9L54.3 103c9.4-9.4 24.6-9.4 33.9 0l136 136c9.5 9.4 9.5 24.6.1 34z\" fill=\"currentColor\"><\/path><\/svg><\/span>\n<\/div>\n<\/div>\n<\/a>\n\n\n\n<a class=\"ar-4-3 card gb-element-44fa7f1a\" href=\"https:\/\/www.mecklenburgische-seenplatte.de\/aktivurlaub\/fahrrad\" target=\"_blank\" rel=\"noopener\">\n<img loading=\"lazy\" decoding=\"async\" width=\"768\" height=\"512\" class=\"card--image gb-media-bc56ced3\" alt=\"\" src=\"https:\/\/1000seen.de\/herbsturlaub\/wp-content\/uploads\/sites\/5\/2022\/08\/radtouren-herbsturlaub-mecklenburgische-seenplatte-768x512.jpg\" title=\"radtouren-herbsturlaub-mecklenburgische-seenplatte\" srcset=\"https:\/\/1000seen.de\/herbsturlaub\/wp-content\/uploads\/sites\/5\/2022\/08\/radtouren-herbsturlaub-mecklenburgische-seenplatte-768x512.jpg 768w, https:\/\/1000seen.de\/herbsturlaub\/wp-content\/uploads\/sites\/5\/2022\/08\/radtouren-herbsturlaub-mecklenburgische-seenplatte-300x200.jpg 300w, https:\/\/1000seen.de\/herbsturlaub\/wp-content\/uploads\/sites\/5\/2022\/08\/radtouren-herbsturlaub-mecklenburgische-seenplatte-1024x683.jpg 1024w, https:\/\/1000seen.de\/herbsturlaub\/wp-content\/uploads\/sites\/5\/2022\/08\/radtouren-herbsturlaub-mecklenburgische-seenplatte-1536x1024.jpg 1536w, https:\/\/1000seen.de\/herbsturlaub\/wp-content\/uploads\/sites\/5\/2022\/08\/radtouren-herbsturlaub-mecklenburgische-seenplatte.jpg 1920w\" sizes=\"auto, (max-width: 768px) 100vw, 768px\" \/>\n\n\n\n<div class=\"gb-element-624b73af\" href=\"https:\/\/1000seen.de\/unterkuenfte\/suche\/?sortseed=3&#038;locale=de&#038;t=search&#038;filter.BOOLEAN.PROPERTY_TYPES.cat_apartment=true\">\n<div class=\"gb-element-ceee1ac7\">\n<p class=\"gb-text gb-text-6e07a7e9\">Radtouren<\/p>\n\n\n\n<span class=\"gb-shape card--arrow gb-shape-9b25902f link-arrow\"><svg xmlns=\"http:\/\/www.w3.org\/2000\/svg\" viewBox=\"0 0 256 512\" width=\"1em\" height=\"1em\" aria-hidden=\"true\"><path d=\"M224.3 273l-136 136c-9.4 9.4-24.6 9.4-33.9 0l-22.6-22.6c-9.4-9.4-9.4-24.6 0-33.9l96.4-96.4-96.4-96.4c-9.4-9.4-9.4-24.6 0-33.9L54.3 103c9.4-9.4 24.6-9.4 33.9 0l136 136c9.5 9.4 9.5 24.6.1 34z\" fill=\"currentColor\"><\/path><\/svg><\/span>\n<\/div>\n<\/div>\n<\/a>\n\n\n\n<a class=\"ar-4-3 card gb-element-b322ef2b\" href=\"https:\/\/1000seen.de\/herbsturlaub\/aussichten\/\">\n<img loading=\"lazy\" decoding=\"async\" width=\"1920\" height=\"1280\" class=\"card--image gb-media-a28f78d3\" alt=\"\" src=\"https:\/\/1000seen.de\/herbsturlaub\/wp-content\/uploads\/sites\/5\/2022\/08\/aussichtsturm-herbsturlaub-mecklenburgische-seenplatte.jpg\" title=\"aussichtsturm-herbsturlaub-mecklenburgische-seenplatte\" srcset=\"https:\/\/1000seen.de\/herbsturlaub\/wp-content\/uploads\/sites\/5\/2022\/08\/aussichtsturm-herbsturlaub-mecklenburgische-seenplatte.jpg 1920w, https:\/\/1000seen.de\/herbsturlaub\/wp-content\/uploads\/sites\/5\/2022\/08\/aussichtsturm-herbsturlaub-mecklenburgische-seenplatte-300x200.jpg 300w, https:\/\/1000seen.de\/herbsturlaub\/wp-content\/uploads\/sites\/5\/2022\/08\/aussichtsturm-herbsturlaub-mecklenburgische-seenplatte-1024x683.jpg 1024w, https:\/\/1000seen.de\/herbsturlaub\/wp-content\/uploads\/sites\/5\/2022\/08\/aussichtsturm-herbsturlaub-mecklenburgische-seenplatte-768x512.jpg 768w, https:\/\/1000seen.de\/herbsturlaub\/wp-content\/uploads\/sites\/5\/2022\/08\/aussichtsturm-herbsturlaub-mecklenburgische-seenplatte-1536x1024.jpg 1536w\" sizes=\"auto, (max-width: 1920px) 100vw, 1920px\" \/>\n\n\n\n<div class=\"gb-element-93db87e6\" href=\"https:\/\/1000seen.de\/unterkuenfte\/suche\/?sortseed=3&#038;locale=de&#038;t=search&#038;filter.BOOLEAN.PROPERTY_TYPES.cat_apartment=true\">\n<div class=\"gb-element-6680d117\">\n<p class=\"gb-text gb-text-590d6cb7\">Sch\u00f6ne Aussichten<\/p>\n\n\n\n<span class=\"gb-shape card--arrow gb-shape-bdd759bd link-arrow\"><svg xmlns=\"http:\/\/www.w3.org\/2000\/svg\" viewBox=\"0 0 256 512\" width=\"1em\" height=\"1em\" aria-hidden=\"true\"><path d=\"M224.3 273l-136 136c-9.4 9.4-24.6 9.4-33.9 0l-22.6-22.6c-9.4-9.4-9.4-24.6 0-33.9l96.4-96.4-96.4-96.4c-9.4-9.4-9.4-24.6 0-33.9L54.3 103c9.4-9.4 24.6-9.4 33.9 0l136 136c9.5 9.4 9.5 24.6.1 34z\" fill=\"currentColor\"><\/path><\/svg><\/span>\n<\/div>\n<\/div>\n<\/a>\n<\/div>\n<\/div>\n\n\n\n<div class=\"section\">\n<h2 class=\"gb-text\">TOP 5 Herbstwanderungen<\/h2>\n\n\n\n<p class=\"gb-text\">Im Oktober ziehen kleine Farbtupfer in das Gr\u00fcn der W\u00e4lder ein. Wo Buchen, Ahorn, Birke und Co. besonders viel vertreten sind, wird es richtig bunt. Wir haben die sch\u00f6nsten Wanderungen durch bunten Mischwald zusammengestellt.<\/p>\n\n\n\n<div class=\"gb-element-0e8b1d0a grid-3 gap-m\">\n<a class=\"ar-4-3 card gb-element-c1a54220\" href=\"https:\/\/www.mecklenburgische-seenplatte.de\/wandertour-zinow-serrahn-carpin\" target=\"_blank\" rel=\"noopener\">\n<img loading=\"lazy\" decoding=\"async\" width=\"1920\" height=\"1080\" class=\"card--image gb-media-5278b12d\" alt=\"\" src=\"https:\/\/1000seen.de\/herbsturlaub\/wp-content\/uploads\/sites\/5\/2023\/10\/serrahn-im-sommer-1.jpg\" title=\"Serrahn im Sommer\" srcset=\"https:\/\/1000seen.de\/herbsturlaub\/wp-content\/uploads\/sites\/5\/2023\/10\/serrahn-im-sommer-1.jpg 1920w, https:\/\/1000seen.de\/herbsturlaub\/wp-content\/uploads\/sites\/5\/2023\/10\/serrahn-im-sommer-1-300x169.jpg 300w, https:\/\/1000seen.de\/herbsturlaub\/wp-content\/uploads\/sites\/5\/2023\/10\/serrahn-im-sommer-1-1024x576.jpg 1024w, https:\/\/1000seen.de\/herbsturlaub\/wp-content\/uploads\/sites\/5\/2023\/10\/serrahn-im-sommer-1-768x432.jpg 768w, https:\/\/1000seen.de\/herbsturlaub\/wp-content\/uploads\/sites\/5\/2023\/10\/serrahn-im-sommer-1-1536x864.jpg 1536w\" sizes=\"auto, (max-width: 1920px) 100vw, 1920px\" \/>\n\n\n\n<div class=\"gb-element-d38f1a06\" href=\"https:\/\/1000seen.de\/unterkuenfte\/suche\/?sortseed=3&#038;locale=de&#038;t=search&#038;filter.BOOLEAN.PROPERTY_TYPES.cat_apartment=true\">\n<div class=\"gb-element-1f376e66\">\n<p class=\"gb-text gb-text-5dcf28b8\">Wandertour Zinow \u2013 Serrahn \u2013 Carpin<\/p>\n\n\n\n<span class=\"gb-shape card--arrow gb-shape-e4cbc27d link-arrow\"><svg xmlns=\"http:\/\/www.w3.org\/2000\/svg\" viewBox=\"0 0 256 512\" width=\"1em\" height=\"1em\" aria-hidden=\"true\"><path d=\"M224.3 273l-136 136c-9.4 9.4-24.6 9.4-33.9 0l-22.6-22.6c-9.4-9.4-9.4-24.6 0-33.9l96.4-96.4-96.4-96.4c-9.4-9.4-9.4-24.6 0-33.9L54.3 103c9.4-9.4 24.6-9.4 33.9 0l136 136c9.5 9.4 9.5 24.6.1 34z\" fill=\"currentColor\"><\/path><\/svg><\/span>\n<\/div>\n<\/div>\n<\/a>\n\n\n\n<a class=\"ar-4-3 card gb-element-1e5a8b02\" href=\"https:\/\/www.mecklenburgische-seenplatte.de\/wandertour-heilige-hallen\" target=\"_blank\" rel=\"noopener\">\n<img loading=\"lazy\" decoding=\"async\" width=\"653\" height=\"986\" class=\"card--image gb-media-34503c8a\" alt=\"\" src=\"https:\/\/1000seen.de\/herbsturlaub\/wp-content\/uploads\/sites\/5\/2023\/10\/Heilige-Hallen-.jpg\" title=\"Heilige Hallen\" srcset=\"https:\/\/1000seen.de\/herbsturlaub\/wp-content\/uploads\/sites\/5\/2023\/10\/Heilige-Hallen-.jpg 653w, https:\/\/1000seen.de\/herbsturlaub\/wp-content\/uploads\/sites\/5\/2023\/10\/Heilige-Hallen--199x300.jpg 199w\" sizes=\"auto, (max-width: 653px) 100vw, 653px\" \/>\n\n\n\n<div class=\"gb-element-a5ef5fb9\" href=\"https:\/\/1000seen.de\/unterkuenfte\/suche\/?sortseed=3&#038;locale=de&#038;t=search&#038;filter.BOOLEAN.PROPERTY_TYPES.cat_apartment=true\">\n<div class=\"gb-element-486a115e\">\n<p class=\"gb-text gb-text-3c7edcc1\">Wandertour Heilige Hallen<\/p>\n\n\n\n<span class=\"gb-shape card--arrow gb-shape-846e08d6 link-arrow\"><svg xmlns=\"http:\/\/www.w3.org\/2000\/svg\" viewBox=\"0 0 256 512\" width=\"1em\" height=\"1em\" aria-hidden=\"true\"><path d=\"M224.3 273l-136 136c-9.4 9.4-24.6 9.4-33.9 0l-22.6-22.6c-9.4-9.4-9.4-24.6 0-33.9l96.4-96.4-96.4-96.4c-9.4-9.4-9.4-24.6 0-33.9L54.3 103c9.4-9.4 24.6-9.4 33.9 0l136 136c9.5 9.4 9.5 24.6.1 34z\" fill=\"currentColor\"><\/path><\/svg><\/span>\n<\/div>\n<\/div>\n<\/a>\n\n\n\n<a class=\"ar-4-3 card gb-element-593d5e61\" href=\"https:\/\/www.mecklenburgische-seenplatte.de\/falladas-fridolinwanderung\" target=\"_blank\" rel=\"noopener\">\n<img loading=\"lazy\" decoding=\"async\" width=\"1920\" height=\"1080\" class=\"card--image gb-media-6a2d0716\" alt=\"\" src=\"https:\/\/1000seen.de\/herbsturlaub\/wp-content\/uploads\/sites\/5\/2023\/10\/luzinfaehre-neu.jpg\" title=\"Luzinf\u00e4hre\" srcset=\"https:\/\/1000seen.de\/herbsturlaub\/wp-content\/uploads\/sites\/5\/2023\/10\/luzinfaehre-neu.jpg 1920w, https:\/\/1000seen.de\/herbsturlaub\/wp-content\/uploads\/sites\/5\/2023\/10\/luzinfaehre-neu-300x169.jpg 300w, https:\/\/1000seen.de\/herbsturlaub\/wp-content\/uploads\/sites\/5\/2023\/10\/luzinfaehre-neu-1024x576.jpg 1024w, https:\/\/1000seen.de\/herbsturlaub\/wp-content\/uploads\/sites\/5\/2023\/10\/luzinfaehre-neu-768x432.jpg 768w, https:\/\/1000seen.de\/herbsturlaub\/wp-content\/uploads\/sites\/5\/2023\/10\/luzinfaehre-neu-1536x864.jpg 1536w\" sizes=\"auto, (max-width: 1920px) 100vw, 1920px\" \/>\n\n\n\n<div class=\"gb-element-32a4b9ff\" href=\"https:\/\/1000seen.de\/unterkuenfte\/suche\/?sortseed=3&#038;locale=de&#038;t=search&#038;filter.BOOLEAN.PROPERTY_TYPES.cat_apartment=true\">\n<div class=\"gb-element-38548692\">\n<p class=\"gb-text gb-text-97714c18\">Wandertour Falladas Fridolinwanderung<\/p>\n\n\n\n<span class=\"gb-shape card--arrow gb-shape-56924595 link-arrow\"><svg xmlns=\"http:\/\/www.w3.org\/2000\/svg\" viewBox=\"0 0 256 512\" width=\"1em\" height=\"1em\" aria-hidden=\"true\"><path d=\"M224.3 273l-136 136c-9.4 9.4-24.6 9.4-33.9 0l-22.6-22.6c-9.4-9.4-9.4-24.6 0-33.9l96.4-96.4-96.4-96.4c-9.4-9.4-9.4-24.6 0-33.9L54.3 103c9.4-9.4 24.6-9.4 33.9 0l136 136c9.5 9.4 9.5 24.6.1 34z\" fill=\"currentColor\"><\/path><\/svg><\/span>\n<\/div>\n<\/div>\n<\/a>\n\n\n\n<a class=\"ar-4-3 card gb-element-8da05b33\" href=\"https:\/\/www.mecklenburgische-seenplatte.de\/wandertour-exotische-baumarten-im-forstbotanischen-erbsland\" target=\"_blank\" rel=\"noopener\">\n<img loading=\"lazy\" decoding=\"async\" width=\"1920\" height=\"1080\" class=\"card--image gb-media-f9d1ac71\" alt=\"\" src=\"https:\/\/1000seen.de\/herbsturlaub\/wp-content\/uploads\/sites\/5\/2023\/10\/wandertour-exotische-baumarten.jpg\" title=\"Exotische Baumarten im Forstbotanischen Erbsland\" srcset=\"https:\/\/1000seen.de\/herbsturlaub\/wp-content\/uploads\/sites\/5\/2023\/10\/wandertour-exotische-baumarten.jpg 1920w, https:\/\/1000seen.de\/herbsturlaub\/wp-content\/uploads\/sites\/5\/2023\/10\/wandertour-exotische-baumarten-300x169.jpg 300w, https:\/\/1000seen.de\/herbsturlaub\/wp-content\/uploads\/sites\/5\/2023\/10\/wandertour-exotische-baumarten-1024x576.jpg 1024w, https:\/\/1000seen.de\/herbsturlaub\/wp-content\/uploads\/sites\/5\/2023\/10\/wandertour-exotische-baumarten-768x432.jpg 768w, https:\/\/1000seen.de\/herbsturlaub\/wp-content\/uploads\/sites\/5\/2023\/10\/wandertour-exotische-baumarten-1536x864.jpg 1536w\" sizes=\"auto, (max-width: 1920px) 100vw, 1920px\" \/>\n\n\n\n<div class=\"gb-element-e9362511\" href=\"https:\/\/1000seen.de\/unterkuenfte\/suche\/?sortseed=3&#038;locale=de&#038;t=search&#038;filter.BOOLEAN.PROPERTY_TYPES.cat_apartment=true\">\n<div class=\"gb-element-2ab04356\">\n<p class=\"gb-text gb-text-f15bac1e\">Wandertour Exotische Baumarten im Forstbotanischen Erbsland<\/p>\n\n\n\n<span class=\"gb-shape card--arrow gb-shape-86f272ab link-arrow\"><svg xmlns=\"http:\/\/www.w3.org\/2000\/svg\" viewBox=\"0 0 256 512\" width=\"1em\" height=\"1em\" aria-hidden=\"true\"><path d=\"M224.3 273l-136 136c-9.4 9.4-24.6 9.4-33.9 0l-22.6-22.6c-9.4-9.4-9.4-24.6 0-33.9l96.4-96.4-96.4-96.4c-9.4-9.4-9.4-24.6 0-33.9L54.3 103c9.4-9.4 24.6-9.4 33.9 0l136 136c9.5 9.4 9.5 24.6.1 34z\" fill=\"currentColor\"><\/path><\/svg><\/span>\n<\/div>\n<\/div>\n<\/a>\n\n\n\n<a class=\"ar-4-3 card gb-element-54f57e7c\" href=\"https:\/\/www.mecklenburgische-seenplatte.de\/wandertour-malchiner-becken-sterntouren\" target=\"_blank\" rel=\"noopener\">\n<img loading=\"lazy\" decoding=\"async\" width=\"980\" height=\"553\" class=\"card--image gb-media-533518c4\" alt=\"\" src=\"https:\/\/1000seen.de\/herbsturlaub\/wp-content\/uploads\/sites\/5\/2023\/10\/tagestour-1-entlang-der-peene.jpg\" title=\"Entlang der Peene\" srcset=\"https:\/\/1000seen.de\/herbsturlaub\/wp-content\/uploads\/sites\/5\/2023\/10\/tagestour-1-entlang-der-peene.jpg 980w, https:\/\/1000seen.de\/herbsturlaub\/wp-content\/uploads\/sites\/5\/2023\/10\/tagestour-1-entlang-der-peene-300x169.jpg 300w, https:\/\/1000seen.de\/herbsturlaub\/wp-content\/uploads\/sites\/5\/2023\/10\/tagestour-1-entlang-der-peene-768x433.jpg 768w\" sizes=\"auto, (max-width: 980px) 100vw, 980px\" \/>\n\n\n\n<div class=\"gb-element-2d42d7dd\" href=\"https:\/\/1000seen.de\/unterkuenfte\/suche\/?sortseed=3&#038;locale=de&#038;t=search&#038;filter.BOOLEAN.PROPERTY_TYPES.cat_apartment=true\">\n<div class=\"gb-element-1f7fa054\">\n<p class=\"gb-text gb-text-052d76f5\">Wandertour Malchiner Becken Sterntouren<\/p>\n\n\n\n<span class=\"gb-shape card--arrow gb-shape-48ba9b44 link-arrow\"><svg xmlns=\"http:\/\/www.w3.org\/2000\/svg\" viewBox=\"0 0 256 512\" width=\"1em\" height=\"1em\" aria-hidden=\"true\"><path d=\"M224.3 273l-136 136c-9.4 9.4-24.6 9.4-33.9 0l-22.6-22.6c-9.4-9.4-9.4-24.6 0-33.9l96.4-96.4-96.4-96.4c-9.4-9.4-9.4-24.6 0-33.9L54.3 103c9.4-9.4 24.6-9.4 33.9 0l136 136c9.5 9.4 9.5 24.6.1 34z\" fill=\"currentColor\"><\/path><\/svg><\/span>\n<\/div>\n<\/div>\n<\/a>\n<\/div>\n<\/div>\n","protected":false},"excerpt":{"rendered":"<p>Ende Oktober erreicht die Laubverf\u00e4rbung ihren H\u00f6hepunkt und die W\u00e4lder der Seenplatte befinden sich in einem Farbenrausch. Die Buchenw\u00e4lder des Serrahner Teils vom M\u00fcritz-Nationalpark z\u00e4hlen seit 2011 zum UNESCO-Weltnaturerbe.<\/p>\n","protected":false},"author":1,"featured_media":21,"parent":0,"menu_order":0,"comment_status":"closed","ping_status":"closed","template":"","meta":{"slim_seo":{"title":"Aktivurlaub - Herbsturlaub Mecklenburgische Seenplatte","description":"Ende Oktober erreicht die Laubverf\u00e4rbung ihren H\u00f6hepunkt und die W\u00e4lder der Seenplatte befinden sich in einem Farbenrausch. Die Buchenw\u00e4lder des Serrahner Teils"},"footnotes":""},"categories":[],"class_list":["post-16","page","type-page","status-publish","has-post-thumbnail"],"_links":{"self":[{"href":"https:\/\/1000seen.de\/herbsturlaub\/wp-json\/wp\/v2\/pages\/16","targetHints":{"allow":["GET"]}}],"collection":[{"href":"https:\/\/1000seen.de\/herbsturlaub\/wp-json\/wp\/v2\/pages"}],"about":[{"href":"https:\/\/1000seen.de\/herbsturlaub\/wp-json\/wp\/v2\/types\/page"}],"author":[{"embeddable":true,"href":"https:\/\/1000seen.de\/herbsturlaub\/wp-json\/wp\/v2\/users\/1"}],"replies":[{"embeddable":true,"href":"https:\/\/1000seen.de\/herbsturlaub\/wp-json\/wp\/v2\/comments?post=16"}],"version-history":[{"count":1,"href":"https:\/\/1000seen.de\/herbsturlaub\/wp-json\/wp\/v2\/pages\/16\/revisions"}],"predecessor-version":[{"id":1721,"href":"https:\/\/1000seen.de\/herbsturlaub\/wp-json\/wp\/v2\/pages\/16\/revisions\/1721"}],"wp:featuredmedia":[{"embeddable":true,"href":"https:\/\/1000seen.de\/herbsturlaub\/wp-json\/wp\/v2\/media\/21"}],"wp:attachment":[{"href":"https:\/\/1000seen.de\/herbsturlaub\/wp-json\/wp\/v2\/media?parent=16"}],"wp:term":[{"taxonomy":"category","embeddable":true,"href":"https:\/\/1000seen.de\/herbsturlaub\/wp-json\/wp\/v2\/categories?post=16"}],"curies":[{"name":"wp","href":"https:\/\/api.w.org\/{rel}","templated":true}]}}