{"id":148,"date":"2022-08-01T10:00:00","date_gmt":"2022-08-01T08:00:00","guid":{"rendered":"https:\/\/1000seen.de\/herbsturlaub\/?page_id=148"},"modified":"2025-09-10T10:57:56","modified_gmt":"2025-09-10T08:57:56","slug":"hausboot","status":"publish","type":"page","link":"https:\/\/1000seen.de\/herbsturlaub\/hausboot\/","title":{"rendered":"Hausbooturlaub"},"content":{"rendered":"\n<h2 class=\"gb-text gb-text-7967fdf4\"><em>Schnuppersaison: Hausboote mieten im Herbst<\/em><\/h2>\n\n\n\n<div class=\"gb-element-f06fa649 grid-2 gap-m\">\n<div>\n<p class=\"gb-text\">\u2026ist vielleicht die romantischste Art, die <strong>Mecklenburgische Seenplatt<\/strong>e zu durchstreifen. Unsere Hausboote, Yachten und Fl\u00f6\u00dfe k\u00f6nnen Sie ohne Vorkenntnisse mieten. F\u00fcr einen Hausbooturlaub im Herbst gibt es viele Gr\u00fcnde:<br>Nach dem Sommertrubel zieht <strong>Ruhe<\/strong> auf den Seen der Mecklenburgischen Seenplatte ein \u2013 in den H\u00e4fen gibt es keine Engp\u00e4sse und an den Schleusen keine Wartezeiten.<\/p>\n\n\n\n<p class=\"gb-text\">Unschlagbar ist der <strong>Preis<\/strong>. Zu keiner anderen Zeit ist das Bootfahren g\u00fcnstiger \u2013 eine gute Gelegenheit einfach mal ein Hausboot zu mieten und zu Schnuppern. Au\u00dferdem k\u00f6nnen Sie im Gegensatz zum Sommer die Boote f\u00fcr eine kurze Zeit mieten, z.B. nur f\u00fcrs Wochenende.<\/p>\n<\/div>\n\n\n\n<div class=\"gb-element-598cf88b\"><figure class=\"wp-block-embed-youtube wp-block-embed is-type-video is-provider-youtube wp-embed-aspect-16-9 wp-has-aspect-ratio\"><div class=\"lyte-wrapper\" title=\"Familien-Urlaub auf dem Hausboot in der Seenplatte f&uuml;r die Gro&szlig;en, Mittleren und Kleinen\" style=\"width:560px;max-width:100%;margin:5px auto;\"><div class=\"lyMe\" id=\"WYL_gEWSseRc3Rk\" itemprop=\"video\" itemscope itemtype=\"https:\/\/schema.org\/VideoObject\"><div><meta itemprop=\"thumbnailUrl\" content=\"https:\/\/1000seen.de\/herbsturlaub\/wp-content\/plugins\/wp-youtube-lyte\/lyteCache.php?origThumbUrl=https%3A%2F%2Fi.ytimg.com%2Fvi%2FgEWSseRc3Rk%2Fhqdefault.jpg\" \/><meta itemprop=\"embedURL\" content=\"https:\/\/www.youtube.com\/embed\/gEWSseRc3Rk\" \/><meta itemprop=\"duration\" content=\"PT1M9S\" \/><meta itemprop=\"uploadDate\" content=\"2023-01-25T12:57:24Z\" \/><\/div><div id=\"lyte_gEWSseRc3Rk\" data-src=\"https:\/\/1000seen.de\/herbsturlaub\/wp-content\/plugins\/wp-youtube-lyte\/lyteCache.php?origThumbUrl=https%3A%2F%2Fi.ytimg.com%2Fvi%2FgEWSseRc3Rk%2Fhqdefault.jpg\" class=\"pL\"><div class=\"tC\"><div class=\"tT\" itemprop=\"name\">Familien-Urlaub auf dem Hausboot in der Seenplatte f\u00fcr die Gro\u00dfen, Mittleren und Kleinen<\/div><\/div><div class=\"play\"><\/div><div class=\"ctrl\"><div class=\"Lctrl\"><\/div><div class=\"Rctrl\"><\/div><\/div><\/div><noscript><a href=\"https:\/\/youtu.be\/gEWSseRc3Rk\" rel=\"nofollow\"><img loading=\"lazy\" decoding=\"async\" src=\"https:\/\/1000seen.de\/herbsturlaub\/wp-content\/plugins\/wp-youtube-lyte\/lyteCache.php?origThumbUrl=https%3A%2F%2Fi.ytimg.com%2Fvi%2FgEWSseRc3Rk%2F0.jpg\" alt=\"Familien-Urlaub auf dem Hausboot in der Seenplatte f&uuml;r die Gro&szlig;en, Mittleren und Kleinen\" width=\"560\" height=\"295\" \/><br \/>Dieses Video auf YouTube ansehen<\/a><\/noscript><meta itemprop=\"description\" content=\"Die Hausboote von Kuhnle-Tours sind ideal f\u00fcr die ganze Familie. Besonders im Fr\u00fchjahr lassen sich in der Mecklenburgischen Seenplatte noch viele Seen und Wasserarme ruhig und allein genie\u00dfen. Es ist f\u00fcr jedes Familienmitglied etwas dabei und mit dem eingebauten WLAN-Router kann jedes Erlebnis mit der Welt geteilt werden. Vom Hausboot aus lassen sich die Wassersportaktivit\u00e4ten wie schwimmen, SUPen, angeln direkt erleben. Und die kulinarischen Highlights am Ufer der M\u00fcritz k\u00f6nnen f\u00fcr die Besatzung mit dem SUP sportlich besorgt werden. Die ganze Tour und weitere Tipps gibt es auf https:\/\/www.auf-nach-mv.de\/magazin\/hausbootferien-teenager?utm_campaign=mvk&amp;utm_creative_format=videobeschreibung&amp;utm_source=youtube&amp;utm_medium=paid_social&amp;utm_term=videobeschreibung&amp;utm_content=kuhnle+hausboot+magazin Folgt uns f\u00fcr mehr Inspiration: Facebook: https:\/\/www.facebook.com\/aufnachmv Instagram: https:\/\/www.instagram.com\/aufnachmv\"><\/div><\/div><div class=\"lL\" style=\"max-width:100%;width:560px;margin:5px auto;\"><\/div><figcaption><\/figcaption><\/figure><\/div>\n<\/div>\n\n\n\n<p class=\"gb-text\">Sollte das <strong>Wetter<\/strong> nicht mitspielen, machen Sie es sich auf dem Boot gem\u00fctlich. Mit der <strong>Heizung<\/strong> wird es kuschelig warm und&nbsp;es gibt ausreichend Platz f\u00fcr gem\u00fctliches Beisammensein. Unvergesslich ist das Naturerlebnis.<\/p>\n\n\n\n<p class=\"gb-text\">Wenn <strong>Kraniche<\/strong>&nbsp;in der Mecklenburgischen Seenplatte trompetend \u00fcber den See ziehen, gibt es keinen sch\u00f6neren Ort in der unber\u00fchrten Natur. Einen <strong>Gl\u00fccksmoment<\/strong>, den Sie f\u00fcr immer mit nach Hause nehmen.<\/p>\n\n\n\n<a class=\"gb-text gb-button gb-text-cf819a66\" href=\"https:\/\/www.mecklenburgische-seenplatte.de\/faszination-wasser\/hausboot\" target=\"_blank\" rel=\"noopener\">Hausbooturlaub planen<\/a>\n\n\n\n<div class=\"section\">\n<div class=\"grid-2 gap-m\">\n<div class=\"gb-element-28a993dd ar-4-3\">\n<a href=\"https:\/\/www.mecklenburgische-seenplatte.de\/kulturherbst\" target=\"_blank\" rel=\"noopener\"><img loading=\"lazy\" decoding=\"async\" width=\"1920\" height=\"1280\" class=\"gb-media-b79a9545\" alt=\"Hausboot mecklenburgische seenplatte\" src=\"https:\/\/1000seen.de\/herbsturlaub\/wp-content\/uploads\/sites\/5\/2022\/08\/hausboot-mecklenburgische-seenplatte.jpg\" title=\"hausboot-mecklenburgische-seenplatte\" srcset=\"https:\/\/1000seen.de\/herbsturlaub\/wp-content\/uploads\/sites\/5\/2022\/08\/hausboot-mecklenburgische-seenplatte.jpg 1920w, https:\/\/1000seen.de\/herbsturlaub\/wp-content\/uploads\/sites\/5\/2022\/08\/hausboot-mecklenburgische-seenplatte-300x200.jpg 300w, https:\/\/1000seen.de\/herbsturlaub\/wp-content\/uploads\/sites\/5\/2022\/08\/hausboot-mecklenburgische-seenplatte-1024x683.jpg 1024w, https:\/\/1000seen.de\/herbsturlaub\/wp-content\/uploads\/sites\/5\/2022\/08\/hausboot-mecklenburgische-seenplatte-768x512.jpg 768w, https:\/\/1000seen.de\/herbsturlaub\/wp-content\/uploads\/sites\/5\/2022\/08\/hausboot-mecklenburgische-seenplatte-1536x1024.jpg 1536w\" sizes=\"auto, (max-width: 1920px) 100vw, 1920px\" \/><\/a>\n<\/div>\n\n\n\n<div class=\"gb-element-b7c91464\">\n<h2 class=\"gb-text\">Einfach loslegen!<\/h2>\n\n\n\n<ul>\n<li class=\"gb-text\"><strong>Ohne Bootsf\u00fchrerschein:<\/strong>&nbsp;Ihr Hausbootvermieter bringt Ihnen das Bootfahren bei. Schon am Nachmittag k\u00f6nnen Sie starten.<\/li>\n\n\n\n<li class=\"gb-text\"><strong>P\u00fctt und Pann:<\/strong>&nbsp;Hausboote haben K\u00fcche, Dusche &amp; WC, Salon und 1-6 Schlafkabinen. An Bord ist alles, was Ihre Crew braucht.<\/li>\n\n\n\n<li class=\"gb-text\"><strong>Preise:<\/strong>&nbsp;Oktober\/November sind die g\u00fcnstigsten Monate. Ideal zum Ausprobieren.<\/li>\n\n\n\n<li class=\"gb-text\"><strong>Volles Programm:<\/strong>&nbsp;Ob 2 oder 12 Personen. Einfach oder nobel. \u00dcber 1000 Boote stehen bei ca. 50 Anbietern in der Mecklenburgischen Seenplatte zur Auswahl.<\/li>\n\n\n\n<li class=\"gb-text\"><strong>Top-Revier:<\/strong>&nbsp;Unter den f\u00fchrerscheinfreien Revieren ist die Mecklenburgische Seenplatte die Nummer 1 in Deutschland. Die Zahl der Gastliegepl\u00e4tze ist sogar europaweit Spitze.<\/li>\n<\/ul>\n<\/div>\n<\/div>\n\n\n\n<a class=\"gb-text gb-text-9d06d61b gb-button\" href=\"https:\/\/www.mecklenburgische-seenplatte.de\/hausboot-buchen\" target=\"_blank\" rel=\"noopener\">Hausboote online buchen<\/a>\n<\/div>\n\n\n\n<div class=\"section\">\n<h2 class=\"gb-text\"><strong>10 Gr\u00fcnde<\/strong> f\u00fcr Hausbootfahren im Herbst<\/h2>\n\n\n\n<ol>\n<li class=\"gb-text\">Ideal zum Schnuppern, da auch Wochenend-Mieten m\u00f6glich sind<\/li>\n\n\n\n<li class=\"gb-text\">Preise bis zu 50 % g\u00fcnstiger als in der Hauptsaison<\/li>\n\n\n\n<li class=\"gb-text\">Weniger Verkehr und dadurch kaum Wartezeit an den Schleusen<\/li>\n\n\n\n<li class=\"gb-text\">Der Vogelzug im Herbst mit Kranichen &amp; Co ist vom Wasser aus faszinierend zu beobachten.<\/li>\n\n\n\n<li class=\"gb-text\">Der gew\u00fcnschte Liegeplatz in 1. Reihe ist noch frei.<\/li>\n\n\n\n<li class=\"gb-text\">Kein Frieren dank Bordheizung.<\/li>\n\n\n\n<li class=\"gb-text\">&nbsp;Das Wasser der Seen ist noch warm.<\/li>\n\n\n\n<li class=\"gb-text\">Morgens und Abends hohe Wahrscheinlichkeit f\u00fcr spiegelglatte Seen.<\/li>\n\n\n\n<li class=\"gb-text\">Beginn der Raubfischsaison f\u00fcr Angler<\/li>\n\n\n\n<li class=\"gb-text\">Mystische Nebelb\u00e4nke \u00fcber dem See &#8211; ein \u201eWow-Erlebnis\u201c<\/li>\n<\/ol>\n<\/div>\n\n\n\n<p><\/p>\n","protected":false},"excerpt":{"rendered":"<p>Hausbooturlaub ist vielleicht die romantischste Art, die Mecklenburgische Seenplatte zu durchstreifen. Unsere Hausboote, Yachten und Fl\u00f6\u00dfe k\u00f6nnen Sie ohne Vorkenntnisse mieten.<\/p>\n","protected":false},"author":1,"featured_media":168,"parent":0,"menu_order":0,"comment_status":"closed","ping_status":"closed","template":"","meta":{"slim_seo":{"title":"Hausbooturlaub - Herbsturlaub Mecklenburgische Seenplatte","description":"Hausbooturlaub ist vielleicht die romantischste Art, die Mecklenburgische Seenplatte zu durchstreifen. Unsere Hausboote, Yachten und Fl\u00f6\u00dfe k\u00f6nnen Sie ohne Vorke"},"footnotes":""},"categories":[],"class_list":["post-148","page","type-page","status-publish","has-post-thumbnail"],"_links":{"self":[{"href":"https:\/\/1000seen.de\/herbsturlaub\/wp-json\/wp\/v2\/pages\/148","targetHints":{"allow":["GET"]}}],"collection":[{"href":"https:\/\/1000seen.de\/herbsturlaub\/wp-json\/wp\/v2\/pages"}],"about":[{"href":"https:\/\/1000seen.de\/herbsturlaub\/wp-json\/wp\/v2\/types\/page"}],"author":[{"embeddable":true,"href":"https:\/\/1000seen.de\/herbsturlaub\/wp-json\/wp\/v2\/users\/1"}],"replies":[{"embeddable":true,"href":"https:\/\/1000seen.de\/herbsturlaub\/wp-json\/wp\/v2\/comments?post=148"}],"version-history":[{"count":0,"href":"https:\/\/1000seen.de\/herbsturlaub\/wp-json\/wp\/v2\/pages\/148\/revisions"}],"wp:featuredmedia":[{"embeddable":true,"href":"https:\/\/1000seen.de\/herbsturlaub\/wp-json\/wp\/v2\/media\/168"}],"wp:attachment":[{"href":"https:\/\/1000seen.de\/herbsturlaub\/wp-json\/wp\/v2\/media?parent=148"}],"wp:term":[{"taxonomy":"category","embeddable":true,"href":"https:\/\/1000seen.de\/herbsturlaub\/wp-json\/wp\/v2\/categories?post=148"}],"curies":[{"name":"wp","href":"https:\/\/api.w.org\/{rel}","templated":true}]}}