{"id":142,"date":"2022-08-01T10:00:00","date_gmt":"2022-08-01T08:00:00","guid":{"rendered":"https:\/\/1000seen.de\/herbsturlaub\/?page_id=142"},"modified":"2025-10-09T15:39:47","modified_gmt":"2025-10-09T13:39:47","slug":"wasser","status":"publish","type":"page","link":"https:\/\/1000seen.de\/herbsturlaub\/wasser\/","title":{"rendered":"Wasserurlaub"},"content":{"rendered":"\n<h2 class=\"gb-text gb-text-7967fdf4\"><em>Urlaub am und auf dem Wasser<\/em><\/h2>\n\n\n\n<div class=\"gb-element-f06fa649 grid-2 gap-m\">\n<div>\n<p class=\"gb-text wp-embed-aspect-16-9 wp-has-aspect-ratio\">Im Herbst wird es auf dem Wasser ruhiger. Das Naturerlebnis wird vom Trompeten der Kraniche begleitet. Morgennebel ziehen \u00fcber die Seen und bunte Bl\u00e4tter schwimmen wie kleine Schiffchen auf der Seeoberfl\u00e4che. Manche Oktobertage k\u00f6nnen durchaus noch an der 20-Grad-Marke kratzen.<\/p>\n\n\n\n<p class=\"gb-text wp-embed-aspect-16-9 wp-has-aspect-ratio\">Eine <strong>Kanufahrt<\/strong> durch schmale Kan\u00e4le unter einem bunten Bl\u00e4tterdach entlang z\u00e4hlt zu den einpr\u00e4gsamen Naturerlebnissen der Mecklenburgischen Seenplatte. Unge\u00fcbte Paddler sollten Touren von 4 bis 5 Stunden unternehmen. Da es morgens und abends recht k\u00fchl sein kann und auch die N\u00e4chte fr\u00fcher hereinbrechen. Ge\u00fcbte Paddler k\u00f6nnen durchaus zu Tages- oder Mehrtagestouren aufbrechen.<\/p>\n<\/div>\n\n\n\n<div class=\"gb-element-598cf88b\"><figure class=\"wp-block-embed-youtube wp-block-embed is-type-video is-provider-youtube wp-embed-aspect-16-9 wp-has-aspect-ratio\"><div class=\"lyte-wrapper\" title=\"Mit dem SUP &uuml;ber die Mecklenburgische Seenplatte: Frei und entspannt unterwegs auf Fl&uuml;ssen &amp;amp; Seen\" style=\"width:560px;max-width:100%;margin:5px auto;\"><div class=\"lyMe\" id=\"WYL_kjCnIDvJdgk\" itemprop=\"video\" itemscope itemtype=\"https:\/\/schema.org\/VideoObject\"><div><meta itemprop=\"thumbnailUrl\" content=\"https:\/\/1000seen.de\/herbsturlaub\/wp-content\/plugins\/wp-youtube-lyte\/lyteCache.php?origThumbUrl=https%3A%2F%2Fi.ytimg.com%2Fvi%2FkjCnIDvJdgk%2Fhqdefault.jpg\" \/><meta itemprop=\"embedURL\" content=\"https:\/\/www.youtube.com\/embed\/kjCnIDvJdgk\" \/><meta itemprop=\"duration\" content=\"PT58S\" \/><meta itemprop=\"uploadDate\" content=\"2024-01-24T13:52:33Z\" \/><\/div><div id=\"lyte_kjCnIDvJdgk\" data-src=\"https:\/\/1000seen.de\/herbsturlaub\/wp-content\/plugins\/wp-youtube-lyte\/lyteCache.php?origThumbUrl=https%3A%2F%2Fi.ytimg.com%2Fvi%2FkjCnIDvJdgk%2Fhqdefault.jpg\" class=\"pL\"><div class=\"tC\"><div class=\"tT\" itemprop=\"name\">Mit dem SUP \u00fcber die Mecklenburgische Seenplatte: Frei und entspannt unterwegs auf Fl\u00fcssen &amp; Seen<\/div><\/div><div class=\"play\"><\/div><div class=\"ctrl\"><div class=\"Lctrl\"><\/div><div class=\"Rctrl\"><\/div><\/div><\/div><noscript><a href=\"https:\/\/youtu.be\/kjCnIDvJdgk\" rel=\"nofollow\"><img loading=\"lazy\" decoding=\"async\" src=\"https:\/\/1000seen.de\/herbsturlaub\/wp-content\/plugins\/wp-youtube-lyte\/lyteCache.php?origThumbUrl=https%3A%2F%2Fi.ytimg.com%2Fvi%2FkjCnIDvJdgk%2F0.jpg\" alt=\"Mit dem SUP &uuml;ber die Mecklenburgische Seenplatte: Frei und entspannt unterwegs auf Fl&uuml;ssen &amp;amp; Seen\" width=\"560\" height=\"295\" \/><br \/>Dieses Video auf YouTube ansehen<\/a><\/noscript><meta itemprop=\"description\" content=\"Ende August noch mal so richtig den Sp\u00e4tsommer auskosten und Kraft tanken? Die Freundinnen Luisa und Susi z\u00f6gern nicht lange und fahren an die Mecklenburgische Seenplatte. Mit dabei: ihre beiden aufblasbaren Stand-Up-Paddle-Boards. Der Versuch: Wasserwandern in Mecklenburg-Vorpommern mal anders. Ein Wochenende unterwegs zwischen Mirow und der M\u00fcritz. In diesem Video erfahrt ihr: Wie es ist, mit dem SUP \u00fcber die Mecklenburgische Seenplatte zu paddeln Was es auf einer SUP-Tour alles zu erleben gibt Wo man in der Mecklenburgischen Seenplatte campen kann Wenn ihr auf der Suche nach einem unvergesslichen Erlebnis in der Natur seid, dann ist dieses Video genau das Richtige f\u00fcr euch! Die Tourentipps findet ihr zum Nachlesen hier: https:\/\/www.auf-nach-mv.de\/magazin\/spaetsommer-mecklenburgischen-seenplatte-sup?utm_campaign=mvk&amp;utm_creative_format=videobeschreibung&amp;utm_source=youtube&amp;utm_medium=paid_social&amp;utm_term=videobeschreibung&amp;utm_content=magazin+mse+sup Wenn Euch dieses Video gefallen hat, dann vergesst nicht, es zu liken, zu kommentieren oder zu teilen. \ud83e\udde1 Folgt uns f\u00fcr mehr Inspiration: Facebook: https:\/\/www.facebook.com\/aufnachmv Instagram: https:\/\/www.instagram.com\/aufnachmv\"><\/div><\/div><div class=\"lL\" style=\"max-width:100%;width:560px;margin:5px auto;\"><\/div><figcaption><\/figcaption><\/figure><\/div>\n<\/div>\n\n\n\n<div class=\"section\">\n<div class=\"gb-element-57d7396c grid-3 gap-m\">\n<a class=\"ar-4-3 card gb-element-b6d333eb\" href=\"https:\/\/1000seen.de\/herbsturlaub\/hausboot\/\">\n<img loading=\"lazy\" decoding=\"async\" width=\"1920\" height=\"1280\" class=\"card--image gb-media-0fe87b29\" alt=\"\" src=\"https:\/\/1000seen.de\/herbsturlaub\/wp-content\/uploads\/sites\/5\/2022\/08\/hausboot-herbsturlaub-mecklenburgische-seenplatte-1.jpg\" title=\"hausboot-herbsturlaub-mecklenburgische-seenplatte\" srcset=\"https:\/\/1000seen.de\/herbsturlaub\/wp-content\/uploads\/sites\/5\/2022\/08\/hausboot-herbsturlaub-mecklenburgische-seenplatte-1.jpg 1920w, https:\/\/1000seen.de\/herbsturlaub\/wp-content\/uploads\/sites\/5\/2022\/08\/hausboot-herbsturlaub-mecklenburgische-seenplatte-1-300x200.jpg 300w, https:\/\/1000seen.de\/herbsturlaub\/wp-content\/uploads\/sites\/5\/2022\/08\/hausboot-herbsturlaub-mecklenburgische-seenplatte-1-1024x683.jpg 1024w, https:\/\/1000seen.de\/herbsturlaub\/wp-content\/uploads\/sites\/5\/2022\/08\/hausboot-herbsturlaub-mecklenburgische-seenplatte-1-768x512.jpg 768w, https:\/\/1000seen.de\/herbsturlaub\/wp-content\/uploads\/sites\/5\/2022\/08\/hausboot-herbsturlaub-mecklenburgische-seenplatte-1-1536x1024.jpg 1536w\" sizes=\"auto, (max-width: 1920px) 100vw, 1920px\" \/>\n\n\n\n<div class=\"gb-element-aee5135a\" href=\"https:\/\/1000seen.de\/unterkuenfte\/suche\/?sortseed=3&#038;locale=de&#038;t=search&#038;filter.BOOLEAN.PROPERTY_TYPES.cat_apartment=true\">\n<div class=\"gb-element-f34fcb1f\">\n<p class=\"gb-text gb-text-743f80e0\">Schnuppersaison: Hausboote mieten im Herbst<\/p>\n\n\n\n<span class=\"gb-shape card--arrow gb-shape-f8049387 link-arrow\"><svg xmlns=\"http:\/\/www.w3.org\/2000\/svg\" viewBox=\"0 0 256 512\" width=\"1em\" height=\"1em\" aria-hidden=\"true\"><path d=\"M224.3 273l-136 136c-9.4 9.4-24.6 9.4-33.9 0l-22.6-22.6c-9.4-9.4-9.4-24.6 0-33.9l96.4-96.4-96.4-96.4c-9.4-9.4-9.4-24.6 0-33.9L54.3 103c9.4-9.4 24.6-9.4 33.9 0l136 136c9.5 9.4 9.5 24.6.1 34z\" fill=\"currentColor\"><\/path><\/svg><\/span>\n<\/div>\n<\/div>\n<\/a>\n\n\n\n<a class=\"ar-4-3 card gb-element-44fa7f1a\" href=\"https:\/\/www.mecklenburgische-seenplatte.de\/aktivurlaub\/kanu\" target=\"_blank\" rel=\"noopener\">\n<img loading=\"lazy\" decoding=\"async\" width=\"1920\" height=\"1280\" class=\"card--image gb-media-bc56ced3\" alt=\"\" src=\"https:\/\/1000seen.de\/herbsturlaub\/wp-content\/uploads\/sites\/5\/2022\/08\/kanu-herbsturlaub-mecklenburgische-seenplatte.jpg\" title=\"kanu-herbsturlaub-mecklenburgische-seenplatte\" srcset=\"https:\/\/1000seen.de\/herbsturlaub\/wp-content\/uploads\/sites\/5\/2022\/08\/kanu-herbsturlaub-mecklenburgische-seenplatte.jpg 1920w, https:\/\/1000seen.de\/herbsturlaub\/wp-content\/uploads\/sites\/5\/2022\/08\/kanu-herbsturlaub-mecklenburgische-seenplatte-300x200.jpg 300w, https:\/\/1000seen.de\/herbsturlaub\/wp-content\/uploads\/sites\/5\/2022\/08\/kanu-herbsturlaub-mecklenburgische-seenplatte-1024x683.jpg 1024w, https:\/\/1000seen.de\/herbsturlaub\/wp-content\/uploads\/sites\/5\/2022\/08\/kanu-herbsturlaub-mecklenburgische-seenplatte-768x512.jpg 768w, https:\/\/1000seen.de\/herbsturlaub\/wp-content\/uploads\/sites\/5\/2022\/08\/kanu-herbsturlaub-mecklenburgische-seenplatte-1536x1024.jpg 1536w\" sizes=\"auto, (max-width: 1920px) 100vw, 1920px\" \/>\n\n\n\n<div class=\"gb-element-624b73af\" href=\"https:\/\/1000seen.de\/unterkuenfte\/suche\/?sortseed=3&#038;locale=de&#038;t=search&#038;filter.BOOLEAN.PROPERTY_TYPES.cat_apartment=true\">\n<div class=\"gb-element-ceee1ac7\">\n<p class=\"gb-text gb-text-6e07a7e9\">Kanutouren<\/p>\n\n\n\n<span class=\"gb-shape card--arrow gb-shape-9b25902f link-arrow\"><svg xmlns=\"http:\/\/www.w3.org\/2000\/svg\" viewBox=\"0 0 256 512\" width=\"1em\" height=\"1em\" aria-hidden=\"true\"><path d=\"M224.3 273l-136 136c-9.4 9.4-24.6 9.4-33.9 0l-22.6-22.6c-9.4-9.4-9.4-24.6 0-33.9l96.4-96.4-96.4-96.4c-9.4-9.4-9.4-24.6 0-33.9L54.3 103c9.4-9.4 24.6-9.4 33.9 0l136 136c9.5 9.4 9.5 24.6.1 34z\" fill=\"currentColor\"><\/path><\/svg><\/span>\n<\/div>\n<\/div>\n<\/a>\n\n\n\n<a class=\"ar-4-3 card gb-element-b322ef2b\" href=\"https:\/\/www.mecklenburgische-seenplatte.de\/faszination-wasser\/angeln\" target=\"_blank\" rel=\"noopener\">\n<img loading=\"lazy\" decoding=\"async\" width=\"1000\" height=\"667\" class=\"card--image gb-media-a28f78d3\" alt=\"Angeln am steg tmv roth\" src=\"https:\/\/1000seen.de\/herbsturlaub\/wp-content\/uploads\/sites\/5\/2025\/09\/Angeln-am-Steg_TMV_Roth.jpg\" title=\"Angeln am Steg_TMV_Roth\" srcset=\"https:\/\/1000seen.de\/herbsturlaub\/wp-content\/uploads\/sites\/5\/2025\/09\/Angeln-am-Steg_TMV_Roth.jpg 1000w, https:\/\/1000seen.de\/herbsturlaub\/wp-content\/uploads\/sites\/5\/2025\/09\/Angeln-am-Steg_TMV_Roth-300x200.jpg 300w, https:\/\/1000seen.de\/herbsturlaub\/wp-content\/uploads\/sites\/5\/2025\/09\/Angeln-am-Steg_TMV_Roth-768x512.jpg 768w\" sizes=\"auto, (max-width: 1000px) 100vw, 1000px\" \/>\n\n\n\n<div class=\"gb-element-93db87e6\" href=\"https:\/\/1000seen.de\/unterkuenfte\/suche\/?sortseed=3&#038;locale=de&#038;t=search&#038;filter.BOOLEAN.PROPERTY_TYPES.cat_apartment=true\">\n<div class=\"gb-element-6680d117\">\n<p class=\"gb-text gb-text-590d6cb7\">Angelreviere<\/p>\n\n\n\n<span class=\"gb-shape card--arrow gb-shape-bdd759bd link-arrow\"><svg xmlns=\"http:\/\/www.w3.org\/2000\/svg\" viewBox=\"0 0 256 512\" width=\"1em\" height=\"1em\" aria-hidden=\"true\"><path d=\"M224.3 273l-136 136c-9.4 9.4-24.6 9.4-33.9 0l-22.6-22.6c-9.4-9.4-9.4-24.6 0-33.9l96.4-96.4-96.4-96.4c-9.4-9.4-9.4-24.6 0-33.9L54.3 103c9.4-9.4 24.6-9.4 33.9 0l136 136c9.5 9.4 9.5 24.6.1 34z\" fill=\"currentColor\"><\/path><\/svg><\/span>\n<\/div>\n<\/div>\n<\/a>\n<\/div>\n<\/div>\n","protected":false},"excerpt":{"rendered":"<p>Im Herbst wird es auf dem Wasser ruhiger. Das Naturerlebnis wird vom Trompeten der Kraniche begleitet. Morgennebel ziehen \u00fcber die Seen und bunte Bl\u00e4tter schwimmen wie kleine Schiffchen auf der Seeoberfl\u00e4che.<\/p>\n","protected":false},"author":1,"featured_media":143,"parent":0,"menu_order":0,"comment_status":"closed","ping_status":"closed","template":"","meta":{"slim_seo":{"title":"Wasserurlaub - Herbsturlaub Mecklenburgische Seenplatte","description":"Im Herbst wird es auf dem Wasser ruhiger. Das Naturerlebnis wird vom Trompeten der Kraniche begleitet. Morgennebel ziehen \u00fcber die Seen und bunte Bl\u00e4tter schwim"},"footnotes":""},"categories":[],"class_list":["post-142","page","type-page","status-publish","has-post-thumbnail"],"_links":{"self":[{"href":"https:\/\/1000seen.de\/herbsturlaub\/wp-json\/wp\/v2\/pages\/142","targetHints":{"allow":["GET"]}}],"collection":[{"href":"https:\/\/1000seen.de\/herbsturlaub\/wp-json\/wp\/v2\/pages"}],"about":[{"href":"https:\/\/1000seen.de\/herbsturlaub\/wp-json\/wp\/v2\/types\/page"}],"author":[{"embeddable":true,"href":"https:\/\/1000seen.de\/herbsturlaub\/wp-json\/wp\/v2\/users\/1"}],"replies":[{"embeddable":true,"href":"https:\/\/1000seen.de\/herbsturlaub\/wp-json\/wp\/v2\/comments?post=142"}],"version-history":[{"count":2,"href":"https:\/\/1000seen.de\/herbsturlaub\/wp-json\/wp\/v2\/pages\/142\/revisions"}],"predecessor-version":[{"id":1726,"href":"https:\/\/1000seen.de\/herbsturlaub\/wp-json\/wp\/v2\/pages\/142\/revisions\/1726"}],"wp:featuredmedia":[{"embeddable":true,"href":"https:\/\/1000seen.de\/herbsturlaub\/wp-json\/wp\/v2\/media\/143"}],"wp:attachment":[{"href":"https:\/\/1000seen.de\/herbsturlaub\/wp-json\/wp\/v2\/media?parent=142"}],"wp:term":[{"taxonomy":"category","embeddable":true,"href":"https:\/\/1000seen.de\/herbsturlaub\/wp-json\/wp\/v2\/categories?post=142"}],"curies":[{"name":"wp","href":"https:\/\/api.w.org\/{rel}","templated":true}]}}