{"id":2,"date":"2022-04-01T10:00:31","date_gmt":"2022-04-01T08:00:31","guid":{"rendered":"https:\/\/1000seen.de\/ansommern\/?page_id=2"},"modified":"2026-02-27T08:04:01","modified_gmt":"2026-02-27T07:04:01","slug":"hausbooturlaub","status":"publish","type":"page","link":"https:\/\/1000seen.de\/ansommern\/hausbooturlaub\/","title":{"rendered":"Ant\u00f6rnen (Hausbooturlaub)"},"content":{"rendered":"\n<div class=\"wp-block-cover alignfull is-light cover-first\" style=\"min-height:380px;aspect-ratio:unset;\"><img loading=\"lazy\" decoding=\"async\" width=\"1920\" height=\"1280\" class=\"wp-block-cover__image-background wp-image-758\" alt=\"\" src=\"https:\/\/1000seen.de\/ansommern\/wp-content\/uploads\/sites\/4\/2022\/03\/antoernen-mecklenburgische-seenplatte.jpg\" data-object-fit=\"cover\" srcset=\"https:\/\/1000seen.de\/ansommern\/wp-content\/uploads\/sites\/4\/2022\/03\/antoernen-mecklenburgische-seenplatte.jpg 1920w, https:\/\/1000seen.de\/ansommern\/wp-content\/uploads\/sites\/4\/2022\/03\/antoernen-mecklenburgische-seenplatte-300x200.jpg 300w, https:\/\/1000seen.de\/ansommern\/wp-content\/uploads\/sites\/4\/2022\/03\/antoernen-mecklenburgische-seenplatte-1024x683.jpg 1024w, https:\/\/1000seen.de\/ansommern\/wp-content\/uploads\/sites\/4\/2022\/03\/antoernen-mecklenburgische-seenplatte-768x512.jpg 768w, https:\/\/1000seen.de\/ansommern\/wp-content\/uploads\/sites\/4\/2022\/03\/antoernen-mecklenburgische-seenplatte-1536x1024.jpg 1536w\" sizes=\"auto, (max-width: 1920px) 100vw, 1920px\" \/><span aria-hidden=\"true\" class=\"wp-block-cover__background has-background-dim-40 has-background-dim wp-block-cover__gradient-background has-background-gradient\" style=\"background:linear-gradient(135deg,rgb(0,154,206) 0%,rgb(0,120,161) 100%)\"><\/span><div class=\"wp-block-cover__inner-container is-layout-flow wp-block-cover-is-layout-flow\">\n<h1 class=\"wp-block-heading has-text-align-center has-ast-global-color-5-color has-text-color\"><em><strong>Hausboot<\/strong>urlaub<\/em><\/h1>\n\n\n\n<h2 class=\"wp-block-heading has-text-align-center has-ast-global-color-5-color has-text-color has-medium-font-size\" style=\"font-style:normal;font-weight:100;text-transform:uppercase\">Ansommern<br>Mecklenburgische Seenplatte<\/h2>\n<\/div><\/div>\n\n\n\n<div class=\"inherit-container-width wp-block-group alignfull is-layout-constrained wp-block-group-is-layout-constrained\"><div class=\"wp-block-group__inner-container\">\n<h2 class=\"wp-block-heading has-text-align-center\"><strong>5 Gr\u00fcnde<\/strong> f\u00fcr einen Kurzurlaub auf dem Hausboot<\/h2>\n\n\n\n<div class=\"wp-block-columns is-layout-flex wp-container-core-columns-is-layout-28f84493 wp-block-columns-is-layout-flex\">\n<div class=\"wp-block-column is-vertically-aligned-top is-layout-flow wp-block-column-is-layout-flow\" style=\"flex-basis:50%\">\n<p><strong>1. Kurfristige Buchungen<\/strong><br>Von M\u00e4rz bis Juni ist es oft m\u00f6glich, kurzfristig ein Hausboot zu mieten &#8211; abgesehen von den Feiertagen und Ferien. Das Wunschboot ist in dieser Zeit auch leichter zu bekommen als in der Hauptferienzeit.<\/p>\n\n\n\n<p><strong>2. G\u00fcnstige Preise<\/strong><br>Zum Saisonstart sind die Preise am g\u00fcnstigsten und liegen manchmal 50 % unter den Preisen im Sommer. Ideal, um Hausbooturlaub mal auszuprobieren.<\/p>\n\n\n\n<p><strong>3. Keine Wartezeiten<\/strong><br>An den Schleusen muss man nicht mit Wartezeiten rechnen und in den H\u00e4fen gibt es keine Engp\u00e4sse bei den Liegepl\u00e4tzen.<\/p>\n<\/div>\n\n\n\n<div class=\"wp-block-column is-vertically-aligned-top is-layout-flow wp-block-column-is-layout-flow\" style=\"flex-basis:50%\">\n<p><strong>4. Heizung an Bord<\/strong><br>Die Boote sind so ausgestattet, dass sie auch bei k\u00fchleren Temperaturen komfortabel sind. So kann es auf einem Hausboot sehr gem\u00fctlich werden.<\/p>\n\n\n\n<p><strong>5. Naturerwachen<\/strong><br>Die Kraniche kehren im Fr\u00fchjahr zur\u00fcck und vollf\u00fchren ihren Liebestanz &#8211; ein fantastisches Schauspiel. Der Balzruf der Rohrdommel ist in der Seenplatte sehr h\u00e4ufig zu h\u00f6ren und sehr beeindruckend.<\/p>\n<\/div>\n<\/div>\n\n\n\n<div class=\"wp-block-buttons is-content-justification-center is-layout-flex wp-container-core-buttons-is-layout-a89b3969 wp-block-buttons-is-layout-flex\">\n<div class=\"wp-block-button has-custom-width wp-block-button__width-100 uag-hide-desktop\"><a class=\"wp-block-button__link wp-element-button\" href=\"https:\/\/www.mecklenburgische-seenplatte.de\/faszination-wasser\/hausboot\">Hausbooturlaub planen<\/a><\/div>\n\n\n\n<div class=\"wp-block-button uag-hide-tab uag-hide-mob\"><a class=\"wp-block-button__link wp-element-button\" href=\"https:\/\/www.mecklenburgische-seenplatte.de\/faszination-wasser\/hausboot\">Hausbooturlaub planen<\/a><\/div>\n<\/div>\n<\/div><\/div>\n\n\n\n<div class=\"wp-block-cover alignfull is-light\" style=\"min-height:60vh;aspect-ratio:unset;\"><span aria-hidden=\"true\" class=\"wp-block-cover__background has-background-dim-100 has-background-dim\" style=\"background-color:#ffffff\"><\/span><div class=\"wp-block-cover__inner-container is-layout-flow wp-block-cover-is-layout-flow\">\n<div class=\"wp-block-media-text alignwide is-stacked-on-mobile is-vertically-aligned-center is-image-fill-element\" style=\"grid-template-columns:55% auto\"><figure class=\"wp-block-media-text__media\"><a href=\"https:\/\/www.mecklenburgische-seenplatte.de\/reiseziele\/leboat\" target=\"_blank\" rel=\"noreferrer noopener\"><img loading=\"lazy\" decoding=\"async\" width=\"1024\" height=\"682\" src=\"https:\/\/1000seen.de\/ansommern\/wp-content\/uploads\/sites\/4\/2023\/04\/holger-leue-mecklenburgische-seenplatte-1024x682.jpg\" alt=\"\" class=\"wp-image-1976 size-full\" style=\"object-position:45% 75%\" srcset=\"https:\/\/1000seen.de\/ansommern\/wp-content\/uploads\/sites\/4\/2023\/04\/holger-leue-mecklenburgische-seenplatte-1024x682.jpg 1024w, https:\/\/1000seen.de\/ansommern\/wp-content\/uploads\/sites\/4\/2023\/04\/holger-leue-mecklenburgische-seenplatte-300x200.jpg 300w, https:\/\/1000seen.de\/ansommern\/wp-content\/uploads\/sites\/4\/2023\/04\/holger-leue-mecklenburgische-seenplatte-768x511.jpg 768w, https:\/\/1000seen.de\/ansommern\/wp-content\/uploads\/sites\/4\/2023\/04\/holger-leue-mecklenburgische-seenplatte.jpg 1170w\" sizes=\"auto, (max-width: 1024px) 100vw, 1024px\" \/><\/a><\/figure><div class=\"wp-block-media-text__content\">\n<h2 class=\"wp-block-heading has-text-color\" style=\"color:#000000;font-size:32px\"><strong><a href=\"https:\/\/www.mecklenburgische-seenplatte.de\/reiseziele\/leboat\" target=\"_blank\" rel=\"noreferrer noopener\">Traumhafte Bootsferien<\/a><\/strong><\/h2>\n\n\n\n<p class=\"has-text-color\" style=\"color:#000000;font-size:17px\">Jetzt Bootsferien planen und <strong>attraktive Saisonangebote<\/strong> sichern: Bei <strong>Le Boat<\/strong> erwarten Sie f\u00fchrerscheinfreie Hausboote, komfortable Ausstattung und unvergessliche Naturerlebnisse zwischen M\u00fcritz, Seen und Kan\u00e4len. Profitieren Sie von zeitlich begrenzten Aktionen mit Preisvorteilen und entdecken Sie die Seenplatte flexibel vom Wasser aus.<\/p>\n\n\n\n<div class=\"wp-block-buttons is-layout-flex wp-block-buttons-is-layout-flex\">\n<div class=\"wp-block-button has-custom-width wp-block-button__width-100 is-style-fill\"><a class=\"wp-block-button__link wp-element-button\" href=\"https:\/\/www.mecklenburgische-seenplatte.de\/reiseziele\/leboat\" target=\"_blank\" rel=\"noreferrer noopener\">Hausbooturlaub mit Le Boat<\/a><\/div>\n<\/div>\n<\/div><\/div>\n<\/div><\/div>\n\n\n\n<div class=\"inherit-container-width wp-block-group alignfull is-layout-constrained wp-block-group-is-layout-constrained\"><div class=\"wp-block-group__inner-container\">\n<div class=\"wp-block-columns is-layout-flex wp-container-core-columns-is-layout-28f84493 wp-block-columns-is-layout-flex\">\n<div class=\"wp-block-column is-vertically-aligned-center is-layout-flow wp-block-column-is-layout-flow\" style=\"flex-basis:33.33%\">\n<h2 class=\"wp-block-heading has-text-align-center\">Auf dem Wasser unterwegs<\/h2>\n\n\n\n<div class=\"wp-block-buttons is-layout-flex wp-block-buttons-is-layout-flex\">\n<div class=\"wp-block-button has-custom-width wp-block-button__width-100 aligncenter\"><a class=\"wp-block-button__link wp-element-button\" href=\"https:\/\/www.mecklenburgische-seenplatte.de\/faszination-wasser\" target=\"_blank\" rel=\"noreferrer noopener\">Faszination Wasser<\/a><\/div>\n<\/div>\n<\/div>\n\n\n\n<div class=\"wp-block-column is-layout-flow wp-block-column-is-layout-flow\" style=\"flex-basis:66.66%\">\n<p><strong>1117 Seen<\/strong>&nbsp;in der Mecklenburgischen Seenplatte formen ein au\u00dfergew\u00f6hnliches Landschaftsbild. Viele verweben sich zu einem&nbsp;<strong>Netz befahrbarer Wasserstra\u00dfen<\/strong>&nbsp;und machen die Mecklenburgische Seenplatte zur&nbsp;<strong>Top-Destination f\u00fcr f\u00fchrerscheinfreien Hausbooturlaub<\/strong>. Die Gro\u00dfen Seen zwischen Plau und Rechlin sind auch f\u00fcr&nbsp;<strong>Segler und Surfer<\/strong>&nbsp;beliebtes Revier. Die gro\u00dfe Flachwasserzone der S\u00fcdm\u00fcritz ist perfekt f\u00fcr SUP. Wer es gem\u00fctlicher mag l\u00e4sst sich auf einem&nbsp;<strong>Fahrgastschiff<\/strong>&nbsp;an Seerosenfeldern, unverbauten Ufern mit W\u00e4ldern, Mooren und Feuchtwiesen vorbeifahren.<\/p>\n<\/div>\n<\/div>\n<\/div><\/div>\n\n\n\n<div class=\"inherit-container-width wp-block-group alignfull is-layout-constrained wp-block-group-is-layout-constrained\"><div class=\"wp-block-group__inner-container\">\n<div class=\"wp-block-buttons is-layout-flex wp-block-buttons-is-layout-flex\">\n<div class=\"wp-block-button has-custom-width wp-block-button__width-100 aligncenter uag-hide-desktop\"><a class=\"wp-block-button__link wp-element-button\" href=\"https:\/\/ansommern.de\/\">Zur \u00dcbersicht &#8222;Ansommern&#8220;<\/a><\/div>\n\n\n\n<div class=\"wp-block-button aligncenter uag-hide-tab uag-hide-mob\"><a class=\"wp-block-button__link wp-element-button\" href=\"https:\/\/ansommern.de\/\">Zur \u00dcbersicht &#8222;Ansommern&#8220;<\/a><\/div>\n<\/div>\n<\/div><\/div>\n\n\n\n<div class=\"wp-block-cover alignfull is-light has-parallax\" style=\"min-height:595px;aspect-ratio:unset;\" id=\"newsletter\"><span aria-hidden=\"true\" class=\"wp-block-cover__background has-background-dim-40 has-background-dim\" style=\"background-color:#007bc2\"><\/span><div class=\"wp-block-cover__image-background wp-image-633 has-parallax\" style=\"background-position:50% 50%;background-image:url(https:\/\/1000seen.de\/ansommern\/wp-content\/uploads\/sites\/4\/2022\/03\/keyvisual-mecklenburgische-seenplatte.jpg)\"><\/div><div class=\"wp-block-cover__inner-container is-layout-flow wp-block-cover-is-layout-flow\">\n<h2 class=\"wp-block-heading has-text-align-center has-white-color has-text-color\">Anmeldung zum Newsletter<\/h2>\n\n\n\n<p class=\"has-text-align-center has-ast-global-color-5-color has-text-color\">Ab sofort <strong>exklusive Urlaubsangebote<\/strong>, Veranstaltungs- und Ausflugstipps <strong>per E-Mail<\/strong> erhalten!<\/p>\n\n\n\n<!--Zoho Campaigns Web-Optin Form's Header Code Starts Here-->\n\n<script type=\"text\/javascript\" src=\"https:\/\/lghp-zcmp.maillist-manage.eu\/js\/optin.min.js\" onload=\"setupSF('sf3z908c2bf48030dd1d21202cf6b098d72c9bed2e64c5ab5a54028080e1a390b557','ZCFORMVIEW',false,'acc',false,'2')\"><\/script>\n<script type=\"text\/javascript\">\n\tfunction runOnFormSubmit_sf3z908c2bf48030dd1d21202cf6b098d72c9bed2e64c5ab5a54028080e1a390b557(th){\n\t\t\/*Before submit, if you want to trigger your event, \"include your code here\"*\/\n\t};\n<\/script>\n\n<style>.quick_form_8_css * { -webkit-box-sizing: border-box !important; -moz-box-sizing: border-box !important; box-sizing: border-box !important; overflow-wrap: break-word }input[type=\"text\"]::placeholder { color: rgb(165, 165, 165) }@media only screen and (max-width: 600px) {.quick_form_8_css[name=\"SIGNUP_BODY\"] { width: 100% !important; min-width: 100% !important; margin: 0px auto !important; padding: 0px !important } .SIGNUP_FLD { width: 90% !important; margin: 10px 5% !important; padding: 0px !important } .SIGNUP_FLD input { margin: 0 !important; border-radius: 25px !important } }<\/style>\n\n<!--Zoho Campaigns Web-Optin Form's Header Code Ends Here--><!--Zoho Campaigns Web-Optin Form Starts Here-->\n\n<div id=\"sf3z908c2bf48030dd1d21202cf6b098d72c9bed2e64c5ab5a54028080e1a390b557\" data-type=\"signupform\" style=\"opacity: 1;\">\n\t<div id=\"customForm\">\n\t\t<div class=\"quick_form_8_css\" name=\"SIGNUP_BODY\">\n\t\t\t<div>\n\t\t\t\t<div style=\"position:relative;\">\n\t\t\t\t\t<div id=\"Zc_SignupSuccess\" style=\"display:none;position:absolute;margin-left:4%;width:90%;background-color: white; padding: 3px; border: 3px solid rgb(194, 225, 154);  margin-top: 10px;margin-bottom:10px;word-break:break-all\">\n\t\t\t\t\t\t<table width=\"100%\" cellpadding=\"0\" cellspacing=\"0\" border=\"0\">\n\t\t\t\t\t\t\t<tbody>\n\t\t\t\t\t\t\t\t<tr>\n\t\t\t\t\t\t\t\t\t<td width=\"10%\">\n\t\t\t\t\t\t\t\t\t\t<img decoding=\"async\" class=\"successicon\" src=\"https:\/\/lghp-zcmp.maillist-manage.eu\/images\/challangeiconenable.jpg\" align=\"absmiddle\">\n\t\t\t\t\t\t\t\t\t<\/td>\n\t\t\t\t\t\t\t\t\t<td>\n\t\t\t\t\t\t\t\t\t\t<span id=\"signupSuccessMsg\" style=\"color: rgb(73, 140, 132); font-family: sans-serif; font-size: 14px;word-break:break-word\">&nbsp;&nbsp;Vielen Dank f\u00fcr Ihre Anmeldung<\/span>\n\t\t\t\t\t\t\t\t\t<\/td>\n\t\t\t\t\t\t\t\t<\/tr>\n\t\t\t\t\t\t\t<\/tbody>\n\t\t\t\t\t\t<\/table>\n\t\t\t\t\t<\/div>\n\t\t\t\t<\/div>\n\t\t\t\t<form method=\"POST\" id=\"zcampaignOptinForm\" style=\"margin: 0px; width: 100%\" action=\"https:\/\/lghp-zcmp.maillist-manage.eu\/weboptin.zc\" target=\"_zcSignup\">\n\t\t\t\t\t<div style=\"background-color: rgb(245, 168, 196); padding: 10px; color: rgb(166, 54, 89); font-size: 11px; margin: 10px 0px; border: 1px solid rgb(166, 54, 89); opacity: 1; display: none\" id=\"errorMsgDiv\">Bitte geben Sie eine g\u00fcltige E-Mail-Adresse an!<\/div>\n\t\t\t\t\t\n\t\t\t\t\t<div class=\"wp-block-columns\">\n\t\t\t\t\t\t<div class=\"wp-block-column\" style=\"flex-basis:70%; padding: 0 5px;\" class=\"SIGNUP_FLD\">\n\t\t\t\t\t\t\t<input type=\"text\" value=\"\" type=\"text\" placeholder=\"Ihre E-Mail-Adresse*\" style=\"width: 100%;\" changeitem=\"SIGNUP_FORM_FIELD\" name=\"CONTACT_EMAIL\" id=\"EMBED_FORM_EMAIL_LABEL\">\n\t\t\t\t\t\t<\/div>\n\t\t\t\t\t\t<div class=\"wp-block-column\" style=\"flex-basis:30%; padding: 0 5px;\" class=\"SIGNUP_FLD\">\n\t\t\t\t\t\t\t<button type=\"submit\" class=\"cr_button\" style=\"width: 100%; border: 1px solid #fff;\" name=\"SIGNUP_SUBMIT_BUTTON\" id=\"zcWebOptin\">Anmelden<\/button>\n\t\t\t\t\t\t<\/div>\n\t\t\t\t\t<\/div>\n\t\t\t\t\t<input type=\"hidden\" id=\"fieldBorder\" value=\"\">\n\t\t\t\t\t<input type=\"hidden\" id=\"submitType\" name=\"submitType\" value=\"optinCustomView\">\n\t\t\t\t\t<input type=\"hidden\" id=\"emailReportId\" name=\"emailReportId\" value=\"\">\n\t\t\t\t\t<input type=\"hidden\" id=\"formType\" name=\"formType\" value=\"QuickForm\">\n\t\t\t\t\t<input type=\"hidden\" name=\"zx\" id=\"cmpZuid\" value=\"14ae1e7971\">\n\t\t\t\t\t<input type=\"hidden\" name=\"zcvers\" value=\"2.0\">\n\t\t\t\t\t<input type=\"hidden\" name=\"oldListIds\" id=\"allCheckedListIds\" value=\"\">\n\t\t\t\t\t<input type=\"hidden\" id=\"mode\" name=\"mode\" value=\"OptinCreateView\">\n\t\t\t\t\t<input type=\"hidden\" id=\"zcld\" name=\"zcld\" value=\"1303fd8f8b1d754b\">\n\t\t\t\t\t<input type=\"hidden\" id=\"zctd\" name=\"zctd\" value=\"\">\n\t\t\t\t\t<input type=\"hidden\" id=\"document_domain\" value=\"\">\n\t\t\t\t\t<input type=\"hidden\" id=\"zc_Url\" value=\"lghp-zcmp.maillist-manage.eu\">\n\t\t\t\t\t<input type=\"hidden\" id=\"new_optin_response_in\" value=\"0\">\n\t\t\t\t\t<input type=\"hidden\" id=\"duplicate_optin_response_in\" value=\"0\">\n\t\t\t\t\t<input type=\"hidden\" name=\"zc_trackCode\" id=\"zc_trackCode\" value=\"ZCFORMVIEW\">\n\t\t\t\t\t<input type=\"hidden\" id=\"zc_formIx\" name=\"zc_formIx\" value=\"3z908c2bf48030dd1d21202cf6b098d72c9bed2e64c5ab5a54028080e1a390b557\">\n\t\t\t\t\t<input type=\"hidden\" id=\"viewFrom\" value=\"URL_ACTION\">\n\t\t\t\t\t<span style=\"display: none\" id=\"dt_CONTACT_EMAIL\">1,true,6,Kontakt-E-Mail,2<\/span>\n\t\t\t\t<\/form>\n\t\t\t<\/div>\n\t\t<\/div>\n\t<\/div>\n\t<img decoding=\"async\" src=\"https:\/\/lghp-zcmp.maillist-manage.eu\/images\/spacer.gif\" id=\"refImage\" onload=\"referenceSetter(this)\" style=\"display:none;\">\n<\/div>\n<input type=\"hidden\" id=\"signupFormType\" value=\"QuickForm_Horizontal\">\n<div id=\"zcOptinOverLay\" oncontextmenu=\"return false\" style=\"display:none;text-align: center; background-color: rgb(0, 0, 0); opacity: 0.5; z-index: 100; position: fixed; width: 100%; top: 0px; left: 0px; height: 988px;\"><\/div>\n<div id=\"zcOptinSuccessPopup\" style=\"display:none;z-index: 9999;width: 800px; height: 40%;top: 84px;position: fixed; left: 26%;background-color: #FFFFFF;border-color: #E6E6E6; border-style: solid; border-width: 1px;  box-shadow: 0 1px 10px #424242;padding: 35px;\">\n\t<span style=\"position: absolute;top: -16px;right:-14px;z-index:99999;cursor: pointer;\" id=\"closeSuccess\">\n\t\t<img decoding=\"async\" src=\"https:\/\/lghp-zcmp.maillist-manage.eu\/images\/videoclose.png\">\n\t<\/span>\n\t<div id=\"zcOptinSuccessPanel\"><\/div>\n<\/div>\n\n<!--Zoho Campaigns Web-Optin Form Ends Here-->\n\n\n\n<div class=\"wp-block-buttons is-horizontal is-content-justification-center is-layout-flex wp-container-core-buttons-is-layout-03627597 wp-block-buttons-is-layout-flex\"><\/div>\n\n\n\n<p class=\"has-text-align-center has-white-color has-text-color\" style=\"font-size:12px\">Der Newsletter der Mecklenburgischen Seenplatte ist kostenlos. <br>Selbstverst\u00e4ndlich k\u00f6nnen Sie den Newsletter jederzeit bequem abbestellen, was zur L\u00f6schung Ihrer Daten f\u00fchrt. <br>Am Ende eines jeden Newsletters finden Sie einen entsprechenden Abmeldelink.<\/p>\n<\/div><\/div>\n","protected":false},"excerpt":{"rendered":"<p>5 Gr\u00fcnde f\u00fcr einen Kurzurlaub auf dem Hausboot 1. Kurfristige BuchungenVon M\u00e4rz bis Juni ist es oft m\u00f6glich, kurzfristig ein Hausboot zu mieten &#8211; abgesehen von den Feiertagen und Ferien. Das Wunschboot ist in dieser Zeit auch leichter zu bekommen als in der Hauptferienzeit. 2. G\u00fcnstige PreiseZum Saisonstart sind die Preise am g\u00fcnstigsten und liegen [&hellip;]<\/p>\n","protected":false},"author":1,"featured_media":0,"parent":0,"menu_order":0,"comment_status":"closed","ping_status":"closed","template":"","meta":{"_uag_custom_page_level_css":"","site-sidebar-layout":"no-sidebar","site-content-layout":"plain-container","ast-site-content-layout":"normal-width-container","site-content-style":"unboxed","site-sidebar-style":"unboxed","ast-global-header-display":"","ast-banner-title-visibility":"","ast-main-header-display":"","ast-hfb-above-header-display":"","ast-hfb-below-header-display":"","ast-hfb-mobile-header-display":"","site-post-title":"disabled","ast-breadcrumbs-content":"","ast-featured-img":"disabled","footer-sml-layout":"","ast-disable-related-posts":"","theme-transparent-header-meta":"disabled","adv-header-id-meta":"","stick-header-meta":"","header-above-stick-meta":"","header-main-stick-meta":"","header-below-stick-meta":"","astra-migrate-meta-layouts":"set","ast-page-background-enabled":"default","ast-page-background-meta":{"desktop":{"background-color":"","background-image":"","background-repeat":"repeat","background-position":"center center","background-size":"auto","background-attachment":"scroll","background-type":"","background-media":"","overlay-type":"","overlay-color":"","overlay-opacity":"","overlay-gradient":""},"tablet":{"background-color":"","background-image":"","background-repeat":"repeat","background-position":"center center","background-size":"auto","background-attachment":"scroll","background-type":"","background-media":"","overlay-type":"","overlay-color":"","overlay-opacity":"","overlay-gradient":""},"mobile":{"background-color":"","background-image":"","background-repeat":"repeat","background-position":"center center","background-size":"auto","background-attachment":"scroll","background-type":"","background-media":"","overlay-type":"","overlay-color":"","overlay-opacity":"","overlay-gradient":""}},"ast-content-background-meta":{"desktop":{"background-color":"var(--ast-global-color-5)","background-image":"","background-repeat":"repeat","background-position":"center center","background-size":"auto","background-attachment":"scroll","background-type":"","background-media":"","overlay-type":"","overlay-color":"","overlay-opacity":"","overlay-gradient":""},"tablet":{"background-color":"var(--ast-global-color-5)","background-image":"","background-repeat":"repeat","background-position":"center center","background-size":"auto","background-attachment":"scroll","background-type":"","background-media":"","overlay-type":"","overlay-color":"","overlay-opacity":"","overlay-gradient":""},"mobile":{"background-color":"var(--ast-global-color-5)","background-image":"","background-repeat":"repeat","background-position":"center center","background-size":"auto","background-attachment":"scroll","background-type":"","background-media":"","overlay-type":"","overlay-color":"","overlay-opacity":"","overlay-gradient":""}},"footnotes":""},"class_list":["post-2","page","type-page","status-publish","hentry"],"uagb_featured_image_src":{"full":false,"thumbnail":false,"medium":false,"medium_large":false,"large":false,"1536x1536":false,"2048x2048":false},"uagb_author_info":{"display_name":"TVMSE \/\/ RN","author_link":"https:\/\/1000seen.de\/ansommern\/author\/r-neidel\/"},"uagb_comment_info":0,"uagb_excerpt":"5 Gr\u00fcnde f\u00fcr einen Kurzurlaub auf dem Hausboot 1. Kurfristige BuchungenVon M\u00e4rz bis Juni ist es oft m\u00f6glich, kurzfristig ein Hausboot zu mieten &#8211; abgesehen von den Feiertagen und Ferien. Das Wunschboot ist in dieser Zeit auch leichter zu bekommen als in der Hauptferienzeit. 2. G\u00fcnstige PreiseZum Saisonstart sind die Preise am g\u00fcnstigsten und liegen&hellip;","_links":{"self":[{"href":"https:\/\/1000seen.de\/ansommern\/wp-json\/wp\/v2\/pages\/2","targetHints":{"allow":["GET"]}}],"collection":[{"href":"https:\/\/1000seen.de\/ansommern\/wp-json\/wp\/v2\/pages"}],"about":[{"href":"https:\/\/1000seen.de\/ansommern\/wp-json\/wp\/v2\/types\/page"}],"author":[{"embeddable":true,"href":"https:\/\/1000seen.de\/ansommern\/wp-json\/wp\/v2\/users\/1"}],"replies":[{"embeddable":true,"href":"https:\/\/1000seen.de\/ansommern\/wp-json\/wp\/v2\/comments?post=2"}],"version-history":[{"count":3,"href":"https:\/\/1000seen.de\/ansommern\/wp-json\/wp\/v2\/pages\/2\/revisions"}],"predecessor-version":[{"id":2140,"href":"https:\/\/1000seen.de\/ansommern\/wp-json\/wp\/v2\/pages\/2\/revisions\/2140"}],"wp:attachment":[{"href":"https:\/\/1000seen.de\/ansommern\/wp-json\/wp\/v2\/media?parent=2"}],"curies":[{"name":"wp","href":"https:\/\/api.w.org\/{rel}","templated":true}]}}