{"id":1537,"date":"2022-06-01T08:00:05","date_gmt":"2022-06-01T06:00:05","guid":{"rendered":"https:\/\/ansommern.de\/?page_id=1537"},"modified":"2022-09-14T13:53:19","modified_gmt":"2022-09-14T11:53:19","slug":"ausflugstipps-feldberg","status":"publish","type":"page","link":"https:\/\/1000seen.de\/ansommern\/ausflugstipps-feldberg\/","title":{"rendered":"Ausflugstipps Feldberg"},"content":{"rendered":"\n<div class=\"wp-block-cover alignfull cover-first\" style=\"min-height:380px;aspect-ratio:unset;\"><span aria-hidden=\"true\" class=\"wp-block-cover__background has-background-dim-40 has-background-dim wp-block-cover__gradient-background has-background-gradient\" style=\"background:linear-gradient(135deg,rgb(0,154,206) 0%,rgb(0,120,161) 100%)\"><\/span><img loading=\"lazy\" decoding=\"async\" width=\"1920\" height=\"1280\" class=\"wp-block-cover__image-background wp-image-1541\" alt=\"\" src=\"https:\/\/ansommern.de\/wp-content\/uploads\/sites\/4\/2022\/06\/ansommern-feldberg.jpg\" style=\"object-position:54% 48%\" data-object-fit=\"cover\" data-object-position=\"54% 48%\" srcset=\"https:\/\/1000seen.de\/ansommern\/wp-content\/uploads\/sites\/4\/2022\/06\/ansommern-feldberg.jpg 1920w, https:\/\/1000seen.de\/ansommern\/wp-content\/uploads\/sites\/4\/2022\/06\/ansommern-feldberg-300x200.jpg 300w, https:\/\/1000seen.de\/ansommern\/wp-content\/uploads\/sites\/4\/2022\/06\/ansommern-feldberg-1024x683.jpg 1024w, https:\/\/1000seen.de\/ansommern\/wp-content\/uploads\/sites\/4\/2022\/06\/ansommern-feldberg-768x512.jpg 768w, https:\/\/1000seen.de\/ansommern\/wp-content\/uploads\/sites\/4\/2022\/06\/ansommern-feldberg-1536x1024.jpg 1536w\" sizes=\"auto, (max-width: 1920px) 100vw, 1920px\" \/><div class=\"wp-block-cover__inner-container is-layout-flow wp-block-cover-is-layout-flow\">\n<h1 class=\"has-text-align-center has-ast-global-color-5-color has-text-color wp-block-heading\"><strong><em>Feldberger Seenlandschaft<\/em><\/strong><\/h1>\n\n\n\n<h2 class=\"has-text-align-center has-ast-global-color-5-color has-text-color has-medium-font-size wp-block-heading\" style=\"font-style:normal;font-weight:100;text-transform:uppercase\"><strong>Ansommern-Tipps<\/strong><br>Mecklenburgische Seenplatte<\/h2>\n<\/div><\/div>\n\n\n\n<div class=\"inherit-container-width wp-block-group alignfull is-layout-constrained wp-block-group-is-layout-constrained\"><div class=\"wp-block-group__inner-container\">\n<p>Die <strong>Feldberger Seenlandschaft<\/strong> im Sommer ist sch\u00f6n, doch im Herbst, wenn sich der Wald f\u00e4rbt, im Winter, wenn W\u00e4lder und Seen unter Schnee und Eis erstarren, im Fr\u00fchling, wenn die Natur erwacht, kann sie noch tausendmal sch\u00f6ner sein.<\/p>\n\n\n\n<p class=\"has-ast-global-color-5-background-color has-background\"><strong>Anreise mit Bahn und Bus:<\/strong><br>Auf den Strecken der <strong><a href=\"https:\/\/ansommern.de\/wp-content\/uploads\/sites\/4\/2022\/06\/fahrplan-bahn-re5-nord.pdf\" target=\"_blank\" rel=\"noreferrer noopener\">RE5 (Berlin-Rostock und Berlin-Stralsund)<\/a><\/strong> mit Umstieg in Neustrelitz auf den <strong><a href=\"https:\/\/ansommern.de\/wp-content\/uploads\/sites\/4\/2022\/06\/fahrplan-bus-L619.pdf\" target=\"_blank\" rel=\"noreferrer noopener\">Bus der Linie 619<\/a><\/strong>.<br>(Fahrtzeit ab Berlin Hauptbahnhof ca. 2h 15min)<\/p>\n\n\n\n<hr class=\"wp-block-separator has-text-color has-css-opacity has-background aligncenter is-style-default\" style=\"background-color:#007bc2;color:#007bc2\"\/>\n\n\n\n<h3 class=\"wp-block-heading\">In Feldberg erwarten Sie&#8230;<\/h3>\n\n\n\n<ul class=\"wp-block-list\"><li><strong>Kurpark mit Kneippanlage<\/strong>, Gr\u00e4serlabyrinth, Barfu\u00dfpfad und Hortensienparadies,&nbsp;Natur-Fitness-Park\u00ae&nbsp;mit 5 klassifizierten Nordic Walking Routen und Fitness-Parcours, Medical-Wellness-Zentrum<\/li><li><strong>Hans-Fallada-Museum<\/strong> in Carwitz und seine letzte Ruhest\u00e4tte<\/li><li><strong>Heilige Hallen<\/strong> (\u00e4ltester Buchenwald Deutschlands) und das Waldmuseum \u00bbL\u00fctt Holthus\u00ab<\/li><li>handbetriebene <strong>Seilf\u00e4hre<\/strong> \u00fcber den Schmalen Luzin<\/li><li><strong>Kirchen<\/strong> in Dolgen, Mechow, F\u00fcrstenhagen, Feldberg, Wittenhagen, Carwitz<\/li><li>Baden, Tauchen, Angeln, Schifffahrten, Bootsverleihe, Flo\u00df- und Segwaytouren<\/li><li><strong>Wasserskischauveranstaltungen<\/strong> (Mai bis September)<\/li><li><strong>Eiszeitlehrpfad<\/strong> und -werkstatt in Wittenhagen<\/li><li><strong>Lenn\u00e9park<\/strong> in Krumbeck<\/li><li><strong>Kultst\u00e4tten<\/strong> aus Bronze- und Slawenzeit<\/li><li><strong>Galerien<\/strong>, Ausstellungen, Bibliothek<\/li><li><strong>Rad- und Wander- und Paddeltouren<\/strong> im Naturpark Feldberger Seenlandschaft<\/li><\/ul>\n\n\n\n<hr class=\"wp-block-separator has-text-color has-css-opacity has-background aligncenter is-style-default\" style=\"background-color:#007bc2;color:#007bc2\"\/>\n\n\n\n<h2 class=\"has-text-align-center wp-block-heading\">Ausflugsziele in Feldberg<\/h2>\n\n\n\n<div class=\"wp-block-columns is-layout-flex wp-container-core-columns-is-layout-c6bc58be wp-block-columns-is-layout-flex\" style=\"padding-top:0px;padding-right:0px;padding-bottom:0px;padding-left:0px\">\n<div class=\"wp-block-column is-layout-flow wp-block-column-is-layout-flow\">\n<figure class=\"wp-block-gallery has-nested-images columns-default is-cropped wp-block-gallery-2 is-layout-flex wp-block-gallery-is-layout-flex\">\n<figure class=\"wp-block-image size-full\"><a href=\"https:\/\/www.mecklenburgische-seenplatte.de\/reiseziele\/kurpark-mit-kneippanlage\" target=\"_blank\" rel=\"noreferrer noopener\"><img loading=\"lazy\" decoding=\"async\" width=\"1024\" height=\"682\" data-id=\"1549\" src=\"https:\/\/ansommern.de\/wp-content\/uploads\/sites\/4\/2022\/06\/feldberg-ausflugstipp-kurpark.jpg\" alt=\"\" class=\"wp-image-1549\" srcset=\"https:\/\/1000seen.de\/ansommern\/wp-content\/uploads\/sites\/4\/2022\/06\/feldberg-ausflugstipp-kurpark.jpg 1024w, https:\/\/1000seen.de\/ansommern\/wp-content\/uploads\/sites\/4\/2022\/06\/feldberg-ausflugstipp-kurpark-300x200.jpg 300w, https:\/\/1000seen.de\/ansommern\/wp-content\/uploads\/sites\/4\/2022\/06\/feldberg-ausflugstipp-kurpark-768x512.jpg 768w\" sizes=\"auto, (max-width: 1024px) 100vw, 1024px\" \/><\/a><\/figure>\n<\/figure>\n\n\n\n<h3 class=\"wp-block-heading\"><a href=\"https:\/\/www.mecklenburgische-seenplatte.de\/reiseziele\/kurpark-mit-kneippanlage\" target=\"_blank\" rel=\"noreferrer noopener\">Kurpark mit Kneippanlage<\/a><\/h3>\n\n\n\n<p>Zentral im Ort Feldberg gelegen, entstand auf dem Areal des alten Stadtparks in den letzten Jahren ein neuer Kurpark: Ein Park, den man mit allen Sinnen entdecken kann.<\/p>\n<\/div>\n\n\n\n<div class=\"wp-block-column is-layout-flow wp-block-column-is-layout-flow\">\n<figure class=\"wp-block-gallery has-nested-images columns-default is-cropped wp-block-gallery-3 is-layout-flex wp-block-gallery-is-layout-flex\">\n<figure class=\"wp-block-image size-full\"><a href=\"https:\/\/www.mecklenburgische-seenplatte.de\/reiseziele\/hans-fallada-museum-carwitz\" target=\"_blank\" rel=\"noreferrer noopener\"><img loading=\"lazy\" decoding=\"async\" width=\"1024\" height=\"682\" data-id=\"1550\" src=\"https:\/\/ansommern.de\/wp-content\/uploads\/sites\/4\/2022\/06\/feldberg-ausflugstipp-fallada.jpg\" alt=\"\" class=\"wp-image-1550\" srcset=\"https:\/\/1000seen.de\/ansommern\/wp-content\/uploads\/sites\/4\/2022\/06\/feldberg-ausflugstipp-fallada.jpg 1024w, https:\/\/1000seen.de\/ansommern\/wp-content\/uploads\/sites\/4\/2022\/06\/feldberg-ausflugstipp-fallada-300x200.jpg 300w, https:\/\/1000seen.de\/ansommern\/wp-content\/uploads\/sites\/4\/2022\/06\/feldberg-ausflugstipp-fallada-768x512.jpg 768w\" sizes=\"auto, (max-width: 1024px) 100vw, 1024px\" \/><\/a><\/figure>\n<\/figure>\n\n\n\n<h3 class=\"wp-block-heading\"><strong><a href=\"https:\/\/www.mecklenburgische-seenplatte.de\/reiseziele\/hans-fallada-museum-carwitz\" target=\"_blank\" rel=\"noreferrer noopener\">Hans-Fallada-Museum Carwitz<\/a><\/strong><\/h3>\n\n\n\n<p>Das Hans-Fallada-Museum bietet in seinen neun Ausstellungsr\u00e4umen und im gro\u00dfen Garten Einblicke in die Lebenswirklichkeit des Erz\u00e4hlers, der von 1933 bis 1944 das Haus bewohnte.<\/p>\n<\/div>\n\n\n\n<div class=\"wp-block-column is-layout-flow wp-block-column-is-layout-flow\">\n<figure class=\"wp-block-gallery has-nested-images columns-default is-cropped wp-block-gallery-4 is-layout-flex wp-block-gallery-is-layout-flex\">\n<figure class=\"wp-block-image size-full\"><a href=\"https:\/\/www.mecklenburgische-seenplatte.de\/reiseziele\/waldmuseum-luett-holthus\" target=\"_blank\" rel=\"noreferrer noopener\"><img loading=\"lazy\" decoding=\"async\" width=\"1024\" height=\"683\" data-id=\"1552\" src=\"https:\/\/ansommern.de\/wp-content\/uploads\/sites\/4\/2022\/06\/feldberg-ausflugstipp-holthus.jpg\" alt=\"\" class=\"wp-image-1552\" srcset=\"https:\/\/1000seen.de\/ansommern\/wp-content\/uploads\/sites\/4\/2022\/06\/feldberg-ausflugstipp-holthus.jpg 1024w, https:\/\/1000seen.de\/ansommern\/wp-content\/uploads\/sites\/4\/2022\/06\/feldberg-ausflugstipp-holthus-300x200.jpg 300w, https:\/\/1000seen.de\/ansommern\/wp-content\/uploads\/sites\/4\/2022\/06\/feldberg-ausflugstipp-holthus-768x512.jpg 768w\" sizes=\"auto, (max-width: 1024px) 100vw, 1024px\" \/><\/a><\/figure>\n<\/figure>\n\n\n\n<h3 class=\"wp-block-heading\"><strong><a href=\"https:\/\/www.mecklenburgische-seenplatte.de\/reiseziele\/waldmuseum-luett-holthus\" target=\"_blank\" rel=\"noreferrer noopener\">Waldmuseum L\u00fctt Holthus<\/a><\/strong><\/h3>\n\n\n\n<p>Das Waldmuseum L\u00fctt Holhus ist ein kleines Walderlebniszentrum zum Anfassen und vermittelt Interessantes und Wissenswertes zu heimischen W\u00e4ldern mit ihrer Flora und Fauna.<\/p>\n<\/div>\n<\/div>\n\n\n\n<div class=\"wp-block-columns is-layout-flex wp-container-core-columns-is-layout-c6bc58be wp-block-columns-is-layout-flex\" style=\"padding-top:0px;padding-right:0px;padding-bottom:0px;padding-left:0px\">\n<div class=\"wp-block-column is-layout-flow wp-block-column-is-layout-flow\">\n<figure class=\"wp-block-gallery has-nested-images columns-default is-cropped wp-block-gallery-5 is-layout-flex wp-block-gallery-is-layout-flex\">\n<figure class=\"wp-block-image size-full\"><a href=\"https:\/\/www.mecklenburgische-seenplatte.de\/reiseziele\/reiherberg\" target=\"_blank\" rel=\"noreferrer noopener\"><img loading=\"lazy\" decoding=\"async\" width=\"829\" height=\"553\" data-id=\"1553\" src=\"https:\/\/ansommern.de\/wp-content\/uploads\/sites\/4\/2022\/06\/feldberg-ausflugstipp-reiherberg.jpg\" alt=\"\" class=\"wp-image-1553\" srcset=\"https:\/\/1000seen.de\/ansommern\/wp-content\/uploads\/sites\/4\/2022\/06\/feldberg-ausflugstipp-reiherberg.jpg 829w, https:\/\/1000seen.de\/ansommern\/wp-content\/uploads\/sites\/4\/2022\/06\/feldberg-ausflugstipp-reiherberg-300x200.jpg 300w, https:\/\/1000seen.de\/ansommern\/wp-content\/uploads\/sites\/4\/2022\/06\/feldberg-ausflugstipp-reiherberg-768x512.jpg 768w\" sizes=\"auto, (max-width: 829px) 100vw, 829px\" \/><\/a><\/figure>\n<\/figure>\n\n\n\n<h3 class=\"wp-block-heading\"><a href=\"https:\/\/www.mecklenburgische-seenplatte.de\/reiseziele\/reiherberg\" target=\"_blank\" rel=\"noreferrer noopener\">Aussichtspunkt Reiherberg<\/a><\/h3>\n\n\n\n<p>Der Reiherberg ist mit 143 m eine der h\u00f6chsten Erhebungen in der Feldberger Seenlandschaft und bietet einen wirklich fantastischen Blick \u00fcber den Haussee mit den zwei malerischen Inseln auf die Silhouette Feldbergs.<\/p>\n<\/div>\n\n\n\n<div class=\"wp-block-column is-layout-flow wp-block-column-is-layout-flow\">\n<figure class=\"wp-block-gallery has-nested-images columns-default is-cropped wp-block-gallery-6 is-layout-flex wp-block-gallery-is-layout-flex\">\n<figure class=\"wp-block-image size-full\"><a href=\"https:\/\/www.mecklenburgische-seenplatte.de\/reiseziele\/feldberger-fahrgastschifffahrt\" target=\"_blank\" rel=\"noreferrer noopener\"><img loading=\"lazy\" decoding=\"async\" width=\"1024\" height=\"683\" data-id=\"1554\" src=\"https:\/\/ansommern.de\/wp-content\/uploads\/sites\/4\/2022\/06\/feldberg-ausflugstipp-fahrgastschifffahrt.jpg\" alt=\"\" class=\"wp-image-1554\" srcset=\"https:\/\/1000seen.de\/ansommern\/wp-content\/uploads\/sites\/4\/2022\/06\/feldberg-ausflugstipp-fahrgastschifffahrt.jpg 1024w, https:\/\/1000seen.de\/ansommern\/wp-content\/uploads\/sites\/4\/2022\/06\/feldberg-ausflugstipp-fahrgastschifffahrt-300x200.jpg 300w, https:\/\/1000seen.de\/ansommern\/wp-content\/uploads\/sites\/4\/2022\/06\/feldberg-ausflugstipp-fahrgastschifffahrt-768x512.jpg 768w\" sizes=\"auto, (max-width: 1024px) 100vw, 1024px\" \/><\/a><\/figure>\n<\/figure>\n\n\n\n<h3 class=\"wp-block-heading\"><strong><a href=\"https:\/\/www.mecklenburgische-seenplatte.de\/reiseziele\/feldberger-fahrgastschifffahrt\" target=\"_blank\" rel=\"noreferrer noopener\">Feldberger Fahrgastschifffahrt<\/a><\/strong><\/h3>\n\n\n\n<p>Bei der Feldberger Fahrgastschifffahrt sowie beim Boots- und Fahrradverleih k\u00f6nnen Sie ob zu Lande oder zu Wasser auf unseren gef\u00fchrten Schiffstouren oder auf eigene Faust die einmalige Landschaft entdecken.<\/p>\n<\/div>\n\n\n\n<div class=\"wp-block-column is-layout-flow wp-block-column-is-layout-flow\"><\/div>\n<\/div>\n\n\n\n<hr class=\"wp-block-separator has-text-color has-css-opacity has-background aligncenter is-style-default\" style=\"background-color:#007bc2;color:#007bc2\"\/>\n\n\n\n<h2 class=\"has-text-align-center wp-block-heading\">Tourist-Information in Feldberg<\/h2>\n\n\n\n<div class=\"wp-block-media-text alignwide is-stacked-on-mobile\"><figure class=\"wp-block-media-text__media\"><a href=\"http:\/\/www.feldberger-seenlandschaft.de\/\" target=\"_blank\" rel=\"noreferrer noopener\"><img loading=\"lazy\" decoding=\"async\" width=\"1024\" height=\"683\" src=\"https:\/\/ansommern.de\/wp-content\/uploads\/sites\/4\/2022\/06\/feldberg-touristinfo-1024x683.jpg\" alt=\"\" class=\"wp-image-1546 size-full\" srcset=\"https:\/\/1000seen.de\/ansommern\/wp-content\/uploads\/sites\/4\/2022\/06\/feldberg-touristinfo-1024x683.jpg 1024w, https:\/\/1000seen.de\/ansommern\/wp-content\/uploads\/sites\/4\/2022\/06\/feldberg-touristinfo-300x200.jpg 300w, https:\/\/1000seen.de\/ansommern\/wp-content\/uploads\/sites\/4\/2022\/06\/feldberg-touristinfo-768x512.jpg 768w, https:\/\/1000seen.de\/ansommern\/wp-content\/uploads\/sites\/4\/2022\/06\/feldberg-touristinfo.jpg 1221w\" sizes=\"auto, (max-width: 1024px) 100vw, 1024px\" \/><\/a><\/figure><div class=\"wp-block-media-text__content\">\n<div style=\"height:15px\" aria-hidden=\"true\" class=\"wp-block-spacer uag-hide-desktop uag-hide-tab uag-hide-desktop uag-hide-tab\"><\/div>\n\n\n\n<p><strong>Touristinformation im Haus des Gastes<\/strong><\/p>\n\n\n\n<p>Strelitzer Stra\u00dfe 42<br>17258 Feldberger Seenlandschaft<\/p>\n\n\n\n<p>Telefon 039831 &#8211; 2700<br><a href=\"mailto:willkommen@feldberg.de\">willkommen@feldberg.de<\/a><\/p>\n\n\n\n<div class=\"wp-block-buttons is-layout-flex wp-block-buttons-is-layout-flex\">\n<div class=\"wp-block-button\"><a class=\"wp-block-button__link\" href=\"http:\/\/www.feldberger-seenlandschaft.de\/\" target=\"_blank\" rel=\"noreferrer noopener\">Feldberger Seenlandschaft erleben<\/a><\/div>\n<\/div>\n<\/div><\/div>\n<\/div><\/div>\n\n\n\n<div class=\"inherit-container-width wp-block-group alignfull is-layout-constrained wp-block-group-is-layout-constrained\"><div class=\"wp-block-group__inner-container\">\n<div class=\"wp-block-buttons is-layout-flex wp-block-buttons-is-layout-flex\">\n<div class=\"wp-block-button aligncenter\"><a class=\"wp-block-button__link\" href=\"https:\/\/ansommern.de\/ausflugstipps\/\">Zur \u00dcbersicht &#8222;Ausflugstipps&#8220;<\/a><\/div>\n<\/div>\n<\/div><\/div>\n","protected":false},"excerpt":{"rendered":"<p>Die Feldberger Seenlandschaft im Sommer ist sch\u00f6n, doch im Herbst, wenn sich der Wald f\u00e4rbt, im Winter, wenn W\u00e4lder und Seen unter Schnee und Eis erstarren, im Fr\u00fchling, wenn die Natur erwacht, kann sie noch tausendmal sch\u00f6ner sein. Anreise mit Bahn und Bus:Auf den Strecken der RE5 (Berlin-Rostock und Berlin-Stralsund) mit Umstieg in Neustrelitz auf [&hellip;]<\/p>\n","protected":false},"author":1,"featured_media":0,"parent":0,"menu_order":0,"comment_status":"closed","ping_status":"closed","template":"","meta":{"_uag_custom_page_level_css":"","site-sidebar-layout":"no-sidebar","site-content-layout":"plain-container","ast-site-content-layout":"default","site-content-style":"default","site-sidebar-style":"default","ast-global-header-display":"","ast-banner-title-visibility":"","ast-main-header-display":"","ast-hfb-above-header-display":"","ast-hfb-below-header-display":"","ast-hfb-mobile-header-display":"","site-post-title":"disabled","ast-breadcrumbs-content":"","ast-featured-img":"disabled","footer-sml-layout":"","ast-disable-related-posts":"","theme-transparent-header-meta":"disabled","adv-header-id-meta":"","stick-header-meta":"","header-above-stick-meta":"","header-main-stick-meta":"","header-below-stick-meta":"","astra-migrate-meta-layouts":"default","ast-page-background-enabled":"default","ast-page-background-meta":{"desktop":{"background-color":"","background-image":"","background-repeat":"repeat","background-position":"center center","background-size":"auto","background-attachment":"scroll","background-type":"","background-media":"","overlay-type":"","overlay-color":"","overlay-opacity":"","overlay-gradient":""},"tablet":{"background-color":"","background-image":"","background-repeat":"repeat","background-position":"center center","background-size":"auto","background-attachment":"scroll","background-type":"","background-media":"","overlay-type":"","overlay-color":"","overlay-opacity":"","overlay-gradient":""},"mobile":{"background-color":"","background-image":"","background-repeat":"repeat","background-position":"center center","background-size":"auto","background-attachment":"scroll","background-type":"","background-media":"","overlay-type":"","overlay-color":"","overlay-opacity":"","overlay-gradient":""}},"ast-content-background-meta":{"desktop":{"background-color":"var(--ast-global-color-5)","background-image":"","background-repeat":"repeat","background-position":"center center","background-size":"auto","background-attachment":"scroll","background-type":"","background-media":"","overlay-type":"","overlay-color":"","overlay-opacity":"","overlay-gradient":""},"tablet":{"background-color":"var(--ast-global-color-5)","background-image":"","background-repeat":"repeat","background-position":"center center","background-size":"auto","background-attachment":"scroll","background-type":"","background-media":"","overlay-type":"","overlay-color":"","overlay-opacity":"","overlay-gradient":""},"mobile":{"background-color":"var(--ast-global-color-5)","background-image":"","background-repeat":"repeat","background-position":"center center","background-size":"auto","background-attachment":"scroll","background-type":"","background-media":"","overlay-type":"","overlay-color":"","overlay-opacity":"","overlay-gradient":""}},"footnotes":""},"class_list":["post-1537","page","type-page","status-publish","hentry"],"uagb_featured_image_src":{"full":false,"thumbnail":false,"medium":false,"medium_large":false,"large":false,"1536x1536":false,"2048x2048":false},"uagb_author_info":{"display_name":"TVMSE \/\/ RN","author_link":"https:\/\/1000seen.de\/ansommern\/author\/r-neidel\/"},"uagb_comment_info":0,"uagb_excerpt":"Die Feldberger Seenlandschaft im Sommer ist sch\u00f6n, doch im Herbst, wenn sich der Wald f\u00e4rbt, im Winter, wenn W\u00e4lder und Seen unter Schnee und Eis erstarren, im Fr\u00fchling, wenn die Natur erwacht, kann sie noch tausendmal sch\u00f6ner sein. Anreise mit Bahn und Bus:Auf den Strecken der RE5 (Berlin-Rostock und Berlin-Stralsund) mit Umstieg in Neustrelitz auf&hellip;","_links":{"self":[{"href":"https:\/\/1000seen.de\/ansommern\/wp-json\/wp\/v2\/pages\/1537","targetHints":{"allow":["GET"]}}],"collection":[{"href":"https:\/\/1000seen.de\/ansommern\/wp-json\/wp\/v2\/pages"}],"about":[{"href":"https:\/\/1000seen.de\/ansommern\/wp-json\/wp\/v2\/types\/page"}],"author":[{"embeddable":true,"href":"https:\/\/1000seen.de\/ansommern\/wp-json\/wp\/v2\/users\/1"}],"replies":[{"embeddable":true,"href":"https:\/\/1000seen.de\/ansommern\/wp-json\/wp\/v2\/comments?post=1537"}],"version-history":[{"count":0,"href":"https:\/\/1000seen.de\/ansommern\/wp-json\/wp\/v2\/pages\/1537\/revisions"}],"wp:attachment":[{"href":"https:\/\/1000seen.de\/ansommern\/wp-json\/wp\/v2\/media?parent=1537"}],"curies":[{"name":"wp","href":"https:\/\/api.w.org\/{rel}","templated":true}]}}