{"id":1517,"date":"2022-06-01T08:00:34","date_gmt":"2022-06-01T06:00:34","guid":{"rendered":"https:\/\/ansommern.de\/?page_id=1517"},"modified":"2022-09-14T13:51:28","modified_gmt":"2022-09-14T11:51:28","slug":"ausflugstipps-waren-mueritz","status":"publish","type":"page","link":"https:\/\/1000seen.de\/ansommern\/ausflugstipps-waren-mueritz\/","title":{"rendered":"Ausflugstipps Waren (M\u00fcritz)"},"content":{"rendered":"\n<div class=\"wp-block-cover alignfull is-light cover-first\" style=\"min-height:380px;aspect-ratio:unset;\"><span aria-hidden=\"true\" class=\"wp-block-cover__background has-background-dim-40 has-background-dim wp-block-cover__gradient-background has-background-gradient\" style=\"background:linear-gradient(135deg,rgb(0,154,206) 0%,rgb(0,120,161) 100%)\"><\/span><img loading=\"lazy\" decoding=\"async\" width=\"1920\" height=\"1281\" class=\"wp-block-cover__image-background wp-image-1533\" alt=\"\" src=\"https:\/\/ansommern.de\/wp-content\/uploads\/sites\/4\/2022\/06\/ansommern-waren-mueritz.jpg\" style=\"object-position:47% 42%\" data-object-fit=\"cover\" data-object-position=\"47% 42%\" srcset=\"https:\/\/1000seen.de\/ansommern\/wp-content\/uploads\/sites\/4\/2022\/06\/ansommern-waren-mueritz.jpg 1920w, https:\/\/1000seen.de\/ansommern\/wp-content\/uploads\/sites\/4\/2022\/06\/ansommern-waren-mueritz-300x200.jpg 300w, https:\/\/1000seen.de\/ansommern\/wp-content\/uploads\/sites\/4\/2022\/06\/ansommern-waren-mueritz-1024x683.jpg 1024w, https:\/\/1000seen.de\/ansommern\/wp-content\/uploads\/sites\/4\/2022\/06\/ansommern-waren-mueritz-768x512.jpg 768w, https:\/\/1000seen.de\/ansommern\/wp-content\/uploads\/sites\/4\/2022\/06\/ansommern-waren-mueritz-1536x1025.jpg 1536w\" sizes=\"auto, (max-width: 1920px) 100vw, 1920px\" \/><div class=\"wp-block-cover__inner-container is-layout-flow wp-block-cover-is-layout-flow\">\n<h1 class=\"has-text-align-center has-ast-global-color-5-color has-text-color wp-block-heading\"><strong><em>Waren (M\u00fcritz)<\/em><\/strong><\/h1>\n\n\n\n<h2 class=\"has-text-align-center has-ast-global-color-5-color has-text-color has-medium-font-size wp-block-heading\" style=\"font-style:normal;font-weight:100;text-transform:uppercase\"><strong>Ansommern-Tipps<\/strong><br>Mecklenburgische Seenplatte<\/h2>\n<\/div><\/div>\n\n\n\n<div class=\"inherit-container-width wp-block-group alignfull is-layout-constrained wp-block-group-is-layout-constrained\"><div class=\"wp-block-group__inner-container\">\n<p>Nach nur ca. 1,5 Stunden mit der Bahn (ab Berlin) erreichen Sie <strong>Waren (M\u00fcritz), das Heilbad mit dem maritimen Flair<\/strong>. Das malerische St\u00e4dtchen mit den liebevoll sanierten <strong>Fachwerkh\u00e4usern<\/strong> liegt direkt am Ufer der M\u00fcritz und ist das Herz der Mecklenburgischen Seenplatte. Von hier aus l\u00e4sst sich das \u201eLand der tausend Seen\u201c am besten erkunden. Ein besonderes Erlebnis ist eine <strong>Schifffahrt<\/strong> \u00fcber die miteinander verbundenen Seen. Am Stadthafen und entlang der Uferpromenade herrscht emsiges Treiben, in unz\u00e4hligen Kneipen und Restaurants verweilen G\u00e4ste und Einheimische. Der <strong>M\u00fcritz-Nationalpark<\/strong> liegt direkt vor der Haust\u00fcr.<\/p>\n\n\n\n<p class=\"has-ast-global-color-5-background-color has-background\"><strong>Anreise mit der Bahn:<\/strong> <br>Auf der Strecke der <strong><a href=\"https:\/\/ansommern.de\/wp-content\/uploads\/sites\/4\/2022\/06\/fahrplan-bahn-re5-nord.pdf\" target=\"_blank\" rel=\"noreferrer noopener\">RE5 Berlin-Rostock<\/a><\/strong>. (Fahrtzeit ab Berlin Hauptbahnhof ca. 100 Minuten)<\/p>\n\n\n\n<hr class=\"wp-block-separator has-text-color has-css-opacity has-background aligncenter is-style-default\" style=\"background-color:#007bc2;color:#007bc2\"\/>\n\n\n\n<h3 class=\"wp-block-heading\">In Waren (M\u00fcritz) erwarten Sie&#8230;<\/h3>\n\n\n\n<ul class=\"wp-block-list\"><li><strong>M\u00fcritzeum <\/strong>\u2013 Haus der 1000 Seen<\/li><li><strong>Kirchen: <\/strong>St. Marienkirche (13. Jh.), St. Georgenkirche (13. Jh.)<\/li><li><strong>Geschichte:<\/strong> Stadtgeschichtliches Museum<\/li><li><strong>Natur:<\/strong> M\u00fcritz-Nationalpark mit einer Fl\u00e4che von 322 km\u00b2 &#8211; gesch\u00fctzte&nbsp; Arten wie Kraniche, See- und Fischadler<\/li><li><strong>Touren:<\/strong> Gef\u00fchrte Rad- und Wandertouren, Stadtf\u00fchrungen<\/li><li><strong>Freilufttheater<\/strong>: \u201eM\u00fcritz-Saga\u201c auf der Freilichtb\u00fchne<\/li><\/ul>\n\n\n\n<hr class=\"wp-block-separator has-text-color has-css-opacity has-background aligncenter is-style-default\" style=\"background-color:#007bc2;color:#007bc2\"\/>\n\n\n\n<h2 class=\"has-text-align-center wp-block-heading\">Ausflugsziele in Waren (M\u00fcritz)<\/h2>\n\n\n\n<div class=\"wp-block-columns is-layout-flex wp-container-core-columns-is-layout-c6bc58be wp-block-columns-is-layout-flex\" style=\"padding-top:0px;padding-right:0px;padding-bottom:0px;padding-left:0px\">\n<div class=\"wp-block-column is-layout-flow wp-block-column-is-layout-flow\">\n<figure class=\"wp-block-gallery has-nested-images columns-default is-cropped wp-block-gallery-2 is-layout-flex wp-block-gallery-is-layout-flex\">\n<figure class=\"wp-block-image size-full\"><a href=\"https:\/\/www.mecklenburgische-seenplatte.de\/reiseziele\/mueritzeum\" target=\"_blank\" rel=\"noreferrer noopener\"><img loading=\"lazy\" decoding=\"async\" width=\"830\" height=\"553\" data-id=\"1524\" src=\"https:\/\/ansommern.de\/wp-content\/uploads\/sites\/4\/2022\/06\/waren-mueritz-ausflugstipp-mueritzeum.jpg\" alt=\"\" class=\"wp-image-1524\" srcset=\"https:\/\/1000seen.de\/ansommern\/wp-content\/uploads\/sites\/4\/2022\/06\/waren-mueritz-ausflugstipp-mueritzeum.jpg 830w, https:\/\/1000seen.de\/ansommern\/wp-content\/uploads\/sites\/4\/2022\/06\/waren-mueritz-ausflugstipp-mueritzeum-300x200.jpg 300w, https:\/\/1000seen.de\/ansommern\/wp-content\/uploads\/sites\/4\/2022\/06\/waren-mueritz-ausflugstipp-mueritzeum-768x512.jpg 768w\" sizes=\"auto, (max-width: 830px) 100vw, 830px\" \/><\/a><\/figure>\n<\/figure>\n\n\n\n<h3 class=\"wp-block-heading\"><a href=\"https:\/\/www.mecklenburgische-seenplatte.de\/reiseziele\/mueritzeum\" target=\"_blank\" rel=\"noreferrer noopener\">M\u00dcRITZEUM &#8211; Das NaturErlebnisZentrum<\/a><\/h3>\n\n\n\n<p>Das M\u00fcritzeum zeigt in einer interaktiven Ausstellung die Sch\u00f6nheiten und Besonderheiten der Mecklenburgischen Seenplatte und des M\u00fcritz-Nationalparks.&nbsp;<\/p>\n<\/div>\n\n\n\n<div class=\"wp-block-column is-layout-flow wp-block-column-is-layout-flow\">\n<figure class=\"wp-block-gallery has-nested-images columns-default is-cropped wp-block-gallery-3 is-layout-flex wp-block-gallery-is-layout-flex\">\n<figure class=\"wp-block-image size-full\"><a href=\"https:\/\/www.mecklenburgische-seenplatte.de\/reiseziele\/stadthafen-waren-mueritz\" target=\"_blank\" rel=\"noreferrer noopener\"><img loading=\"lazy\" decoding=\"async\" width=\"987\" height=\"658\" data-id=\"1527\" src=\"https:\/\/ansommern.de\/wp-content\/uploads\/sites\/4\/2022\/06\/waren-mueritz-ausflugstipp-stadthafen.jpg\" alt=\"\" class=\"wp-image-1527\" srcset=\"https:\/\/1000seen.de\/ansommern\/wp-content\/uploads\/sites\/4\/2022\/06\/waren-mueritz-ausflugstipp-stadthafen.jpg 987w, https:\/\/1000seen.de\/ansommern\/wp-content\/uploads\/sites\/4\/2022\/06\/waren-mueritz-ausflugstipp-stadthafen-300x200.jpg 300w, https:\/\/1000seen.de\/ansommern\/wp-content\/uploads\/sites\/4\/2022\/06\/waren-mueritz-ausflugstipp-stadthafen-768x512.jpg 768w\" sizes=\"auto, (max-width: 987px) 100vw, 987px\" \/><\/a><\/figure>\n<\/figure>\n\n\n\n<h3 class=\"wp-block-heading\"><strong><a href=\"https:\/\/www.mecklenburgische-seenplatte.de\/reiseziele\/stadthafen-waren-mueritz\" target=\"_blank\" rel=\"noreferrer noopener\">Stadthafen Waren (M\u00fcritz)<\/a><\/strong><\/h3>\n\n\n\n<p>Im Stadthafen pulsiert das Leben. Die Warener und ihre G\u00e4ste genie\u00dfen in den zahlreichen Gastst\u00e4tten und Restaurants den Blick auf das Wasser und die Boote.&nbsp;<\/p>\n<\/div>\n\n\n\n<div class=\"wp-block-column is-layout-flow wp-block-column-is-layout-flow\">\n<figure class=\"wp-block-gallery has-nested-images columns-default is-cropped wp-block-gallery-4 is-layout-flex wp-block-gallery-is-layout-flex\">\n<figure class=\"wp-block-image size-full\"><a href=\"https:\/\/www.mecklenburgische-seenplatte.de\/reiseziele\/weisse-flotte-mueritz\" target=\"_blank\" rel=\"noreferrer noopener\"><img loading=\"lazy\" decoding=\"async\" width=\"1170\" height=\"780\" data-id=\"1528\" src=\"https:\/\/ansommern.de\/wp-content\/uploads\/sites\/4\/2022\/06\/waren-mueritz-ausflugstipp-schifffahrt.jpg\" alt=\"\" class=\"wp-image-1528\" srcset=\"https:\/\/1000seen.de\/ansommern\/wp-content\/uploads\/sites\/4\/2022\/06\/waren-mueritz-ausflugstipp-schifffahrt.jpg 1170w, https:\/\/1000seen.de\/ansommern\/wp-content\/uploads\/sites\/4\/2022\/06\/waren-mueritz-ausflugstipp-schifffahrt-300x200.jpg 300w, https:\/\/1000seen.de\/ansommern\/wp-content\/uploads\/sites\/4\/2022\/06\/waren-mueritz-ausflugstipp-schifffahrt-1024x683.jpg 1024w, https:\/\/1000seen.de\/ansommern\/wp-content\/uploads\/sites\/4\/2022\/06\/waren-mueritz-ausflugstipp-schifffahrt-768x512.jpg 768w\" sizes=\"auto, (max-width: 1170px) 100vw, 1170px\" \/><\/a><\/figure>\n<\/figure>\n\n\n\n<h3 class=\"wp-block-heading\"><a href=\"https:\/\/www.mecklenburgische-seenplatte.de\/reiseziele\/weisse-flotte-mueritz\" target=\"_blank\" rel=\"noreferrer noopener\"><strong>Schifffahrten<\/strong> auf der M\u00fcritz<\/a><\/h3>\n\n\n\n<p>Die Weisse Flotte M\u00fcritz bietet Schifffahrten f\u00fcr Gro\u00df und Klein &#8211; f\u00fcr Jung und Junggebliebene auf der Mecklenburgischen Seenplatte an.<\/p>\n<\/div>\n<\/div>\n\n\n\n<div class=\"wp-block-columns is-layout-flex wp-container-core-columns-is-layout-c6bc58be wp-block-columns-is-layout-flex\" style=\"padding-top:0px;padding-right:0px;padding-bottom:0px;padding-left:0px\">\n<div class=\"wp-block-column is-layout-flow wp-block-column-is-layout-flow\">\n<figure class=\"wp-block-gallery has-nested-images columns-default is-cropped wp-block-gallery-5 is-layout-flex wp-block-gallery-is-layout-flex\">\n<figure class=\"wp-block-image size-full\"><a href=\"https:\/\/www.mecklenburgische-seenplatte.de\/reiseziele\/schaugarten-am-tiefwarensee\" target=\"_blank\" rel=\"noreferrer noopener\"><img loading=\"lazy\" decoding=\"async\" width=\"539\" height=\"359\" data-id=\"1604\" src=\"https:\/\/ansommern.de\/wp-content\/uploads\/sites\/4\/2022\/06\/waren-mueritz-ausflugstipp-schaugarten.jpg\" alt=\"\" class=\"wp-image-1604\" srcset=\"https:\/\/1000seen.de\/ansommern\/wp-content\/uploads\/sites\/4\/2022\/06\/waren-mueritz-ausflugstipp-schaugarten.jpg 539w, https:\/\/1000seen.de\/ansommern\/wp-content\/uploads\/sites\/4\/2022\/06\/waren-mueritz-ausflugstipp-schaugarten-300x200.jpg 300w\" sizes=\"auto, (max-width: 539px) 100vw, 539px\" \/><\/a><\/figure>\n<\/figure>\n\n\n\n<h3 class=\"wp-block-heading\"><a href=\"https:\/\/www.mecklenburgische-seenplatte.de\/reiseziele\/schaugarten-am-tiefwarensee\" target=\"_blank\" rel=\"noreferrer noopener\">Schaugarten am Tiefwarensee<\/a><\/h3>\n\n\n\n<p>Der kleine botanische Garten befindet sich auf einer Landzunge am Tiefwarensee.<\/p>\n<\/div>\n\n\n\n<div class=\"wp-block-column is-layout-flow wp-block-column-is-layout-flow\">\n<figure class=\"wp-block-gallery has-nested-images columns-default is-cropped wp-block-gallery-6 is-layout-flex wp-block-gallery-is-layout-flex\">\n<figure class=\"wp-block-image size-full\"><a href=\"https:\/\/www.mecklenburgische-seenplatte.de\/reiseziele\/buergersaal-waren\" target=\"_blank\" rel=\"noreferrer noopener\"><img loading=\"lazy\" decoding=\"async\" width=\"1024\" height=\"683\" data-id=\"1605\" src=\"https:\/\/ansommern.de\/wp-content\/uploads\/sites\/4\/2022\/06\/waren-mueritz-ausflugstipp-buergersaal.jpg\" alt=\"\" class=\"wp-image-1605\" srcset=\"https:\/\/1000seen.de\/ansommern\/wp-content\/uploads\/sites\/4\/2022\/06\/waren-mueritz-ausflugstipp-buergersaal.jpg 1024w, https:\/\/1000seen.de\/ansommern\/wp-content\/uploads\/sites\/4\/2022\/06\/waren-mueritz-ausflugstipp-buergersaal-300x200.jpg 300w, https:\/\/1000seen.de\/ansommern\/wp-content\/uploads\/sites\/4\/2022\/06\/waren-mueritz-ausflugstipp-buergersaal-768x512.jpg 768w\" sizes=\"auto, (max-width: 1024px) 100vw, 1024px\" \/><\/a><\/figure>\n<\/figure>\n\n\n\n<h3 class=\"wp-block-heading\"><strong><a href=\"https:\/\/www.mecklenburgische-seenplatte.de\/reiseziele\/buergersaal-waren\" target=\"_blank\" rel=\"noreferrer noopener\">B\u00fcrgersaal Waren (M\u00fcritz)<\/a><\/strong><\/h3>\n\n\n\n<p>Theater, Comedy, Musical, Klassik, Puppenspiel und vieles mehr ist hier zuhause.&nbsp;<\/p>\n<\/div>\n\n\n\n<div class=\"wp-block-column is-layout-flow wp-block-column-is-layout-flow\">\n<figure class=\"wp-block-gallery has-nested-images columns-default is-cropped wp-block-gallery-7 is-layout-flex wp-block-gallery-is-layout-flex\">\n<figure class=\"wp-block-image size-full\"><a href=\"https:\/\/www.mecklenburgische-seenplatte.de\/reiseziele\/volksbad-waren\" target=\"_blank\" rel=\"noreferrer noopener\"><img loading=\"lazy\" decoding=\"async\" width=\"1024\" height=\"683\" data-id=\"1607\" src=\"https:\/\/ansommern.de\/wp-content\/uploads\/sites\/4\/2022\/06\/waren-mueritz-ausflugstipp-volksbad.jpg\" alt=\"\" class=\"wp-image-1607\" srcset=\"https:\/\/1000seen.de\/ansommern\/wp-content\/uploads\/sites\/4\/2022\/06\/waren-mueritz-ausflugstipp-volksbad.jpg 1024w, https:\/\/1000seen.de\/ansommern\/wp-content\/uploads\/sites\/4\/2022\/06\/waren-mueritz-ausflugstipp-volksbad-300x200.jpg 300w, https:\/\/1000seen.de\/ansommern\/wp-content\/uploads\/sites\/4\/2022\/06\/waren-mueritz-ausflugstipp-volksbad-768x512.jpg 768w\" sizes=\"auto, (max-width: 1024px) 100vw, 1024px\" \/><\/a><\/figure>\n<\/figure>\n\n\n\n<h3 class=\"wp-block-heading\"><strong><a href=\"https:\/\/www.mecklenburgische-seenplatte.de\/reiseziele\/volksbad-waren\">Volksbad Waren (M\u00fcritz)<\/a><\/strong><\/h3>\n\n\n\n<p>Bad mit Wasserrutsche, Beachvolleyballfeldern, Spielplatz, Toiletten und Gastronomie.<\/p>\n<\/div>\n<\/div>\n\n\n\n<hr class=\"wp-block-separator has-text-color has-css-opacity has-background aligncenter is-style-default\" style=\"background-color:#007bc2;color:#007bc2\"\/>\n\n\n\n<h2 class=\"has-text-align-center wp-block-heading\">Tourist-Information in Waren (M\u00fcritz)<\/h2>\n\n\n\n<div class=\"wp-block-media-text alignwide is-stacked-on-mobile\"><figure class=\"wp-block-media-text__media\"><a href=\"http:\/\/www.waren-tourismus.de\/\" target=\"_blank\" rel=\"noreferrer noopener\"><img loading=\"lazy\" decoding=\"async\" width=\"980\" height=\"654\" src=\"https:\/\/ansommern.de\/wp-content\/uploads\/sites\/4\/2022\/06\/waren-mueritz-touristinfo.jpg\" alt=\"\" class=\"wp-image-1521 size-full\" srcset=\"https:\/\/1000seen.de\/ansommern\/wp-content\/uploads\/sites\/4\/2022\/06\/waren-mueritz-touristinfo.jpg 980w, https:\/\/1000seen.de\/ansommern\/wp-content\/uploads\/sites\/4\/2022\/06\/waren-mueritz-touristinfo-300x200.jpg 300w, https:\/\/1000seen.de\/ansommern\/wp-content\/uploads\/sites\/4\/2022\/06\/waren-mueritz-touristinfo-768x513.jpg 768w\" sizes=\"auto, (max-width: 980px) 100vw, 980px\" \/><\/a><\/figure><div class=\"wp-block-media-text__content\">\n<div style=\"height:15px\" aria-hidden=\"true\" class=\"wp-block-spacer uag-hide-desktop uag-hide-tab uag-hide-desktop uag-hide-tab\"><\/div>\n\n\n\n<p><strong>Waren (M\u00fcritz)-Information<\/strong><\/p>\n\n\n\n<p>Neuer Markt 21<br>17192 Waren (M\u00fcritz)<\/p>\n\n\n\n<p>Telefon +49 3991 747790<br><a href=\"mailto:info@waren-tourismus.de\">info@waren-tourismus.de<\/a><\/p>\n\n\n\n<div class=\"wp-block-buttons is-layout-flex wp-block-buttons-is-layout-flex\">\n<div class=\"wp-block-button\"><a class=\"wp-block-button__link\" href=\"http:\/\/www.waren-tourismus.de\/\" target=\"_blank\" rel=\"noreferrer noopener\">Waren (M\u00fcritz) erleben<\/a><\/div>\n<\/div>\n<\/div><\/div>\n<\/div><\/div>\n\n\n\n<div class=\"inherit-container-width wp-block-group alignfull is-layout-constrained wp-block-group-is-layout-constrained\"><div class=\"wp-block-group__inner-container\">\n<div class=\"wp-block-buttons is-layout-flex wp-block-buttons-is-layout-flex\">\n<div class=\"wp-block-button aligncenter\"><a class=\"wp-block-button__link\" href=\"https:\/\/ansommern.de\/ausflugstipps\/\">Zur \u00dcbersicht &#8222;Ausflugstipps&#8220;<\/a><\/div>\n<\/div>\n<\/div><\/div>\n","protected":false},"excerpt":{"rendered":"<p>Nach nur ca. 1,5 Stunden mit der Bahn (ab Berlin) erreichen Sie Waren (M\u00fcritz), das Heilbad mit dem maritimen Flair. Das malerische St\u00e4dtchen mit den liebevoll sanierten Fachwerkh\u00e4usern liegt direkt am Ufer der M\u00fcritz und ist das Herz der Mecklenburgischen Seenplatte. Von hier aus l\u00e4sst sich das \u201eLand der tausend Seen\u201c am besten erkunden. Ein [&hellip;]<\/p>\n","protected":false},"author":1,"featured_media":0,"parent":0,"menu_order":0,"comment_status":"closed","ping_status":"closed","template":"","meta":{"_uag_custom_page_level_css":"","site-sidebar-layout":"no-sidebar","site-content-layout":"plain-container","ast-site-content-layout":"default","site-content-style":"default","site-sidebar-style":"default","ast-global-header-display":"","ast-banner-title-visibility":"","ast-main-header-display":"","ast-hfb-above-header-display":"","ast-hfb-below-header-display":"","ast-hfb-mobile-header-display":"","site-post-title":"disabled","ast-breadcrumbs-content":"","ast-featured-img":"disabled","footer-sml-layout":"","ast-disable-related-posts":"","theme-transparent-header-meta":"disabled","adv-header-id-meta":"","stick-header-meta":"","header-above-stick-meta":"","header-main-stick-meta":"","header-below-stick-meta":"","astra-migrate-meta-layouts":"default","ast-page-background-enabled":"default","ast-page-background-meta":{"desktop":{"background-color":"","background-image":"","background-repeat":"repeat","background-position":"center center","background-size":"auto","background-attachment":"scroll","background-type":"","background-media":"","overlay-type":"","overlay-color":"","overlay-opacity":"","overlay-gradient":""},"tablet":{"background-color":"","background-image":"","background-repeat":"repeat","background-position":"center center","background-size":"auto","background-attachment":"scroll","background-type":"","background-media":"","overlay-type":"","overlay-color":"","overlay-opacity":"","overlay-gradient":""},"mobile":{"background-color":"","background-image":"","background-repeat":"repeat","background-position":"center center","background-size":"auto","background-attachment":"scroll","background-type":"","background-media":"","overlay-type":"","overlay-color":"","overlay-opacity":"","overlay-gradient":""}},"ast-content-background-meta":{"desktop":{"background-color":"var(--ast-global-color-5)","background-image":"","background-repeat":"repeat","background-position":"center center","background-size":"auto","background-attachment":"scroll","background-type":"","background-media":"","overlay-type":"","overlay-color":"","overlay-opacity":"","overlay-gradient":""},"tablet":{"background-color":"var(--ast-global-color-5)","background-image":"","background-repeat":"repeat","background-position":"center center","background-size":"auto","background-attachment":"scroll","background-type":"","background-media":"","overlay-type":"","overlay-color":"","overlay-opacity":"","overlay-gradient":""},"mobile":{"background-color":"var(--ast-global-color-5)","background-image":"","background-repeat":"repeat","background-position":"center center","background-size":"auto","background-attachment":"scroll","background-type":"","background-media":"","overlay-type":"","overlay-color":"","overlay-opacity":"","overlay-gradient":""}},"footnotes":""},"class_list":["post-1517","page","type-page","status-publish","hentry"],"uagb_featured_image_src":{"full":false,"thumbnail":false,"medium":false,"medium_large":false,"large":false,"1536x1536":false,"2048x2048":false},"uagb_author_info":{"display_name":"TVMSE \/\/ RN","author_link":"https:\/\/1000seen.de\/ansommern\/author\/r-neidel\/"},"uagb_comment_info":0,"uagb_excerpt":"Nach nur ca. 1,5 Stunden mit der Bahn (ab Berlin) erreichen Sie Waren (M\u00fcritz), das Heilbad mit dem maritimen Flair. Das malerische St\u00e4dtchen mit den liebevoll sanierten Fachwerkh\u00e4usern liegt direkt am Ufer der M\u00fcritz und ist das Herz der Mecklenburgischen Seenplatte. Von hier aus l\u00e4sst sich das \u201eLand der tausend Seen\u201c am besten erkunden. Ein&hellip;","_links":{"self":[{"href":"https:\/\/1000seen.de\/ansommern\/wp-json\/wp\/v2\/pages\/1517","targetHints":{"allow":["GET"]}}],"collection":[{"href":"https:\/\/1000seen.de\/ansommern\/wp-json\/wp\/v2\/pages"}],"about":[{"href":"https:\/\/1000seen.de\/ansommern\/wp-json\/wp\/v2\/types\/page"}],"author":[{"embeddable":true,"href":"https:\/\/1000seen.de\/ansommern\/wp-json\/wp\/v2\/users\/1"}],"replies":[{"embeddable":true,"href":"https:\/\/1000seen.de\/ansommern\/wp-json\/wp\/v2\/comments?post=1517"}],"version-history":[{"count":0,"href":"https:\/\/1000seen.de\/ansommern\/wp-json\/wp\/v2\/pages\/1517\/revisions"}],"wp:attachment":[{"href":"https:\/\/1000seen.de\/ansommern\/wp-json\/wp\/v2\/media?parent=1517"}],"curies":[{"name":"wp","href":"https:\/\/api.w.org\/{rel}","templated":true}]}}