{"id":1499,"date":"2022-06-01T08:00:20","date_gmt":"2022-06-01T06:00:20","guid":{"rendered":"https:\/\/ansommern.de\/?page_id=1499"},"modified":"2022-09-14T13:50:36","modified_gmt":"2022-09-14T11:50:36","slug":"ausflugstipps-neubrandenburg","status":"publish","type":"page","link":"https:\/\/1000seen.de\/ansommern\/ausflugstipps-neubrandenburg\/","title":{"rendered":"Ausflugstipps Neubrandenburg"},"content":{"rendered":"\n<div class=\"wp-block-cover alignfull is-light cover-first\" style=\"min-height:380px;aspect-ratio:unset;\"><span aria-hidden=\"true\" class=\"wp-block-cover__background has-background-dim-40 has-background-dim wp-block-cover__gradient-background has-background-gradient\" style=\"background:linear-gradient(135deg,rgb(0,154,206) 0%,rgb(0,120,161) 100%)\"><\/span><img loading=\"lazy\" decoding=\"async\" width=\"1920\" height=\"1279\" class=\"wp-block-cover__image-background wp-image-1508\" alt=\"\" src=\"https:\/\/ansommern.de\/wp-content\/uploads\/sites\/4\/2022\/06\/ansommern-neubrandenburg.jpg\" style=\"object-position:46% 32%\" data-object-fit=\"cover\" data-object-position=\"46% 32%\" srcset=\"https:\/\/1000seen.de\/ansommern\/wp-content\/uploads\/sites\/4\/2022\/06\/ansommern-neubrandenburg.jpg 1920w, https:\/\/1000seen.de\/ansommern\/wp-content\/uploads\/sites\/4\/2022\/06\/ansommern-neubrandenburg-300x200.jpg 300w, https:\/\/1000seen.de\/ansommern\/wp-content\/uploads\/sites\/4\/2022\/06\/ansommern-neubrandenburg-1024x682.jpg 1024w, https:\/\/1000seen.de\/ansommern\/wp-content\/uploads\/sites\/4\/2022\/06\/ansommern-neubrandenburg-768x512.jpg 768w, https:\/\/1000seen.de\/ansommern\/wp-content\/uploads\/sites\/4\/2022\/06\/ansommern-neubrandenburg-1536x1023.jpg 1536w\" sizes=\"auto, (max-width: 1920px) 100vw, 1920px\" \/><div class=\"wp-block-cover__inner-container is-layout-flow wp-block-cover-is-layout-flow\">\n<h1 class=\"has-text-align-center has-ast-global-color-5-color has-text-color wp-block-heading\"><strong><em>Neubrandenburg<\/em><\/strong><\/h1>\n\n\n\n<h2 class=\"has-text-align-center has-ast-global-color-5-color has-text-color has-medium-font-size wp-block-heading\" style=\"font-style:normal;font-weight:100;text-transform:uppercase\"><strong>Ansommern-Tipps<\/strong><br>Mecklenburgische Seenplatte<\/h2>\n<\/div><\/div>\n\n\n\n<div class=\"inherit-container-width wp-block-group alignfull is-layout-constrained wp-block-group-is-layout-constrained\"><div class=\"wp-block-group__inner-container\">\n<p>Neubrandenburg ist die <strong>gr\u00f6\u00dfte Stadt der Mecklenburgischen Seenplatte<\/strong>. Sie liegt direkt am <strong>Tollensesee<\/strong>. In dem Klarwassersee lebt die seltene Mar\u00e4ne. Au\u00dferdem ist die Stadt f\u00fcr ihre Sportgr\u00f6\u00dfen wie der Kanute Andreas Dittmer und die Leichtathletin Katrin Krabbe bekannt, die beim SC Neubrandenburg trainierten.<\/p>\n\n\n\n<p class=\"has-ast-global-color-5-background-color has-background\">Anreise mit der Bahn:<br>Auf der Strecke der <strong><a href=\"https:\/\/ansommern.de\/wp-content\/uploads\/sites\/4\/2022\/06\/fahrplan-bahn-re5-nord.pdf\" target=\"_blank\" rel=\"noreferrer noopener\">RE5 Berlin-Stralsund<\/a><\/strong>. (Fahrtzeit ab Berlin Hauptbahnhof ca. 100 Minuten)<\/p>\n\n\n\n<hr class=\"wp-block-separator has-text-color has-css-opacity has-background aligncenter is-style-default\" style=\"background-color:#007bc2;color:#007bc2\"\/>\n\n\n\n<h3 class=\"wp-block-heading\">In Neubrandenburg erwarten Sie&#8230;<\/h3>\n\n\n\n<ul class=\"wp-block-list\"><li><strong>Einkaufsbummel durch die Innenstadt<\/strong>: \u00fcber 200 individuelle Gesch\u00e4fte, die Shopping-Mall \u201eMarktplatzcenter\u201c, das Marien-Carr\u00e9e sowie die vielen L\u00e4den in der Turmstra\u00dfe<\/li><li><strong>Museen<\/strong>: Kunstsammlung Neubrandenburg, Regionalmuseum, RWN Art<\/li><li><strong>Route der Backsteingotik<\/strong>: Eine 2,3 km lange und bis zu 7,50 m hohe Stadtmauer mit Wiekh\u00e4usern und 4 Stadttoren umschlie\u00dft den Stadtkern. Die Konzertkirche ist innen ein moderner Konzertsaal. Highlight ist die Orgel mit 2582 Pfeifen. Im Turm befindet sich eine Ausstellung zur Backsteingotik mit herrlicher Aussicht \u00fcber die Stadt.<\/li><li><strong>Fahrrad-Rundtour<\/strong> um den Tollensesee: abwechslungsreiche, 35 km lange Fahrradtour mit teils sehr h\u00fcgeligen Abschnitten<\/li><li><strong>Wanderung<\/strong>: Von der Innenstadt am Oberbach mit Bootsh\u00e4usern entlang zum Tollensesee, idyllische 1,5 km. Nach Burg Stargard geht es an der Hintersten M\u00fchle vorbei durchs Lindetal, abwechslungsreiche 10 km.<\/li><li><strong>Stadtf\u00fchrungen<\/strong>: Einblicke, Ausblicke, thematische und vielf\u00e4ltige Stadtf\u00fchrungen durch die Vier-Tore-Stadt<\/li><li><strong>Sch\u00f6ne Aussichtspunkte:<\/strong> von der Konzertkirche, vom Turmcaf\u00e9 im HKB, vom Turm Behmsh\u00f6he und vom Belvedere am Tollensesee<\/li><\/ul>\n\n\n\n<hr class=\"wp-block-separator has-text-color has-css-opacity has-background aligncenter is-style-default\" style=\"background-color:#007bc2;color:#007bc2\"\/>\n\n\n\n<h2 class=\"has-text-align-center wp-block-heading\">Ausflugsziele in Neubrandenburg<\/h2>\n\n\n\n<div class=\"wp-block-columns is-layout-flex wp-container-core-columns-is-layout-c6bc58be wp-block-columns-is-layout-flex\" style=\"padding-top:0px;padding-right:0px;padding-bottom:0px;padding-left:0px\">\n<div class=\"wp-block-column is-layout-flow wp-block-column-is-layout-flow\">\n<figure class=\"wp-block-gallery has-nested-images columns-default is-cropped wp-block-gallery-2 is-layout-flex wp-block-gallery-is-layout-flex\">\n<figure class=\"wp-block-image size-full\"><a href=\"https:\/\/www.mecklenburgische-seenplatte.de\/reiseziele\/mittelalterliche-wall-und-wehranlage-neubrandenburg\" target=\"_blank\" rel=\"noreferrer noopener\"><img loading=\"lazy\" decoding=\"async\" width=\"987\" height=\"658\" data-id=\"1512\" src=\"https:\/\/ansommern.de\/wp-content\/uploads\/sites\/4\/2022\/06\/neubrandenburg-ausflugstipp-wallanlage.jpg\" alt=\"\" class=\"wp-image-1512\" srcset=\"https:\/\/1000seen.de\/ansommern\/wp-content\/uploads\/sites\/4\/2022\/06\/neubrandenburg-ausflugstipp-wallanlage.jpg 987w, https:\/\/1000seen.de\/ansommern\/wp-content\/uploads\/sites\/4\/2022\/06\/neubrandenburg-ausflugstipp-wallanlage-300x200.jpg 300w, https:\/\/1000seen.de\/ansommern\/wp-content\/uploads\/sites\/4\/2022\/06\/neubrandenburg-ausflugstipp-wallanlage-768x512.jpg 768w\" sizes=\"auto, (max-width: 987px) 100vw, 987px\" \/><\/a><\/figure>\n<\/figure>\n\n\n\n<h3 class=\"wp-block-heading\"><a href=\"https:\/\/www.mecklenburgische-seenplatte.de\/reiseziele\/mittelalterliche-wall-und-wehranlage-neubrandenburg\" target=\"_blank\" rel=\"noreferrer noopener\">Mittelalterliche Wall- und Wehranlage<\/a><\/h3>\n\n\n\n<p>Mittelalterliche Romantik versp\u00fcrt der Gast bei einem Bummel entlang der fast vollst\u00e4ndig erhaltenen Wall- und Wehranlage einem Meisterst\u00fcck gotischer Baukunst.<\/p>\n<\/div>\n\n\n\n<div class=\"wp-block-column is-layout-flow wp-block-column-is-layout-flow\">\n<figure class=\"wp-block-gallery has-nested-images columns-default is-cropped wp-block-gallery-3 is-layout-flex wp-block-gallery-is-layout-flex\">\n<figure class=\"wp-block-image size-full\"><a href=\"https:\/\/www.mecklenburgische-seenplatte.de\/reiseziele\/konzertkirche-st-marien\" target=\"_blank\" rel=\"noreferrer noopener\"><img loading=\"lazy\" decoding=\"async\" width=\"830\" height=\"553\" data-id=\"1513\" src=\"https:\/\/ansommern.de\/wp-content\/uploads\/sites\/4\/2022\/06\/neubrandenburg-ausflugstipp-konzertkirche.jpg\" alt=\"\" class=\"wp-image-1513\" srcset=\"https:\/\/1000seen.de\/ansommern\/wp-content\/uploads\/sites\/4\/2022\/06\/neubrandenburg-ausflugstipp-konzertkirche.jpg 830w, https:\/\/1000seen.de\/ansommern\/wp-content\/uploads\/sites\/4\/2022\/06\/neubrandenburg-ausflugstipp-konzertkirche-300x200.jpg 300w, https:\/\/1000seen.de\/ansommern\/wp-content\/uploads\/sites\/4\/2022\/06\/neubrandenburg-ausflugstipp-konzertkirche-768x512.jpg 768w\" sizes=\"auto, (max-width: 830px) 100vw, 830px\" \/><\/a><\/figure>\n<\/figure>\n\n\n\n<h3 class=\"wp-block-heading\"><strong><a href=\"https:\/\/www.mecklenburgische-seenplatte.de\/reiseziele\/konzertkirche-st-marien\" target=\"_blank\" rel=\"noreferrer noopener\">Konzertkirche St. Marien<\/a><\/strong><\/h3>\n\n\n\n<p>Als Konzertkirche bietet die Marienkirche ein Kontrastprogramm \u2013 vom akustischen Hochgenuss zum besonderen architektonischen Erlebnis. Au\u00dfen: Gotische Backsteinkirche. Innen: Konzertsaal aus Glas, Beton, Stahl und Holz.<\/p>\n<\/div>\n\n\n\n<div class=\"wp-block-column is-layout-flow wp-block-column-is-layout-flow\">\n<figure class=\"wp-block-gallery has-nested-images columns-default is-cropped wp-block-gallery-4 is-layout-flex wp-block-gallery-is-layout-flex\">\n<figure class=\"wp-block-image size-full\"><a href=\"https:\/\/www.mecklenburgische-seenplatte.de\/reiseziele\/kunstsammlung-neubrandenburg\" target=\"_blank\" rel=\"noreferrer noopener\"><img loading=\"lazy\" decoding=\"async\" width=\"916\" height=\"611\" data-id=\"1514\" src=\"https:\/\/ansommern.de\/wp-content\/uploads\/sites\/4\/2022\/06\/neubrandenburg-ausflugstipp-kunstsammlung.jpg\" alt=\"\" class=\"wp-image-1514\" srcset=\"https:\/\/1000seen.de\/ansommern\/wp-content\/uploads\/sites\/4\/2022\/06\/neubrandenburg-ausflugstipp-kunstsammlung.jpg 916w, https:\/\/1000seen.de\/ansommern\/wp-content\/uploads\/sites\/4\/2022\/06\/neubrandenburg-ausflugstipp-kunstsammlung-300x200.jpg 300w, https:\/\/1000seen.de\/ansommern\/wp-content\/uploads\/sites\/4\/2022\/06\/neubrandenburg-ausflugstipp-kunstsammlung-768x512.jpg 768w\" sizes=\"auto, (max-width: 916px) 100vw, 916px\" \/><\/a><\/figure>\n<\/figure>\n\n\n\n<h3 class=\"wp-block-heading\"><strong><a href=\"https:\/\/www.mecklenburgische-seenplatte.de\/reiseziele\/kunstsammlung-neubrandenburg\" target=\"_blank\" rel=\"noreferrer noopener\">Kunstsammlung Neubrandenburg<\/a><\/strong><\/h3>\n\n\n\n<p>Die Kunstsammlung Neubrandenburg ist das einzige Museum der bildenden Kunst des 20. und 21. Jahrhunderts im Landkreis Mecklenburgische Seenplatte. Sie bietet in einem barrierefreien klimatisierten Barockbau mit neuem Anbau zwei Ausstellungsgeschosse.<\/p>\n<\/div>\n<\/div>\n\n\n\n<hr class=\"wp-block-separator has-text-color has-css-opacity has-background aligncenter is-style-default\" style=\"background-color:#007bc2;color:#007bc2\"\/>\n\n\n\n<h2 class=\"has-text-align-center wp-block-heading\">Tourist-Information in Neubrandenburg<\/h2>\n\n\n\n<div class=\"wp-block-media-text alignwide is-stacked-on-mobile\"><figure class=\"wp-block-media-text__media\"><a href=\"https:\/\/www.neubrandenburg-touristinfo.de\/\" target=\"_blank\" rel=\"noreferrer noopener\"><img loading=\"lazy\" decoding=\"async\" width=\"1024\" height=\"683\" src=\"https:\/\/ansommern.de\/wp-content\/uploads\/sites\/4\/2022\/06\/neubrandenburg-touristinfo.jpg\" alt=\"\" class=\"wp-image-1500 size-full\" srcset=\"https:\/\/1000seen.de\/ansommern\/wp-content\/uploads\/sites\/4\/2022\/06\/neubrandenburg-touristinfo.jpg 1024w, https:\/\/1000seen.de\/ansommern\/wp-content\/uploads\/sites\/4\/2022\/06\/neubrandenburg-touristinfo-300x200.jpg 300w, https:\/\/1000seen.de\/ansommern\/wp-content\/uploads\/sites\/4\/2022\/06\/neubrandenburg-touristinfo-768x512.jpg 768w\" sizes=\"auto, (max-width: 1024px) 100vw, 1024px\" \/><\/a><\/figure><div class=\"wp-block-media-text__content\">\n<div style=\"height:15px\" aria-hidden=\"true\" class=\"wp-block-spacer uag-hide-desktop uag-hide-tab uag-hide-desktop uag-hide-tab\"><\/div>\n\n\n\n<p><strong>Touristinfo Neubrandenburg<\/strong><\/p>\n\n\n\n<p>Marktplatz 1<br>17033 Neubrandenburg<\/p>\n\n\n\n<p>Telefon +49 395 5595127<br><a href=\"mailto:touristinfo@neubrandenburg.de\">touristinfo@neubrandenburg.de<\/a><\/p>\n\n\n\n<div class=\"wp-block-buttons is-layout-flex wp-block-buttons-is-layout-flex\">\n<div class=\"wp-block-button\"><a class=\"wp-block-button__link\" href=\"https:\/\/www.neubrandenburg-touristinfo.de\/\" target=\"_blank\" rel=\"noreferrer noopener\">Neubrandenburg erleben<\/a><\/div>\n<\/div>\n<\/div><\/div>\n<\/div><\/div>\n\n\n\n<div class=\"inherit-container-width wp-block-group alignfull is-layout-constrained wp-block-group-is-layout-constrained\"><div class=\"wp-block-group__inner-container\">\n<div class=\"wp-block-buttons is-layout-flex wp-block-buttons-is-layout-flex\">\n<div class=\"wp-block-button aligncenter\"><a class=\"wp-block-button__link\" href=\"https:\/\/ansommern.de\/ausflugstipps\/\">Zur \u00dcbersicht &#8222;Ausflugstipps&#8220;<\/a><\/div>\n<\/div>\n<\/div><\/div>\n","protected":false},"excerpt":{"rendered":"<p>Neubrandenburg ist die gr\u00f6\u00dfte Stadt der Mecklenburgischen Seenplatte. Sie liegt direkt am Tollensesee. In dem Klarwassersee lebt die seltene Mar\u00e4ne. Au\u00dferdem ist die Stadt f\u00fcr ihre Sportgr\u00f6\u00dfen wie der Kanute Andreas Dittmer und die Leichtathletin Katrin Krabbe bekannt, die beim SC Neubrandenburg trainierten. Anreise mit der Bahn:Auf der Strecke der RE5 Berlin-Stralsund. (Fahrtzeit ab Berlin [&hellip;]<\/p>\n","protected":false},"author":1,"featured_media":0,"parent":0,"menu_order":0,"comment_status":"closed","ping_status":"closed","template":"","meta":{"_uag_custom_page_level_css":"","site-sidebar-layout":"no-sidebar","site-content-layout":"plain-container","ast-site-content-layout":"default","site-content-style":"default","site-sidebar-style":"default","ast-global-header-display":"","ast-banner-title-visibility":"","ast-main-header-display":"","ast-hfb-above-header-display":"","ast-hfb-below-header-display":"","ast-hfb-mobile-header-display":"","site-post-title":"disabled","ast-breadcrumbs-content":"","ast-featured-img":"disabled","footer-sml-layout":"","ast-disable-related-posts":"","theme-transparent-header-meta":"disabled","adv-header-id-meta":"","stick-header-meta":"","header-above-stick-meta":"","header-main-stick-meta":"","header-below-stick-meta":"","astra-migrate-meta-layouts":"default","ast-page-background-enabled":"default","ast-page-background-meta":{"desktop":{"background-color":"","background-image":"","background-repeat":"repeat","background-position":"center center","background-size":"auto","background-attachment":"scroll","background-type":"","background-media":"","overlay-type":"","overlay-color":"","overlay-opacity":"","overlay-gradient":""},"tablet":{"background-color":"","background-image":"","background-repeat":"repeat","background-position":"center center","background-size":"auto","background-attachment":"scroll","background-type":"","background-media":"","overlay-type":"","overlay-color":"","overlay-opacity":"","overlay-gradient":""},"mobile":{"background-color":"","background-image":"","background-repeat":"repeat","background-position":"center center","background-size":"auto","background-attachment":"scroll","background-type":"","background-media":"","overlay-type":"","overlay-color":"","overlay-opacity":"","overlay-gradient":""}},"ast-content-background-meta":{"desktop":{"background-color":"var(--ast-global-color-5)","background-image":"","background-repeat":"repeat","background-position":"center center","background-size":"auto","background-attachment":"scroll","background-type":"","background-media":"","overlay-type":"","overlay-color":"","overlay-opacity":"","overlay-gradient":""},"tablet":{"background-color":"var(--ast-global-color-5)","background-image":"","background-repeat":"repeat","background-position":"center center","background-size":"auto","background-attachment":"scroll","background-type":"","background-media":"","overlay-type":"","overlay-color":"","overlay-opacity":"","overlay-gradient":""},"mobile":{"background-color":"var(--ast-global-color-5)","background-image":"","background-repeat":"repeat","background-position":"center center","background-size":"auto","background-attachment":"scroll","background-type":"","background-media":"","overlay-type":"","overlay-color":"","overlay-opacity":"","overlay-gradient":""}},"footnotes":""},"class_list":["post-1499","page","type-page","status-publish","hentry"],"uagb_featured_image_src":{"full":false,"thumbnail":false,"medium":false,"medium_large":false,"large":false,"1536x1536":false,"2048x2048":false},"uagb_author_info":{"display_name":"TVMSE \/\/ RN","author_link":"https:\/\/1000seen.de\/ansommern\/author\/r-neidel\/"},"uagb_comment_info":0,"uagb_excerpt":"Neubrandenburg ist die gr\u00f6\u00dfte Stadt der Mecklenburgischen Seenplatte. Sie liegt direkt am Tollensesee. In dem Klarwassersee lebt die seltene Mar\u00e4ne. Au\u00dferdem ist die Stadt f\u00fcr ihre Sportgr\u00f6\u00dfen wie der Kanute Andreas Dittmer und die Leichtathletin Katrin Krabbe bekannt, die beim SC Neubrandenburg trainierten. Anreise mit der Bahn:Auf der Strecke der RE5 Berlin-Stralsund. (Fahrtzeit ab Berlin&hellip;","_links":{"self":[{"href":"https:\/\/1000seen.de\/ansommern\/wp-json\/wp\/v2\/pages\/1499","targetHints":{"allow":["GET"]}}],"collection":[{"href":"https:\/\/1000seen.de\/ansommern\/wp-json\/wp\/v2\/pages"}],"about":[{"href":"https:\/\/1000seen.de\/ansommern\/wp-json\/wp\/v2\/types\/page"}],"author":[{"embeddable":true,"href":"https:\/\/1000seen.de\/ansommern\/wp-json\/wp\/v2\/users\/1"}],"replies":[{"embeddable":true,"href":"https:\/\/1000seen.de\/ansommern\/wp-json\/wp\/v2\/comments?post=1499"}],"version-history":[{"count":0,"href":"https:\/\/1000seen.de\/ansommern\/wp-json\/wp\/v2\/pages\/1499\/revisions"}],"wp:attachment":[{"href":"https:\/\/1000seen.de\/ansommern\/wp-json\/wp\/v2\/media?parent=1499"}],"curies":[{"name":"wp","href":"https:\/\/api.w.org\/{rel}","templated":true}]}}