{"id":1381,"date":"2022-06-01T08:00:55","date_gmt":"2022-06-01T06:00:55","guid":{"rendered":"https:\/\/ansommern.de\/?page_id=1381"},"modified":"2022-09-14T13:52:41","modified_gmt":"2022-09-14T11:52:41","slug":"ausflugstipps-rechlin","status":"publish","type":"page","link":"https:\/\/1000seen.de\/ansommern\/ausflugstipps-rechlin\/","title":{"rendered":"Ausflugstipps Rechlin"},"content":{"rendered":"\n<div class=\"wp-block-cover alignfull is-light cover-first\" style=\"min-height:380px;aspect-ratio:unset;\"><span aria-hidden=\"true\" class=\"wp-block-cover__background has-background-dim-40 has-background-dim wp-block-cover__gradient-background has-background-gradient\" style=\"background:linear-gradient(135deg,rgb(0,154,206) 0%,rgb(0,120,161) 100%)\"><\/span><img loading=\"lazy\" decoding=\"async\" width=\"1920\" height=\"1280\" class=\"wp-block-cover__image-background wp-image-1463\" alt=\"\" src=\"https:\/\/ansommern.de\/wp-content\/uploads\/sites\/4\/2022\/06\/ansommern-rechlin.jpg\" style=\"object-position:48% 42%\" data-object-fit=\"cover\" data-object-position=\"48% 42%\" srcset=\"https:\/\/1000seen.de\/ansommern\/wp-content\/uploads\/sites\/4\/2022\/06\/ansommern-rechlin.jpg 1920w, https:\/\/1000seen.de\/ansommern\/wp-content\/uploads\/sites\/4\/2022\/06\/ansommern-rechlin-300x200.jpg 300w, https:\/\/1000seen.de\/ansommern\/wp-content\/uploads\/sites\/4\/2022\/06\/ansommern-rechlin-1024x683.jpg 1024w, https:\/\/1000seen.de\/ansommern\/wp-content\/uploads\/sites\/4\/2022\/06\/ansommern-rechlin-768x512.jpg 768w, https:\/\/1000seen.de\/ansommern\/wp-content\/uploads\/sites\/4\/2022\/06\/ansommern-rechlin-1536x1024.jpg 1536w\" sizes=\"auto, (max-width: 1920px) 100vw, 1920px\" \/><div class=\"wp-block-cover__inner-container is-layout-flow wp-block-cover-is-layout-flow\">\n<h1 class=\"has-text-align-center has-ast-global-color-5-color has-text-color wp-block-heading\"><strong><em>Rechlin<\/em><\/strong><\/h1>\n\n\n\n<h2 class=\"has-text-align-center has-ast-global-color-5-color has-text-color has-medium-font-size wp-block-heading\" style=\"font-style:normal;font-weight:100;text-transform:uppercase\"><strong>Ansommern-Tipps<\/strong><br>Mecklenburgische Seenplatte<\/h2>\n<\/div><\/div>\n\n\n\n<div class=\"inherit-container-width wp-block-group alignfull is-layout-constrained wp-block-group-is-layout-constrained\"><div class=\"wp-block-group__inner-container\">\n<p>Direkt <strong>am S\u00fcdostufer der M\u00fcritz <\/strong>befindet sich die Gemeinde Rechlin. Ein <strong>Kurzurlaub in Rechlin<\/strong> bedeutet unber\u00fchrte Natur, umgeben von Wasser, Wald und Wiesen. Ruhe und Entspannung pur, aber auch mit allen M\u00f6glichkeiten zu aktiver Bet\u00e4tigung: ob Radeln, Wandern, Paddeln oder Bootstouren mit dem eigenen Charterboot &#8211; Rechlin ist idealer Ausgangspunkt f\u00fcr spannende Vielfalt.<\/p>\n\n\n\n<p class=\"has-ast-global-color-5-background-color has-background\"><strong>Anreise mit Bahn und Bus:<\/strong><br>Auf den Strecken der <strong><a href=\"https:\/\/ansommern.de\/wp-content\/uploads\/sites\/4\/2022\/06\/fahrplan-bahn-re5-nord.pdf\" target=\"_blank\" rel=\"noreferrer noopener\">RE5 (Berlin-Rostock und Berlin-Stralsund)<\/a><\/strong> mit Umstieg in Neustrelitz auf die <strong><a href=\"https:\/\/ansommern.de\/wp-content\/uploads\/sites\/4\/2022\/06\/fahrplan-kleinseenbahn.pdf\" target=\"_blank\" rel=\"noreferrer noopener\">Kleinseenbahn RB16<\/a><\/strong> bis Mirow. Umstieg in Mirow auf den <strong><a href=\"https:\/\/ansommern.de\/wp-content\/uploads\/sites\/4\/2022\/06\/fahrplan-bus-L025.pdf\" target=\"_blank\" rel=\"noreferrer noopener\">Bus der Linie 025<\/a><\/strong>. (K\u00fcrzeste Fahrtzeit ab Berlin Hauptbahnhof ca. 2h 30min)<\/p>\n\n\n\n<h3 class=\"wp-block-heading\">In Rechlin erwarten Sie\u2026<\/h3>\n\n\n\n<ul class=\"wp-block-list\"><li><strong>Rechlin:<\/strong>&nbsp;Yacht- und Seglerhafen, Rechliner Seebr\u00fccke mit Badestrand, Kultur- und Sportveranstaltungen wie z.B. M\u00fcritzfest, M\u00fcritz-Lauf, Museumsfest, Kurkonzerte<\/li><li><strong>Rechlin Nord:&nbsp;<\/strong>Luftfahrttechnisches Museum Rechlin, gro\u00dfe Marina am Claassee mit 400 Yacht-Liegepl\u00e4tze, Strandbad und Cocktailbar<\/li><li><strong>Boeker M\u00fchle:<\/strong> Wassersportm\u00f6glichkeiten wie Angeln, Segeln, SUP und Kanufahren auf der Wasserwanderstrecke \u201eAlte Fahrt\u201c (motorbootfreies Revier)<\/li><li><strong>Nationalparkdorf Boek:&nbsp;<\/strong>Eingangsbereich zum M\u00fcritz-Nationalpark, Nationalparkinfo, Haltestelle Nationalpark-Linie, Kutsch- und Kremserfahrten im M\u00fcritz-Nationalpark und im Wildpark Boek, div. Wassersportm\u00f6glichkeiten und (Kite-)Surfen<\/li><li><strong>Rechlin\/L\u00e4rz<\/strong>: Rundfl\u00fcge vom M\u00fcritz-Flugplatz<\/li><\/ul>\n\n\n\n<hr class=\"wp-block-separator has-text-color has-css-opacity has-background aligncenter is-style-default\" style=\"background-color:#007bc2;color:#007bc2\"\/>\n\n\n\n<h2 class=\"has-text-align-center wp-block-heading\">Ausflugsziele in Rechlin<\/h2>\n\n\n\n<div class=\"wp-block-columns is-layout-flex wp-container-core-columns-is-layout-13c68ad4 wp-block-columns-is-layout-flex\" style=\"padding-top:15px;padding-right:15px;padding-bottom:15px;padding-left:15px\">\n<div class=\"wp-block-column is-layout-flow wp-block-column-is-layout-flow\">\n<figure class=\"wp-block-gallery has-nested-images columns-default is-cropped wp-block-gallery-2 is-layout-flex wp-block-gallery-is-layout-flex\">\n<figure class=\"wp-block-image size-full\"><a href=\"https:\/\/www.mecklenburgische-seenplatte.de\/reiseziele\/luftfahrttechnisches-museum-rechlin\" target=\"_blank\" rel=\"noreferrer noopener\"><img loading=\"lazy\" decoding=\"async\" width=\"830\" height=\"553\" data-id=\"1385\" src=\"https:\/\/ansommern.de\/wp-content\/uploads\/sites\/4\/2022\/06\/rechlin-ausflugstipp-luftfahrttechnisches-museum.jpg\" alt=\"\" class=\"wp-image-1385\" srcset=\"https:\/\/1000seen.de\/ansommern\/wp-content\/uploads\/sites\/4\/2022\/06\/rechlin-ausflugstipp-luftfahrttechnisches-museum.jpg 830w, https:\/\/1000seen.de\/ansommern\/wp-content\/uploads\/sites\/4\/2022\/06\/rechlin-ausflugstipp-luftfahrttechnisches-museum-300x200.jpg 300w, https:\/\/1000seen.de\/ansommern\/wp-content\/uploads\/sites\/4\/2022\/06\/rechlin-ausflugstipp-luftfahrttechnisches-museum-768x512.jpg 768w\" sizes=\"auto, (max-width: 830px) 100vw, 830px\" \/><\/a><\/figure>\n<\/figure>\n\n\n\n<h3 class=\"wp-block-heading\"><strong><a href=\"https:\/\/www.mecklenburgische-seenplatte.de\/reiseziele\/luftfahrttechnisches-museum-rechlin\" target=\"_blank\" rel=\"noreferrer noopener\">Luftfahrttechnisches Museum Rechlin<\/a><\/strong><\/h3>\n\n\n\n<p>Das Museum befindet sich im historischen Geb\u00e4udeensemble der Zentralen Erprobungsstelle der Luftwaffe des dritten Reiches.<\/p>\n<\/div>\n\n\n\n<div class=\"wp-block-column is-layout-flow wp-block-column-is-layout-flow\">\n<figure class=\"wp-block-gallery has-nested-images columns-default is-cropped wp-block-gallery-3 is-layout-flex wp-block-gallery-is-layout-flex\">\n<figure class=\"wp-block-image size-full\"><a href=\"https:\/\/www.mecklenburgische-seenplatte.de\/reiseziele\/kutschercafe\" target=\"_blank\" rel=\"noreferrer noopener\"><img loading=\"lazy\" decoding=\"async\" width=\"1024\" height=\"683\" data-id=\"1394\" src=\"https:\/\/ansommern.de\/wp-content\/uploads\/sites\/4\/2022\/06\/rechlin-ausflugstipp-wildpark-boek.jpg\" alt=\"\" class=\"wp-image-1394\" srcset=\"https:\/\/1000seen.de\/ansommern\/wp-content\/uploads\/sites\/4\/2022\/06\/rechlin-ausflugstipp-wildpark-boek.jpg 1024w, https:\/\/1000seen.de\/ansommern\/wp-content\/uploads\/sites\/4\/2022\/06\/rechlin-ausflugstipp-wildpark-boek-300x200.jpg 300w, https:\/\/1000seen.de\/ansommern\/wp-content\/uploads\/sites\/4\/2022\/06\/rechlin-ausflugstipp-wildpark-boek-768x512.jpg 768w\" sizes=\"auto, (max-width: 1024px) 100vw, 1024px\" \/><\/a><\/figure>\n<\/figure>\n\n\n\n<h3 class=\"wp-block-heading\"><strong><a href=\"https:\/\/www.mecklenburgische-seenplatte.de\/reiseziele\/kutschercafe\" target=\"_blank\" rel=\"noreferrer noopener\">Wildpark Boek<\/a><\/strong><\/h3>\n\n\n\n<p>Inmitten der urw\u00fcchsigen Landschaft des M\u00fcritz-Nationalparks liegt das Nationalparkdorf Boek mit seinem 80 ha gro\u00dfen Wildpark.<\/p>\n<\/div>\n\n\n\n<div class=\"wp-block-column is-layout-flow wp-block-column-is-layout-flow\">\n<figure class=\"wp-block-gallery has-nested-images columns-default is-cropped wp-block-gallery-4 is-layout-flex wp-block-gallery-is-layout-flex\">\n<figure class=\"wp-block-image size-full\"><a href=\"https:\/\/www.mecklenburgische-seenplatte.de\/reiseziele\/badestrand-rechlin\" target=\"_blank\" rel=\"noreferrer noopener\"><img loading=\"lazy\" decoding=\"async\" width=\"987\" height=\"658\" data-id=\"1399\" src=\"https:\/\/ansommern.de\/wp-content\/uploads\/sites\/4\/2022\/06\/rechlin-ausflugstipp-badestrand.jpg\" alt=\"\" class=\"wp-image-1399\" srcset=\"https:\/\/1000seen.de\/ansommern\/wp-content\/uploads\/sites\/4\/2022\/06\/rechlin-ausflugstipp-badestrand.jpg 987w, https:\/\/1000seen.de\/ansommern\/wp-content\/uploads\/sites\/4\/2022\/06\/rechlin-ausflugstipp-badestrand-300x200.jpg 300w, https:\/\/1000seen.de\/ansommern\/wp-content\/uploads\/sites\/4\/2022\/06\/rechlin-ausflugstipp-badestrand-768x512.jpg 768w\" sizes=\"auto, (max-width: 987px) 100vw, 987px\" \/><\/a><\/figure>\n<\/figure>\n\n\n\n<h3 class=\"wp-block-heading\"><strong><a href=\"https:\/\/www.mecklenburgische-seenplatte.de\/reiseziele\/badestrand-rechlin\" target=\"_blank\" rel=\"noreferrer noopener\">Badestrand Rechlin mit Seebr\u00fccke<\/a><\/strong><\/h3>\n\n\n\n<p>Ein Pl\u00e4tzchen zum Wohlf\u00fchlen ist die Hafenpromenade von Rechlin, denn hier hei\u00dft es Schlemmen und Entspannen bei traumhaften Ausblicken.<\/p>\n<\/div>\n<\/div>\n\n\n\n<hr class=\"wp-block-separator has-text-color has-css-opacity has-background aligncenter is-style-default\" style=\"background-color:#007bc2;color:#007bc2\"\/>\n\n\n\n<h2 class=\"has-text-align-center wp-block-heading\">Tourist-Information in Rechlin<\/h2>\n\n\n\n<div class=\"wp-block-media-text alignwide is-stacked-on-mobile\"><figure class=\"wp-block-media-text__media\"><a href=\"https:\/\/urlaub-rechlin.de\/\" target=\"_blank\" rel=\"noreferrer noopener\"><img loading=\"lazy\" decoding=\"async\" width=\"999\" height=\"666\" src=\"https:\/\/ansommern.de\/wp-content\/uploads\/sites\/4\/2022\/06\/rechlin-touristinfo-neu.jpg\" alt=\"\" class=\"wp-image-1680 size-full\" srcset=\"https:\/\/1000seen.de\/ansommern\/wp-content\/uploads\/sites\/4\/2022\/06\/rechlin-touristinfo-neu.jpg 999w, https:\/\/1000seen.de\/ansommern\/wp-content\/uploads\/sites\/4\/2022\/06\/rechlin-touristinfo-neu-300x200.jpg 300w, https:\/\/1000seen.de\/ansommern\/wp-content\/uploads\/sites\/4\/2022\/06\/rechlin-touristinfo-neu-768x512.jpg 768w\" sizes=\"auto, (max-width: 999px) 100vw, 999px\" \/><\/a><\/figure><div class=\"wp-block-media-text__content\">\n<div style=\"height:15px\" aria-hidden=\"true\" class=\"wp-block-spacer uag-hide-desktop uag-hide-tab uag-hide-desktop uag-hide-tab\"><\/div>\n\n\n\n<p><strong>Tourismus- und Dienstleistungsgesellschaft Rechlin mbH<\/strong><\/p>\n\n\n\n<p>M\u00fcritzstra\u00dfe 51<br>17248 Rechlin<\/p>\n\n\n\n<p>Telefon +49 39823 169910<br><a href=\"mailto:info@urlaub-rechlin.de\">info@urlaub-rechlin.de<\/a><\/p>\n\n\n\n<div class=\"wp-block-buttons is-layout-flex wp-block-buttons-is-layout-flex\">\n<div class=\"wp-block-button\"><a class=\"wp-block-button__link\" href=\"https:\/\/urlaub-rechlin.de\/\" target=\"_blank\" rel=\"noreferrer noopener\">Rechlin erleben<\/a><\/div>\n<\/div>\n<\/div><\/div>\n<\/div><\/div>\n\n\n\n<div class=\"inherit-container-width wp-block-group alignfull is-layout-constrained wp-block-group-is-layout-constrained\"><div class=\"wp-block-group__inner-container\">\n<div class=\"wp-block-buttons is-layout-flex wp-block-buttons-is-layout-flex\">\n<div class=\"wp-block-button aligncenter\"><a class=\"wp-block-button__link\" href=\"https:\/\/ansommern.de\/ausflugstipps\/\">Zur \u00dcbersicht &#8222;Ausflugstipps&#8220;<\/a><\/div>\n<\/div>\n<\/div><\/div>\n","protected":false},"excerpt":{"rendered":"<p>Direkt am S\u00fcdostufer der M\u00fcritz befindet sich die Gemeinde Rechlin. Ein Kurzurlaub in Rechlin bedeutet unber\u00fchrte Natur, umgeben von Wasser, Wald und Wiesen. Ruhe und Entspannung pur, aber auch mit allen M\u00f6glichkeiten zu aktiver Bet\u00e4tigung: ob Radeln, Wandern, Paddeln oder Bootstouren mit dem eigenen Charterboot &#8211; Rechlin ist idealer Ausgangspunkt f\u00fcr spannende Vielfalt. Anreise mit [&hellip;]<\/p>\n","protected":false},"author":1,"featured_media":0,"parent":0,"menu_order":0,"comment_status":"closed","ping_status":"closed","template":"","meta":{"_uag_custom_page_level_css":"","site-sidebar-layout":"no-sidebar","site-content-layout":"plain-container","ast-site-content-layout":"default","site-content-style":"default","site-sidebar-style":"default","ast-global-header-display":"","ast-banner-title-visibility":"","ast-main-header-display":"","ast-hfb-above-header-display":"","ast-hfb-below-header-display":"","ast-hfb-mobile-header-display":"","site-post-title":"disabled","ast-breadcrumbs-content":"","ast-featured-img":"disabled","footer-sml-layout":"","ast-disable-related-posts":"","theme-transparent-header-meta":"disabled","adv-header-id-meta":"","stick-header-meta":"","header-above-stick-meta":"","header-main-stick-meta":"","header-below-stick-meta":"","astra-migrate-meta-layouts":"default","ast-page-background-enabled":"default","ast-page-background-meta":{"desktop":{"background-color":"","background-image":"","background-repeat":"repeat","background-position":"center center","background-size":"auto","background-attachment":"scroll","background-type":"","background-media":"","overlay-type":"","overlay-color":"","overlay-opacity":"","overlay-gradient":""},"tablet":{"background-color":"","background-image":"","background-repeat":"repeat","background-position":"center center","background-size":"auto","background-attachment":"scroll","background-type":"","background-media":"","overlay-type":"","overlay-color":"","overlay-opacity":"","overlay-gradient":""},"mobile":{"background-color":"","background-image":"","background-repeat":"repeat","background-position":"center center","background-size":"auto","background-attachment":"scroll","background-type":"","background-media":"","overlay-type":"","overlay-color":"","overlay-opacity":"","overlay-gradient":""}},"ast-content-background-meta":{"desktop":{"background-color":"var(--ast-global-color-5)","background-image":"","background-repeat":"repeat","background-position":"center center","background-size":"auto","background-attachment":"scroll","background-type":"","background-media":"","overlay-type":"","overlay-color":"","overlay-opacity":"","overlay-gradient":""},"tablet":{"background-color":"var(--ast-global-color-5)","background-image":"","background-repeat":"repeat","background-position":"center center","background-size":"auto","background-attachment":"scroll","background-type":"","background-media":"","overlay-type":"","overlay-color":"","overlay-opacity":"","overlay-gradient":""},"mobile":{"background-color":"var(--ast-global-color-5)","background-image":"","background-repeat":"repeat","background-position":"center center","background-size":"auto","background-attachment":"scroll","background-type":"","background-media":"","overlay-type":"","overlay-color":"","overlay-opacity":"","overlay-gradient":""}},"footnotes":""},"class_list":["post-1381","page","type-page","status-publish","hentry"],"uagb_featured_image_src":{"full":false,"thumbnail":false,"medium":false,"medium_large":false,"large":false,"1536x1536":false,"2048x2048":false},"uagb_author_info":{"display_name":"TVMSE \/\/ RN","author_link":"https:\/\/1000seen.de\/ansommern\/author\/r-neidel\/"},"uagb_comment_info":0,"uagb_excerpt":"Direkt am S\u00fcdostufer der M\u00fcritz befindet sich die Gemeinde Rechlin. Ein Kurzurlaub in Rechlin bedeutet unber\u00fchrte Natur, umgeben von Wasser, Wald und Wiesen. Ruhe und Entspannung pur, aber auch mit allen M\u00f6glichkeiten zu aktiver Bet\u00e4tigung: ob Radeln, Wandern, Paddeln oder Bootstouren mit dem eigenen Charterboot &#8211; Rechlin ist idealer Ausgangspunkt f\u00fcr spannende Vielfalt. Anreise mit&hellip;","_links":{"self":[{"href":"https:\/\/1000seen.de\/ansommern\/wp-json\/wp\/v2\/pages\/1381","targetHints":{"allow":["GET"]}}],"collection":[{"href":"https:\/\/1000seen.de\/ansommern\/wp-json\/wp\/v2\/pages"}],"about":[{"href":"https:\/\/1000seen.de\/ansommern\/wp-json\/wp\/v2\/types\/page"}],"author":[{"embeddable":true,"href":"https:\/\/1000seen.de\/ansommern\/wp-json\/wp\/v2\/users\/1"}],"replies":[{"embeddable":true,"href":"https:\/\/1000seen.de\/ansommern\/wp-json\/wp\/v2\/comments?post=1381"}],"version-history":[{"count":0,"href":"https:\/\/1000seen.de\/ansommern\/wp-json\/wp\/v2\/pages\/1381\/revisions"}],"wp:attachment":[{"href":"https:\/\/1000seen.de\/ansommern\/wp-json\/wp\/v2\/media?parent=1381"}],"curies":[{"name":"wp","href":"https:\/\/api.w.org\/{rel}","templated":true}]}}