{"id":1222,"date":"2022-06-01T08:00:04","date_gmt":"2022-06-01T06:00:04","guid":{"rendered":"https:\/\/ansommern.de\/?page_id=1222"},"modified":"2023-03-27T14:32:34","modified_gmt":"2023-03-27T12:32:34","slug":"ausflugstipps","status":"publish","type":"page","link":"https:\/\/1000seen.de\/ansommern\/ausflugstipps\/","title":{"rendered":"Ausflugstipps (Bahn &#038; Bus)"},"content":{"rendered":"\n<div class=\"wp-block-cover alignfull is-light cover-first\" style=\"min-height:380px;aspect-ratio:unset;\"><span aria-hidden=\"true\" class=\"wp-block-cover__background has-background-dim-40 has-background-dim wp-block-cover__gradient-background has-background-gradient\" style=\"background:linear-gradient(135deg,rgb(0,154,206) 0%,rgb(0,120,161) 100%)\"><\/span><img loading=\"lazy\" decoding=\"async\" width=\"1920\" height=\"1280\" class=\"wp-block-cover__image-background wp-image-1563\" alt=\"\" src=\"https:\/\/ansommern.de\/wp-content\/uploads\/sites\/4\/2022\/06\/ansommern-ausflugstipps.jpg\" style=\"object-position:50% 48%\" data-object-fit=\"cover\" data-object-position=\"50% 48%\" srcset=\"https:\/\/1000seen.de\/ansommern\/wp-content\/uploads\/sites\/4\/2022\/06\/ansommern-ausflugstipps.jpg 1920w, https:\/\/1000seen.de\/ansommern\/wp-content\/uploads\/sites\/4\/2022\/06\/ansommern-ausflugstipps-300x200.jpg 300w, https:\/\/1000seen.de\/ansommern\/wp-content\/uploads\/sites\/4\/2022\/06\/ansommern-ausflugstipps-1024x683.jpg 1024w, https:\/\/1000seen.de\/ansommern\/wp-content\/uploads\/sites\/4\/2022\/06\/ansommern-ausflugstipps-768x512.jpg 768w, https:\/\/1000seen.de\/ansommern\/wp-content\/uploads\/sites\/4\/2022\/06\/ansommern-ausflugstipps-1536x1024.jpg 1536w\" sizes=\"auto, (max-width: 1920px) 100vw, 1920px\" \/><div class=\"wp-block-cover__inner-container is-layout-flow wp-block-cover-is-layout-flow\">\n<h1 class=\"has-text-align-center has-white-color has-text-color wp-block-heading\"><strong><em>Ausflugstipps<\/em><\/strong><\/h1>\n\n\n\n<h2 class=\"has-text-align-center has-white-color has-text-color has-medium-font-size wp-block-heading\" style=\"font-style:normal;font-weight:100;text-transform:uppercase\">Ansommern\u200b<br>Mecklenburgische Seenplatte<\/h2>\n<\/div><\/div>\n\n\n\n<div class=\"inherit-container-width wp-block-group alignfull is-layout-constrained wp-block-group-is-layout-constrained\"><div class=\"wp-block-group__inner-container\">\n<h2 class=\"has-text-align-center wp-block-heading\">Auf Entdeckungstour mit Bahn und Bus<\/h2>\n\n\n\n<p><strong>Ohne Auto mobil<\/strong> sein und per Bahn und Bus einen <strong>Tagesausflug in der Seenplatte<\/strong> unternehmen. Dort gibt es viel zu erleben: die Schlossinsel in <strong>Mirow<\/strong>, die historischen Innenst\u00e4dte in <strong>Neustrelitz<\/strong> und in <strong>Neubrandenburg<\/strong> oder die H\u00e4fen in <strong>Waren (M\u00fcritz)<\/strong> und in <strong>Rechlin<\/strong>. F\u00fcr Wanderungen sind der M\u00fcritz-Nationalpark und die <strong>Feldberger Seenlandschaft<\/strong> beliebt. Mit der S\u00fcdbahn sind der <strong>Plauer und Malchower See<\/strong> gut erreichbar.<\/p>\n\n\n\n<hr class=\"wp-block-separator has-text-color has-css-opacity has-background aligncenter\" style=\"background-color:#007bc2;color:#007bc2\"\/>\n\n\n\n<div class=\"wp-block-columns is-layout-flex wp-container-core-columns-is-layout-c6bc58be wp-block-columns-is-layout-flex\" style=\"padding-top:0px;padding-right:0px;padding-bottom:0px;padding-left:0px\">\n<div class=\"wp-block-column is-layout-flow wp-block-column-is-layout-flow\">\n<figure class=\"wp-block-image aligncenter size-full\"><a href=\"https:\/\/ansommern.de\/ausflugstipps-neustrelitz\/\"><img loading=\"lazy\" decoding=\"async\" width=\"1920\" height=\"1280\" src=\"https:\/\/ansommern.de\/wp-content\/uploads\/sites\/4\/2022\/06\/ansommern-neustrelitz-schlossgarten.jpg\" alt=\"\" class=\"wp-image-1292\" srcset=\"https:\/\/1000seen.de\/ansommern\/wp-content\/uploads\/sites\/4\/2022\/06\/ansommern-neustrelitz-schlossgarten.jpg 1920w, https:\/\/1000seen.de\/ansommern\/wp-content\/uploads\/sites\/4\/2022\/06\/ansommern-neustrelitz-schlossgarten-300x200.jpg 300w, https:\/\/1000seen.de\/ansommern\/wp-content\/uploads\/sites\/4\/2022\/06\/ansommern-neustrelitz-schlossgarten-1024x683.jpg 1024w, https:\/\/1000seen.de\/ansommern\/wp-content\/uploads\/sites\/4\/2022\/06\/ansommern-neustrelitz-schlossgarten-768x512.jpg 768w, https:\/\/1000seen.de\/ansommern\/wp-content\/uploads\/sites\/4\/2022\/06\/ansommern-neustrelitz-schlossgarten-1536x1024.jpg 1536w\" sizes=\"auto, (max-width: 1920px) 100vw, 1920px\" \/><\/a><figcaption class=\"wp-element-caption\"><a href=\"https:\/\/1000seen.de\/ansommern\/ausflugstipps-neustrelitz\/\">Ausflusgtipps in Neustrelitz<\/a><\/figcaption><\/figure>\n<\/div>\n\n\n\n<div class=\"wp-block-column is-layout-flow wp-block-column-is-layout-flow\">\n<figure class=\"wp-block-image aligncenter size-full\"><a href=\"https:\/\/ansommern.de\/ausflugstipps-neubrandenburg\/\"><img loading=\"lazy\" decoding=\"async\" width=\"1920\" height=\"1279\" src=\"https:\/\/ansommern.de\/wp-content\/uploads\/sites\/4\/2022\/06\/ansommern-neubrandenburg.jpg\" alt=\"\" class=\"wp-image-1508\" srcset=\"https:\/\/1000seen.de\/ansommern\/wp-content\/uploads\/sites\/4\/2022\/06\/ansommern-neubrandenburg.jpg 1920w, https:\/\/1000seen.de\/ansommern\/wp-content\/uploads\/sites\/4\/2022\/06\/ansommern-neubrandenburg-300x200.jpg 300w, https:\/\/1000seen.de\/ansommern\/wp-content\/uploads\/sites\/4\/2022\/06\/ansommern-neubrandenburg-1024x682.jpg 1024w, https:\/\/1000seen.de\/ansommern\/wp-content\/uploads\/sites\/4\/2022\/06\/ansommern-neubrandenburg-768x512.jpg 768w, https:\/\/1000seen.de\/ansommern\/wp-content\/uploads\/sites\/4\/2022\/06\/ansommern-neubrandenburg-1536x1023.jpg 1536w\" sizes=\"auto, (max-width: 1920px) 100vw, 1920px\" \/><\/a><figcaption class=\"wp-element-caption\"><a href=\"https:\/\/1000seen.de\/ansommern\/ausflugstipps-neubrandenburg\/\">Ausflugstipps in Neubrandenburg<\/a><\/figcaption><\/figure>\n<\/div>\n\n\n\n<div class=\"wp-block-column is-layout-flow wp-block-column-is-layout-flow\">\n<figure class=\"wp-block-image aligncenter size-full\"><a href=\"https:\/\/ansommern.de\/ausflugstipps-waren-mueritz\/\"><img loading=\"lazy\" decoding=\"async\" width=\"1920\" height=\"1281\" src=\"https:\/\/ansommern.de\/wp-content\/uploads\/sites\/4\/2022\/06\/ansommern-waren-mueritz.jpg\" alt=\"\" class=\"wp-image-1533\" srcset=\"https:\/\/1000seen.de\/ansommern\/wp-content\/uploads\/sites\/4\/2022\/06\/ansommern-waren-mueritz.jpg 1920w, https:\/\/1000seen.de\/ansommern\/wp-content\/uploads\/sites\/4\/2022\/06\/ansommern-waren-mueritz-300x200.jpg 300w, https:\/\/1000seen.de\/ansommern\/wp-content\/uploads\/sites\/4\/2022\/06\/ansommern-waren-mueritz-1024x683.jpg 1024w, https:\/\/1000seen.de\/ansommern\/wp-content\/uploads\/sites\/4\/2022\/06\/ansommern-waren-mueritz-768x512.jpg 768w, https:\/\/1000seen.de\/ansommern\/wp-content\/uploads\/sites\/4\/2022\/06\/ansommern-waren-mueritz-1536x1025.jpg 1536w\" sizes=\"auto, (max-width: 1920px) 100vw, 1920px\" \/><\/a><figcaption class=\"wp-element-caption\"><a href=\"https:\/\/1000seen.de\/ansommern\/ausflugstipps-waren-mueritz\/\">Ausflugstipps in Waren (M\u00fcritz)<\/a><\/figcaption><\/figure>\n<\/div>\n<\/div>\n\n\n\n<div class=\"wp-block-columns is-layout-flex wp-container-core-columns-is-layout-c6bc58be wp-block-columns-is-layout-flex\" style=\"padding-top:0px;padding-right:0px;padding-bottom:0px;padding-left:0px\">\n<div class=\"wp-block-column is-layout-flow wp-block-column-is-layout-flow\">\n<figure class=\"wp-block-image aligncenter size-full\"><a href=\"https:\/\/ansommern.de\/ausflugstipps-mirow-wesenberg\/\"><img loading=\"lazy\" decoding=\"async\" width=\"1024\" height=\"683\" src=\"https:\/\/ansommern.de\/wp-content\/uploads\/sites\/4\/2022\/06\/ansommern-mirow-schlossinsel.jpg\" alt=\"\" class=\"wp-image-1556\" srcset=\"https:\/\/1000seen.de\/ansommern\/wp-content\/uploads\/sites\/4\/2022\/06\/ansommern-mirow-schlossinsel.jpg 1024w, https:\/\/1000seen.de\/ansommern\/wp-content\/uploads\/sites\/4\/2022\/06\/ansommern-mirow-schlossinsel-300x200.jpg 300w, https:\/\/1000seen.de\/ansommern\/wp-content\/uploads\/sites\/4\/2022\/06\/ansommern-mirow-schlossinsel-768x512.jpg 768w\" sizes=\"auto, (max-width: 1024px) 100vw, 1024px\" \/><\/a><figcaption class=\"wp-element-caption\"><a href=\"https:\/\/1000seen.de\/ansommern\/ausflugstipps-mirow-wesenberg\/\">Ausflugstipps in Mirow und Wesenberg<\/a><\/figcaption><\/figure>\n<\/div>\n\n\n\n<div class=\"wp-block-column is-layout-flow wp-block-column-is-layout-flow\">\n<figure class=\"wp-block-image aligncenter size-full\"><a href=\"https:\/\/ansommern.de\/ausflugstipps-rechlin\/\"><img loading=\"lazy\" decoding=\"async\" width=\"830\" height=\"553\" src=\"https:\/\/ansommern.de\/wp-content\/uploads\/sites\/4\/2022\/06\/rechlin-ausflugstipp-luftfahrttechnisches-museum.jpg\" alt=\"\" class=\"wp-image-1385\" srcset=\"https:\/\/1000seen.de\/ansommern\/wp-content\/uploads\/sites\/4\/2022\/06\/rechlin-ausflugstipp-luftfahrttechnisches-museum.jpg 830w, https:\/\/1000seen.de\/ansommern\/wp-content\/uploads\/sites\/4\/2022\/06\/rechlin-ausflugstipp-luftfahrttechnisches-museum-300x200.jpg 300w, https:\/\/1000seen.de\/ansommern\/wp-content\/uploads\/sites\/4\/2022\/06\/rechlin-ausflugstipp-luftfahrttechnisches-museum-768x512.jpg 768w\" sizes=\"auto, (max-width: 830px) 100vw, 830px\" \/><\/a><figcaption class=\"wp-element-caption\"><a href=\"https:\/\/1000seen.de\/ansommern\/ausflugstipps-rechlin\/\">Ausflugstipps in Rechlin<\/a><\/figcaption><\/figure>\n<\/div>\n\n\n\n<div class=\"wp-block-column is-layout-flow wp-block-column-is-layout-flow\">\n<figure class=\"wp-block-image aligncenter size-full is-style-default\"><a href=\"https:\/\/ansommern.de\/ausflugstipps-feldberg\/\"><img loading=\"lazy\" decoding=\"async\" width=\"1920\" height=\"1280\" src=\"https:\/\/ansommern.de\/wp-content\/uploads\/sites\/4\/2022\/06\/ansommern-feldberg.jpg\" alt=\"\" class=\"wp-image-1541\" srcset=\"https:\/\/1000seen.de\/ansommern\/wp-content\/uploads\/sites\/4\/2022\/06\/ansommern-feldberg.jpg 1920w, https:\/\/1000seen.de\/ansommern\/wp-content\/uploads\/sites\/4\/2022\/06\/ansommern-feldberg-300x200.jpg 300w, https:\/\/1000seen.de\/ansommern\/wp-content\/uploads\/sites\/4\/2022\/06\/ansommern-feldberg-1024x683.jpg 1024w, https:\/\/1000seen.de\/ansommern\/wp-content\/uploads\/sites\/4\/2022\/06\/ansommern-feldberg-768x512.jpg 768w, https:\/\/1000seen.de\/ansommern\/wp-content\/uploads\/sites\/4\/2022\/06\/ansommern-feldberg-1536x1024.jpg 1536w\" sizes=\"auto, (max-width: 1920px) 100vw, 1920px\" \/><\/a><figcaption class=\"wp-element-caption\"><a href=\"https:\/\/1000seen.de\/ansommern\/ausflugstipps-feldberg\/\">Ausflugstipps in der Feldberger Seenlandschaft<\/a><\/figcaption><\/figure>\n<\/div>\n<\/div>\n\n\n\n<div class=\"wp-block-columns is-layout-flex wp-container-core-columns-is-layout-c6bc58be wp-block-columns-is-layout-flex\" style=\"padding-top:0px;padding-right:0px;padding-bottom:0px;padding-left:0px\">\n<div class=\"wp-block-column is-layout-flow wp-block-column-is-layout-flow\">\n<figure class=\"wp-block-image aligncenter size-full\"><a href=\"https:\/\/ansommern.de\/ausflugstipps-plau-malchow\/\"><img loading=\"lazy\" decoding=\"async\" width=\"1024\" height=\"683\" src=\"https:\/\/ansommern.de\/wp-content\/uploads\/sites\/4\/2022\/06\/ansommern-malchow-inselstadt.jpg\" alt=\"\" class=\"wp-image-1731\" srcset=\"https:\/\/1000seen.de\/ansommern\/wp-content\/uploads\/sites\/4\/2022\/06\/ansommern-malchow-inselstadt.jpg 1024w, https:\/\/1000seen.de\/ansommern\/wp-content\/uploads\/sites\/4\/2022\/06\/ansommern-malchow-inselstadt-300x200.jpg 300w, https:\/\/1000seen.de\/ansommern\/wp-content\/uploads\/sites\/4\/2022\/06\/ansommern-malchow-inselstadt-768x512.jpg 768w\" sizes=\"auto, (max-width: 1024px) 100vw, 1024px\" \/><\/a><figcaption class=\"wp-element-caption\"><a href=\"https:\/\/1000seen.de\/ansommern\/ausflugstipps-plau-malchow\/\">Ausflugstipps in Plau am See und Malchow<\/a><\/figcaption><\/figure>\n<\/div>\n\n\n\n<div class=\"wp-block-column is-layout-flow wp-block-column-is-layout-flow\"><\/div>\n\n\n\n<div class=\"wp-block-column is-layout-flow wp-block-column-is-layout-flow\"><\/div>\n<\/div>\n\n\n\n<div class=\"wp-block-buttons is-layout-flex wp-block-buttons-is-layout-flex\">\n<div class=\"wp-block-button aligncenter\"><a class=\"wp-block-button__link wp-element-button\" href=\"https:\/\/1000seen.de\/ansommern\/\">Zur \u00dcbersicht &#8222;Ansommern&#8220;<\/a><\/div>\n<\/div>\n<\/div><\/div>\n\n\n\n<div class=\"wp-block-cover alignfull is-light has-parallax\" style=\"min-height:595px;aspect-ratio:unset;\" id=\"newsletter\"><span aria-hidden=\"true\" class=\"wp-block-cover__background has-background-dim-40 has-background-dim\" style=\"background-color:#007bc2\"><\/span><div class=\"wp-block-cover__image-background wp-image-633 has-parallax\" style=\"background-position:50% 50%;background-image:url(https:\/\/1000seen.de\/ansommern\/wp-content\/uploads\/sites\/4\/2022\/03\/keyvisual-mecklenburgische-seenplatte.jpg)\"><\/div><div class=\"wp-block-cover__inner-container is-layout-flow wp-block-cover-is-layout-flow\">\n<h2 class=\"wp-block-heading has-text-align-center has-white-color has-text-color\">Anmeldung zum Newsletter<\/h2>\n\n\n\n<p class=\"has-text-align-center has-ast-global-color-5-color has-text-color\">Ab sofort <strong>exklusive Urlaubsangebote<\/strong>, Veranstaltungs- und Ausflugstipps <strong>per E-Mail<\/strong> erhalten!<\/p>\n\n\n\n<!--Zoho Campaigns Web-Optin Form's Header Code Starts Here-->\n\n<script type=\"text\/javascript\" src=\"https:\/\/lghp-zcmp.maillist-manage.eu\/js\/optin.min.js\" onload=\"setupSF('sf3z908c2bf48030dd1d21202cf6b098d72c9bed2e64c5ab5a54028080e1a390b557','ZCFORMVIEW',false,'acc',false,'2')\"><\/script>\n<script type=\"text\/javascript\">\n\tfunction runOnFormSubmit_sf3z908c2bf48030dd1d21202cf6b098d72c9bed2e64c5ab5a54028080e1a390b557(th){\n\t\t\/*Before submit, if you want to trigger your event, \"include your code here\"*\/\n\t};\n<\/script>\n\n<style>.quick_form_8_css * { -webkit-box-sizing: border-box !important; -moz-box-sizing: border-box !important; box-sizing: border-box !important; overflow-wrap: break-word }input[type=\"text\"]::placeholder { color: rgb(165, 165, 165) }@media only screen and (max-width: 600px) {.quick_form_8_css[name=\"SIGNUP_BODY\"] { width: 100% !important; min-width: 100% !important; margin: 0px auto !important; padding: 0px !important } .SIGNUP_FLD { width: 90% !important; margin: 10px 5% !important; padding: 0px !important } .SIGNUP_FLD input { margin: 0 !important; border-radius: 25px !important } }<\/style>\n\n<!--Zoho Campaigns Web-Optin Form's Header Code Ends Here--><!--Zoho Campaigns Web-Optin Form Starts Here-->\n\n<div id=\"sf3z908c2bf48030dd1d21202cf6b098d72c9bed2e64c5ab5a54028080e1a390b557\" data-type=\"signupform\" style=\"opacity: 1;\">\n\t<div id=\"customForm\">\n\t\t<div class=\"quick_form_8_css\" name=\"SIGNUP_BODY\">\n\t\t\t<div>\n\t\t\t\t<div style=\"position:relative;\">\n\t\t\t\t\t<div id=\"Zc_SignupSuccess\" style=\"display:none;position:absolute;margin-left:4%;width:90%;background-color: white; padding: 3px; border: 3px solid rgb(194, 225, 154);  margin-top: 10px;margin-bottom:10px;word-break:break-all\">\n\t\t\t\t\t\t<table width=\"100%\" cellpadding=\"0\" cellspacing=\"0\" border=\"0\">\n\t\t\t\t\t\t\t<tbody>\n\t\t\t\t\t\t\t\t<tr>\n\t\t\t\t\t\t\t\t\t<td width=\"10%\">\n\t\t\t\t\t\t\t\t\t\t<img decoding=\"async\" class=\"successicon\" src=\"https:\/\/lghp-zcmp.maillist-manage.eu\/images\/challangeiconenable.jpg\" align=\"absmiddle\">\n\t\t\t\t\t\t\t\t\t<\/td>\n\t\t\t\t\t\t\t\t\t<td>\n\t\t\t\t\t\t\t\t\t\t<span id=\"signupSuccessMsg\" style=\"color: rgb(73, 140, 132); font-family: sans-serif; font-size: 14px;word-break:break-word\">&nbsp;&nbsp;Vielen Dank f\u00fcr Ihre Anmeldung<\/span>\n\t\t\t\t\t\t\t\t\t<\/td>\n\t\t\t\t\t\t\t\t<\/tr>\n\t\t\t\t\t\t\t<\/tbody>\n\t\t\t\t\t\t<\/table>\n\t\t\t\t\t<\/div>\n\t\t\t\t<\/div>\n\t\t\t\t<form method=\"POST\" id=\"zcampaignOptinForm\" style=\"margin: 0px; width: 100%\" action=\"https:\/\/lghp-zcmp.maillist-manage.eu\/weboptin.zc\" target=\"_zcSignup\">\n\t\t\t\t\t<div style=\"background-color: rgb(245, 168, 196); padding: 10px; color: rgb(166, 54, 89); font-size: 11px; margin: 10px 0px; border: 1px solid rgb(166, 54, 89); opacity: 1; display: none\" id=\"errorMsgDiv\">Bitte geben Sie eine g\u00fcltige E-Mail-Adresse an!<\/div>\n\t\t\t\t\t\n\t\t\t\t\t<div class=\"wp-block-columns\">\n\t\t\t\t\t\t<div class=\"wp-block-column\" style=\"flex-basis:70%; padding: 0 5px;\" class=\"SIGNUP_FLD\">\n\t\t\t\t\t\t\t<input type=\"text\" value=\"\" type=\"text\" placeholder=\"Ihre E-Mail-Adresse*\" style=\"width: 100%;\" changeitem=\"SIGNUP_FORM_FIELD\" name=\"CONTACT_EMAIL\" id=\"EMBED_FORM_EMAIL_LABEL\">\n\t\t\t\t\t\t<\/div>\n\t\t\t\t\t\t<div class=\"wp-block-column\" style=\"flex-basis:30%; padding: 0 5px;\" class=\"SIGNUP_FLD\">\n\t\t\t\t\t\t\t<button type=\"submit\" class=\"cr_button\" style=\"width: 100%; border: 1px solid #fff;\" name=\"SIGNUP_SUBMIT_BUTTON\" id=\"zcWebOptin\">Anmelden<\/button>\n\t\t\t\t\t\t<\/div>\n\t\t\t\t\t<\/div>\n\t\t\t\t\t<input type=\"hidden\" id=\"fieldBorder\" value=\"\">\n\t\t\t\t\t<input type=\"hidden\" id=\"submitType\" name=\"submitType\" value=\"optinCustomView\">\n\t\t\t\t\t<input type=\"hidden\" id=\"emailReportId\" name=\"emailReportId\" value=\"\">\n\t\t\t\t\t<input type=\"hidden\" id=\"formType\" name=\"formType\" value=\"QuickForm\">\n\t\t\t\t\t<input type=\"hidden\" name=\"zx\" id=\"cmpZuid\" value=\"14ae1e7971\">\n\t\t\t\t\t<input type=\"hidden\" name=\"zcvers\" value=\"2.0\">\n\t\t\t\t\t<input type=\"hidden\" name=\"oldListIds\" id=\"allCheckedListIds\" value=\"\">\n\t\t\t\t\t<input type=\"hidden\" id=\"mode\" name=\"mode\" value=\"OptinCreateView\">\n\t\t\t\t\t<input type=\"hidden\" id=\"zcld\" name=\"zcld\" value=\"1303fd8f8b1d754b\">\n\t\t\t\t\t<input type=\"hidden\" id=\"zctd\" name=\"zctd\" value=\"\">\n\t\t\t\t\t<input type=\"hidden\" id=\"document_domain\" value=\"\">\n\t\t\t\t\t<input type=\"hidden\" id=\"zc_Url\" value=\"lghp-zcmp.maillist-manage.eu\">\n\t\t\t\t\t<input type=\"hidden\" id=\"new_optin_response_in\" value=\"0\">\n\t\t\t\t\t<input type=\"hidden\" id=\"duplicate_optin_response_in\" value=\"0\">\n\t\t\t\t\t<input type=\"hidden\" name=\"zc_trackCode\" id=\"zc_trackCode\" value=\"ZCFORMVIEW\">\n\t\t\t\t\t<input type=\"hidden\" id=\"zc_formIx\" name=\"zc_formIx\" value=\"3z908c2bf48030dd1d21202cf6b098d72c9bed2e64c5ab5a54028080e1a390b557\">\n\t\t\t\t\t<input type=\"hidden\" id=\"viewFrom\" value=\"URL_ACTION\">\n\t\t\t\t\t<span style=\"display: none\" id=\"dt_CONTACT_EMAIL\">1,true,6,Kontakt-E-Mail,2<\/span>\n\t\t\t\t<\/form>\n\t\t\t<\/div>\n\t\t<\/div>\n\t<\/div>\n\t<img decoding=\"async\" src=\"https:\/\/lghp-zcmp.maillist-manage.eu\/images\/spacer.gif\" id=\"refImage\" onload=\"referenceSetter(this)\" style=\"display:none;\">\n<\/div>\n<input type=\"hidden\" id=\"signupFormType\" value=\"QuickForm_Horizontal\">\n<div id=\"zcOptinOverLay\" oncontextmenu=\"return false\" style=\"display:none;text-align: center; background-color: rgb(0, 0, 0); opacity: 0.5; z-index: 100; position: fixed; width: 100%; top: 0px; left: 0px; height: 988px;\"><\/div>\n<div id=\"zcOptinSuccessPopup\" style=\"display:none;z-index: 9999;width: 800px; height: 40%;top: 84px;position: fixed; left: 26%;background-color: #FFFFFF;border-color: #E6E6E6; border-style: solid; border-width: 1px;  box-shadow: 0 1px 10px #424242;padding: 35px;\">\n\t<span style=\"position: absolute;top: -16px;right:-14px;z-index:99999;cursor: pointer;\" id=\"closeSuccess\">\n\t\t<img decoding=\"async\" src=\"https:\/\/lghp-zcmp.maillist-manage.eu\/images\/videoclose.png\">\n\t<\/span>\n\t<div id=\"zcOptinSuccessPanel\"><\/div>\n<\/div>\n\n<!--Zoho Campaigns Web-Optin Form Ends Here-->\n\n\n\n<div class=\"wp-block-buttons is-horizontal is-content-justification-center is-layout-flex wp-container-core-buttons-is-layout-03627597 wp-block-buttons-is-layout-flex\"><\/div>\n\n\n\n<p class=\"has-text-align-center has-white-color has-text-color\" style=\"font-size:12px\">Der Newsletter der Mecklenburgischen Seenplatte ist kostenlos. <br>Selbstverst\u00e4ndlich k\u00f6nnen Sie den Newsletter jederzeit bequem abbestellen, was zur L\u00f6schung Ihrer Daten f\u00fchrt. <br>Am Ende eines jeden Newsletters finden Sie einen entsprechenden Abmeldelink.<\/p>\n<\/div><\/div>\n\n\n\n<p><\/p>\n","protected":false},"excerpt":{"rendered":"<p>Auf Entdeckungstour mit Bahn und Bus Ohne Auto mobil sein und per Bahn und Bus einen Tagesausflug in der Seenplatte unternehmen. Dort gibt es viel zu erleben: die Schlossinsel in Mirow, die historischen Innenst\u00e4dte in Neustrelitz und in Neubrandenburg oder die H\u00e4fen in Waren (M\u00fcritz) und in Rechlin. F\u00fcr Wanderungen sind der M\u00fcritz-Nationalpark und die [&hellip;]<\/p>\n","protected":false},"author":1,"featured_media":0,"parent":0,"menu_order":0,"comment_status":"closed","ping_status":"closed","template":"","meta":{"_uag_custom_page_level_css":"","site-sidebar-layout":"no-sidebar","site-content-layout":"plain-container","ast-site-content-layout":"default","site-content-style":"default","site-sidebar-style":"default","ast-global-header-display":"","ast-banner-title-visibility":"","ast-main-header-display":"","ast-hfb-above-header-display":"","ast-hfb-below-header-display":"","ast-hfb-mobile-header-display":"","site-post-title":"disabled","ast-breadcrumbs-content":"","ast-featured-img":"disabled","footer-sml-layout":"","ast-disable-related-posts":"","theme-transparent-header-meta":"disabled","adv-header-id-meta":"","stick-header-meta":"","header-above-stick-meta":"","header-main-stick-meta":"","header-below-stick-meta":"","astra-migrate-meta-layouts":"default","ast-page-background-enabled":"default","ast-page-background-meta":{"desktop":{"background-color":"","background-image":"","background-repeat":"repeat","background-position":"center center","background-size":"auto","background-attachment":"scroll","background-type":"","background-media":"","overlay-type":"","overlay-color":"","overlay-opacity":"","overlay-gradient":""},"tablet":{"background-color":"","background-image":"","background-repeat":"repeat","background-position":"center center","background-size":"auto","background-attachment":"scroll","background-type":"","background-media":"","overlay-type":"","overlay-color":"","overlay-opacity":"","overlay-gradient":""},"mobile":{"background-color":"","background-image":"","background-repeat":"repeat","background-position":"center center","background-size":"auto","background-attachment":"scroll","background-type":"","background-media":"","overlay-type":"","overlay-color":"","overlay-opacity":"","overlay-gradient":""}},"ast-content-background-meta":{"desktop":{"background-color":"var(--ast-global-color-5)","background-image":"","background-repeat":"repeat","background-position":"center center","background-size":"auto","background-attachment":"scroll","background-type":"","background-media":"","overlay-type":"","overlay-color":"","overlay-opacity":"","overlay-gradient":""},"tablet":{"background-color":"var(--ast-global-color-5)","background-image":"","background-repeat":"repeat","background-position":"center center","background-size":"auto","background-attachment":"scroll","background-type":"","background-media":"","overlay-type":"","overlay-color":"","overlay-opacity":"","overlay-gradient":""},"mobile":{"background-color":"var(--ast-global-color-5)","background-image":"","background-repeat":"repeat","background-position":"center center","background-size":"auto","background-attachment":"scroll","background-type":"","background-media":"","overlay-type":"","overlay-color":"","overlay-opacity":"","overlay-gradient":""}},"footnotes":""},"class_list":["post-1222","page","type-page","status-publish","hentry"],"uagb_featured_image_src":{"full":false,"thumbnail":false,"medium":false,"medium_large":false,"large":false,"1536x1536":false,"2048x2048":false},"uagb_author_info":{"display_name":"TVMSE \/\/ RN","author_link":"https:\/\/1000seen.de\/ansommern\/author\/r-neidel\/"},"uagb_comment_info":0,"uagb_excerpt":"Auf Entdeckungstour mit Bahn und Bus Ohne Auto mobil sein und per Bahn und Bus einen Tagesausflug in der Seenplatte unternehmen. Dort gibt es viel zu erleben: die Schlossinsel in Mirow, die historischen Innenst\u00e4dte in Neustrelitz und in Neubrandenburg oder die H\u00e4fen in Waren (M\u00fcritz) und in Rechlin. F\u00fcr Wanderungen sind der M\u00fcritz-Nationalpark und die&hellip;","_links":{"self":[{"href":"https:\/\/1000seen.de\/ansommern\/wp-json\/wp\/v2\/pages\/1222","targetHints":{"allow":["GET"]}}],"collection":[{"href":"https:\/\/1000seen.de\/ansommern\/wp-json\/wp\/v2\/pages"}],"about":[{"href":"https:\/\/1000seen.de\/ansommern\/wp-json\/wp\/v2\/types\/page"}],"author":[{"embeddable":true,"href":"https:\/\/1000seen.de\/ansommern\/wp-json\/wp\/v2\/users\/1"}],"replies":[{"embeddable":true,"href":"https:\/\/1000seen.de\/ansommern\/wp-json\/wp\/v2\/comments?post=1222"}],"version-history":[{"count":0,"href":"https:\/\/1000seen.de\/ansommern\/wp-json\/wp\/v2\/pages\/1222\/revisions"}],"wp:attachment":[{"href":"https:\/\/1000seen.de\/ansommern\/wp-json\/wp\/v2\/media?parent=1222"}],"curies":[{"name":"wp","href":"https:\/\/api.w.org\/{rel}","templated":true}]}}